{"id":3817,"date":"2022-01-25T17:17:37","date_gmt":"2022-01-25T17:17:37","guid":{"rendered":"https:\/\/qod-scchiro.local\/?page_id=3817"},"modified":"2022-01-25T18:08:33","modified_gmt":"2022-01-25T18:08:33","slug":"pacientes-nuevos","status":"publish","type":"page","link":"https:\/\/wp-staging-a9mhabeca4.pairsite.com\/es\/pacientes-nuevos\/","title":{"rendered":"Pacientes Nuevos"},"content":{"rendered":"\t\t<div data-elementor-type=\"wp-page\" data-elementor-id=\"3817\" class=\"elementor elementor-3817 elementor-703\" data-elementor-post-type=\"page\">\n\t\t\t\t\t\t<section class=\"elementor-section elementor-top-section elementor-element elementor-element-9716cc9 elementor-section-boxed elementor-section-height-default elementor-section-height-default\" data-id=\"9716cc9\" data-element_type=\"section\">\n\t\t\t\t\t\t<div class=\"elementor-container elementor-column-gap-default\">\n\t\t\t\t\t<div class=\"elementor-column elementor-col-100 elementor-top-column elementor-element elementor-element-f3c6b00\" data-id=\"f3c6b00\" data-element_type=\"column\">\n\t\t\t<div class=\"elementor-widget-wrap elementor-element-populated\">\n\t\t\t\t\t\t<div class=\"elementor-element elementor-element-efddd11 elementor-widget elementor-widget-heading\" data-id=\"efddd11\" data-element_type=\"widget\" data-widget_type=\"heading.default\">\n\t\t\t\t<div class=\"elementor-widget-container\">\n\t\t\t<h2 class=\"elementor-heading-title elementor-size-default\">\u00a1Bienvenido al Nuevo Centro de Atenci\u00f3n de Specific Care Chiropractic!<\/h2>\t\t<\/div>\n\t\t\t\t<\/div>\n\t\t\t\t<div class=\"elementor-element elementor-element-9994d30 elementor-widget elementor-widget-text-editor\" data-id=\"9994d30\" data-element_type=\"widget\" data-widget_type=\"text-editor.default\">\n\t\t\t\t<div class=\"elementor-widget-container\">\n\t\t\t\t\t\t\t<p>Si nunca antes ha experimentado la atenci\u00f3n quiropr\u00e1ctica, es posible que no sepa qu\u00e9 esperar cuando venga a cualquiera de nuestras oficinas quiropr\u00e1cticas por primera vez. Completar el papeleo, conocer nuevas caras y familiarizarse con la oficina puede ser una experiencia abrumadora.<\/p><p>Es por eso que en Specific Care Chiropractic nuestro objetivo es eliminar cualquier estr\u00e9s o tensi\u00f3n innecesaria y hacer que se sienta c\u00f3modo durante su visita con nuestros m\u00e9dicos y equipo. Apreciar\u00e1 c\u00f3mo prestamos mucha atenci\u00f3n para asegurarnos de que se sienta como en familia.<\/p><p>En esta \u00e1rea del sitio web, podr\u00e1 encargarse de los art\u00edculos necesarios para su visita quiropr\u00e1ctica antes de llegar, en la comodidad de su hogar. Si tiene alguna pregunta en cualquier momento, no dude en comunicarse con nuestras oficinas de quiropr\u00e1ctica al 239-932-5314 hoy.<\/p>\t\t\t\t\t\t<\/div>\n\t\t\t\t<\/div>\n\t\t\t\t<div class=\"elementor-element elementor-element-c8f3c77 elementor-widget elementor-widget-heading\" data-id=\"c8f3c77\" data-element_type=\"widget\" data-widget_type=\"heading.default\">\n\t\t\t\t<div class=\"elementor-widget-container\">\n\t\t\t<h2 class=\"elementor-heading-title elementor-size-default\">\u00bfC\u00f3mo Podemos Ayudar?<\/h2>\t\t<\/div>\n\t\t\t\t<\/div>\n\t\t\t\t<div class=\"elementor-element elementor-element-85d63ba elementor-widget elementor-widget-text-editor\" data-id=\"85d63ba\" data-element_type=\"widget\" data-widget_type=\"text-editor.default\">\n\t\t\t\t<div class=\"elementor-widget-container\">\n\t\t\t\t\t\t\t<p>Las lesiones de los tejidos blandos despu\u00e9s de un accidente, como la distensi\u00f3n y el esguince de los ligamentos y los m\u00fasculos que rodean el cuello, la espalda y la columna vertebral, pueden afectar todo lo que hace. Incluso algunos de los accidentes automovil\u00edsticos m\u00e1s leves pueden causar problemas importantes para su salud. Cada vez que dos autos chocan, hay miles de libras de fuerza que ejercen presi\u00f3n sobre su cuerpo. Ese estr\u00e9s se ejerce en el cuello y la espalda.<\/p><p>El latigazo cervical tambi\u00e9n puede ocurrir cuando la cabeza y el cuello se mueven r\u00e1pidamente. Tambi\u00e9n causa irritaci\u00f3n y pinzamiento en la m\u00e9dula espinal. Como resultado, termina con mucho dolor y lesiones en los ligamentos, discos y tejidos blandos del cuello y la columna vertebral. Muchas veces, cuando tiene un latigazo cervical por un accidente automovil\u00edstico, experimentar\u00e1 dolores de cabeza, zumbidos en los o\u00eddos, mareos, p\u00e9rdida de audici\u00f3n y visi\u00f3n borrosa.<\/p><p>La atenci\u00f3n quiropr\u00e1ctica es lo que realmente puede marcar la diferencia entre curarse por completo y tener un dolor persistente por el resto de su vida. Demasiadas personas que est\u00e1n involucradas en un accidente automovil\u00edstico nunca se toman el tiempo para recibir atenci\u00f3n quiropr\u00e1ctica. Esta es la raz\u00f3n principal por la que m\u00e1s de la mitad de las v\u00edctimas de accidentes nunca se recuperan por completo de sus lesiones. Por lo general, terminan viviendo con analg\u00e9sicos y otros medicamentos para poder lidiar con el dolor y las lesiones por el resto de sus vidas.<\/p><p>Estamos aqu\u00ed para tratar los problemas centrales que tiene despu\u00e9s de este accidente para que pueda vivir su vida sinti\u00e9ndose bien de forma natural. Con su cooperaci\u00f3n y asistencia, estamos seguros de que terminar\u00e1 sinti\u00e9ndose incluso mejor que antes del accidente.<\/p><p>Los quiropr\u00e1cticos est\u00e1n capacitados para encontrar y corregir irritaciones en el sistema nervioso (subluxaci\u00f3n). Esperamos ver mejoras en los s\u00edntomas que tiene, junto con su bienestar general.<\/p><p>Todos los involucrados en un accidente automovil\u00edstico, as\u00ed como sus familias, pueden verse profundamente afectados por una lesi\u00f3n. En Specific Care Chiropractic, nuestra prioridad n\u00famero uno ser\u00e1 ayudarlo, paso a paso, en su viaje hacia la recuperaci\u00f3n de todo el dolor que est\u00e1 experimentando. Nuestros m\u00e9dicos y personal est\u00e1n dedicados a hacer de su esfuerzo quiropr\u00e1ctico una experiencia educativa y muy agradable.<\/p><p>Cuando hay irritaci\u00f3n en su sistema nervioso debido a la desalineaci\u00f3n debido a su accidente, los ajustes quiropr\u00e1cticos son la \u00daNICA forma de mejorar la funci\u00f3n de su cuerpo. Cuando su cuerpo est\u00e1 funcionando al 100%, el dolor cr\u00f3nico y la enfermedad desaparecen.<\/p><p>Los quiropr\u00e1cticos est\u00e1n capacitados para encontrar y corregir irritaciones en el sistema nervioso (subluxaci\u00f3n). Esperamos ver mejoras en los s\u00edntomas que tiene, junto con su bienestar general.<\/p><p>Si alguna vez tiene alg\u00fan comentario, pregunta o inquietud, no dude en hablar con cualquiera de nosotros.<\/p>\t\t\t\t\t\t<\/div>\n\t\t\t\t<\/div>\n\t\t\t\t<section class=\"elementor-section elementor-inner-section elementor-element elementor-element-ab8cbdc elementor-section-boxed elementor-section-height-default elementor-section-height-default\" data-id=\"ab8cbdc\" data-element_type=\"section\">\n\t\t\t\t\t\t<div class=\"elementor-container elementor-column-gap-default\">\n\t\t\t\t\t<div class=\"elementor-column elementor-col-50 elementor-inner-column elementor-element elementor-element-4a123ec\" data-id=\"4a123ec\" data-element_type=\"column\">\n\t\t\t<div class=\"elementor-widget-wrap elementor-element-populated\">\n\t\t\t\t\t\t<div class=\"elementor-element elementor-element-e63d0a0 elementor-align-center elementor-widget elementor-widget-button\" data-id=\"e63d0a0\" data-element_type=\"widget\" data-widget_type=\"button.default\">\n\t\t\t\t<div class=\"elementor-widget-container\">\n\t\t\t\t\t\t\t<div class=\"elementor-button-wrapper\">\n\t\t\t\t\t<a class=\"elementor-button elementor-button-link elementor-size-md\" href=\"https:\/\/wp-staging-a9mhabeca4.pairsite.com\/es\/que-esperar\/\">\n\t\t\t\t\t\t<span class=\"elementor-button-content-wrapper\">\n\t\t\t\t\t\t\t\t\t<span class=\"elementor-button-text\">Qu\u00e9 Esperar<\/span>\n\t\t\t\t\t<\/span>\n\t\t\t\t\t<\/a>\n\t\t\t\t<\/div>\n\t\t\t\t\t\t<\/div>\n\t\t\t\t<\/div>\n\t\t\t\t\t<\/div>\n\t\t<\/div>\n\t\t\t\t<div class=\"elementor-column elementor-col-50 elementor-inner-column elementor-element elementor-element-7b05afa\" data-id=\"7b05afa\" data-element_type=\"column\">\n\t\t\t<div class=\"elementor-widget-wrap elementor-element-populated\">\n\t\t\t\t\t\t<div class=\"elementor-element elementor-element-cabea2a elementor-align-center elementor-widget elementor-widget-button\" data-id=\"cabea2a\" data-element_type=\"widget\" data-widget_type=\"button.default\">\n\t\t\t\t<div class=\"elementor-widget-container\">\n\t\t\t\t\t\t\t<div class=\"elementor-button-wrapper\">\n\t\t\t\t\t<a class=\"elementor-button elementor-button-link elementor-size-md\" href=\"https:\/\/wp-staging-a9mhabeca4.pairsite.com\/es\/fases-de-la-rehabilitacion\/\">\n\t\t\t\t\t\t<span class=\"elementor-button-content-wrapper\">\n\t\t\t\t\t\t\t\t\t<span class=\"elementor-button-text\">Fases de la Rehabilitaci\u00f3n<\/span>\n\t\t\t\t\t<\/span>\n\t\t\t\t\t<\/a>\n\t\t\t\t<\/div>\n\t\t\t\t\t\t<\/div>\n\t\t\t\t<\/div>\n\t\t\t\t\t<\/div>\n\t\t<\/div>\n\t\t\t\t\t<\/div>\n\t\t<\/section>\n\t\t\t\t<section class=\"elementor-section elementor-inner-section elementor-element elementor-element-c264fee elementor-section-boxed elementor-section-height-default elementor-section-height-default\" data-id=\"c264fee\" data-element_type=\"section\">\n\t\t\t\t\t\t<div class=\"elementor-container elementor-column-gap-default\">\n\t\t\t\t\t<div class=\"elementor-column elementor-col-50 elementor-inner-column elementor-element elementor-element-0e58600\" data-id=\"0e58600\" data-element_type=\"column\">\n\t\t\t<div class=\"elementor-widget-wrap elementor-element-populated\">\n\t\t\t\t\t\t<div class=\"elementor-element elementor-element-d59c5a3 elementor-align-center elementor-widget elementor-widget-button\" data-id=\"d59c5a3\" data-element_type=\"widget\" data-widget_type=\"button.default\">\n\t\t\t\t<div class=\"elementor-widget-container\">\n\t\t\t\t\t\t\t<div class=\"elementor-button-wrapper\">\n\t\t\t\t\t<a class=\"elementor-button elementor-button-link elementor-size-md\" href=\"https:\/\/wp-staging-a9mhabeca4.pairsite.com\/es\/por-que-tendre-que-pagar\/\">\n\t\t\t\t\t\t<span class=\"elementor-button-content-wrapper\">\n\t\t\t\t\t\t\t\t\t<span class=\"elementor-button-text\">\u00bfQu\u00e9 tendr\u00e9 que Pagar?<\/span>\n\t\t\t\t\t<\/span>\n\t\t\t\t\t<\/a>\n\t\t\t\t<\/div>\n\t\t\t\t\t\t<\/div>\n\t\t\t\t<\/div>\n\t\t\t\t\t<\/div>\n\t\t<\/div>\n\t\t\t\t<div class=\"elementor-column elementor-col-50 elementor-inner-column elementor-element elementor-element-c3473c3\" data-id=\"c3473c3\" data-element_type=\"column\">\n\t\t\t<div class=\"elementor-widget-wrap elementor-element-populated\">\n\t\t\t\t\t\t<div class=\"elementor-element elementor-element-104a940 elementor-align-center elementor-widget elementor-widget-button\" data-id=\"104a940\" data-element_type=\"widget\" data-widget_type=\"button.default\">\n\t\t\t\t<div class=\"elementor-widget-container\">\n\t\t\t\t\t\t\t<div class=\"elementor-button-wrapper\">\n\t\t\t\t\t<a class=\"elementor-button elementor-button-link elementor-size-md\" href=\"https:\/\/wp-staging-a9mhabeca4.pairsite.com\/es\/opciones-de-pago\/\">\n\t\t\t\t\t\t<span class=\"elementor-button-content-wrapper\">\n\t\t\t\t\t\t\t\t\t<span class=\"elementor-button-text\">Opciones de Pago<\/span>\n\t\t\t\t\t<\/span>\n\t\t\t\t\t<\/a>\n\t\t\t\t<\/div>\n\t\t\t\t\t\t<\/div>\n\t\t\t\t<\/div>\n\t\t\t\t\t<\/div>\n\t\t<\/div>\n\t\t\t\t\t<\/div>\n\t\t<\/section>\n\t\t\t\t\t<\/div>\n\t\t<\/div>\n\t\t\t\t\t<\/div>\n\t\t<\/section>\n\t\t\t\t<\/div>\n\t\t","protected":false},"excerpt":{"rendered":"<p>\u00a1Bienvenido al Nuevo Centro de Atenci\u00f3n de Specific Care Chiropractic! Si nunca antes ha experimentado la atenci\u00f3n quiropr\u00e1ctica, es posible que no sepa qu\u00e9 esperar cuando venga a cualquiera de nuestras oficinas quiropr\u00e1cticas por primera vez. Completar el papeleo, conocer nuevas caras y familiarizarse con la oficina puede ser una experiencia abrumadora. Es por eso [&hellip;]<\/p>\n","protected":false},"author":36,"featured_media":0,"parent":0,"menu_order":0,"comment_status":"closed","ping_status":"closed","template":"","meta":{"_acf_changed":false,"footnotes":""},"categories":[],"tags":[],"class_list":["post-3817","page","type-page","status-publish","hentry"],"acf":[],"_links":{"self":[{"href":"https:\/\/wp-staging-a9mhabeca4.pairsite.com\/es\/wp-json\/wp\/v2\/pages\/3817","targetHints":{"allow":["GET"]}}],"collection":[{"href":"https:\/\/wp-staging-a9mhabeca4.pairsite.com\/es\/wp-json\/wp\/v2\/pages"}],"about":[{"href":"https:\/\/wp-staging-a9mhabeca4.pairsite.com\/es\/wp-json\/wp\/v2\/types\/page"}],"author":[{"embeddable":true,"href":"https:\/\/wp-staging-a9mhabeca4.pairsite.com\/es\/wp-json\/wp\/v2\/users\/36"}],"replies":[{"embeddable":true,"href":"https:\/\/wp-staging-a9mhabeca4.pairsite.com\/es\/wp-json\/wp\/v2\/comments?post=3817"}],"version-history":[{"count":0,"href":"https:\/\/wp-staging-a9mhabeca4.pairsite.com\/es\/wp-json\/wp\/v2\/pages\/3817\/revisions"}],"wp:attachment":[{"href":"https:\/\/wp-staging-a9mhabeca4.pairsite.com\/es\/wp-json\/wp\/v2\/media?parent=3817"}],"wp:term":[{"taxonomy":"category","embeddable":true,"href":"https:\/\/wp-staging-a9mhabeca4.pairsite.com\/es\/wp-json\/wp\/v2\/categories?post=3817"},{"taxonomy":"post_tag","embeddable":true,"href":"https:\/\/wp-staging-a9mhabeca4.pairsite.com\/es\/wp-json\/wp\/v2\/tags?post=3817"}],"curies":[{"name":"wp","href":"https:\/\/api.w.org\/{rel}","templated":true}]}}