{"id":3917,"date":"2021-07-26T06:36:12","date_gmt":"2021-07-26T06:36:12","guid":{"rendered":"https:\/\/qod-scchiro.local\/nosotros\/dr-jeffrey-peck\/"},"modified":"2022-01-25T23:18:03","modified_gmt":"2022-01-25T23:18:03","slug":"dr-jeffrey-peck","status":"publish","type":"page","link":"https:\/\/wp-staging-a9mhabeca4.pairsite.com\/es\/nosotros\/dr-jeffrey-peck\/","title":{"rendered":"Dr. Jeffrey Peck"},"content":{"rendered":"<p><span style=\"font-weight: 400;\">Originario de Nueva York, el Dr. Peck se mud\u00f3 a Fort Myers en 1993 despu\u00e9s de graduarse de Palmer College of Chiropractic, campus de Davenport IA. Despu\u00e9s de aprobar la junta de Florida, el Dr. Peck abri\u00f3 Specific Care Chiropractic en 1994. Con una pasi\u00f3n por la quiropr\u00e1ctica y la atenci\u00f3n m\u00e9dica natural, el Dr. Peck hizo crecer sus pr\u00e1cticas en el condado de Lee al ver a cada paciente con el m\u00e1s alto nivel de atenci\u00f3n, hospitalidad y trato a cada uno. como su propia familia. El Dr. Peck est\u00e1 certificado en la Asociaci\u00f3n Nacional de Quiropr\u00e1ctica Cervical Superior (NUCCA), Upper Cervical Specific y la serie de latigazo cervical de Arthur Croft. Es miembro de varias asociaciones quiropr\u00e1cticas nacionales y de Florida. Ha continuado con su pasi\u00f3n por tratar a los pacientes y administrar sus pr\u00e1cticas, ya que sus hijas han seguido sus pasos y tambi\u00e9n se han convertido en Doctoras en Quiropr\u00e1ctica. El Dr. Peck ahora tiene pr\u00e1cticas en Lehigh Acres, Fort Myers, Cape Coral y Naples y Coral Springs.<\/span><\/p>\n","protected":false},"excerpt":{"rendered":"<p>Originario de Nueva York, el Dr. Peck se mud\u00f3 a Fort Myers en 1993 despu\u00e9s de graduarse de Palmer College of Chiropractic, campus de Davenport IA. Despu\u00e9s de aprobar la junta de Florida, el Dr. Peck abri\u00f3 Specific Care Chiropractic en 1994. Con una pasi\u00f3n por la quiropr\u00e1ctica y la atenci\u00f3n m\u00e9dica natural, el Dr. [&hellip;]<\/p>\n","protected":false},"author":36,"featured_media":3577,"parent":3724,"menu_order":0,"comment_status":"closed","ping_status":"closed","template":"","meta":{"_acf_changed":false,"footnotes":""},"categories":[],"tags":[],"class_list":["post-3917","page","type-page","status-publish","has-post-thumbnail","hentry"],"acf":[],"_links":{"self":[{"href":"https:\/\/wp-staging-a9mhabeca4.pairsite.com\/es\/wp-json\/wp\/v2\/pages\/3917","targetHints":{"allow":["GET"]}}],"collection":[{"href":"https:\/\/wp-staging-a9mhabeca4.pairsite.com\/es\/wp-json\/wp\/v2\/pages"}],"about":[{"href":"https:\/\/wp-staging-a9mhabeca4.pairsite.com\/es\/wp-json\/wp\/v2\/types\/page"}],"author":[{"embeddable":true,"href":"https:\/\/wp-staging-a9mhabeca4.pairsite.com\/es\/wp-json\/wp\/v2\/users\/36"}],"replies":[{"embeddable":true,"href":"https:\/\/wp-staging-a9mhabeca4.pairsite.com\/es\/wp-json\/wp\/v2\/comments?post=3917"}],"version-history":[{"count":0,"href":"https:\/\/wp-staging-a9mhabeca4.pairsite.com\/es\/wp-json\/wp\/v2\/pages\/3917\/revisions"}],"up":[{"embeddable":true,"href":"https:\/\/wp-staging-a9mhabeca4.pairsite.com\/es\/wp-json\/wp\/v2\/pages\/3724"}],"wp:featuredmedia":[{"embeddable":true,"href":"https:\/\/wp-staging-a9mhabeca4.pairsite.com\/es\/wp-json\/wp\/v2\/media\/3577"}],"wp:attachment":[{"href":"https:\/\/wp-staging-a9mhabeca4.pairsite.com\/es\/wp-json\/wp\/v2\/media?parent=3917"}],"wp:term":[{"taxonomy":"category","embeddable":true,"href":"https:\/\/wp-staging-a9mhabeca4.pairsite.com\/es\/wp-json\/wp\/v2\/categories?post=3917"},{"taxonomy":"post_tag","embeddable":true,"href":"https:\/\/wp-staging-a9mhabeca4.pairsite.com\/es\/wp-json\/wp\/v2\/tags?post=3917"}],"curies":[{"name":"wp","href":"https:\/\/api.w.org\/{rel}","templated":true}]}}