{"id":3924,"date":"2021-07-26T06:37:12","date_gmt":"2021-07-26T06:37:12","guid":{"rendered":"https:\/\/qod-scchiro.local\/nosotros\/dr-brad-ceurvels\/"},"modified":"2022-01-25T23:25:55","modified_gmt":"2022-01-25T23:25:55","slug":"dr-brad-ceurvels","status":"publish","type":"page","link":"https:\/\/wp-staging-a9mhabeca4.pairsite.com\/es\/nosotros\/dr-brad-ceurvels\/","title":{"rendered":"Dr. Brad Ceurvels"},"content":{"rendered":"<p><span style=\"font-weight: 400;\">El Dr. Ceurvels ha sido residente de Florida durante mucho tiempo. Se mud\u00f3 al suroeste de Florida en 1995 desde Ithaca, Nueva York. Asisti\u00f3 a la escuela secundaria Bishop Verot y particip\u00f3 en f\u00fatbol, \u200b\u200batletismo y campo. Fue en ese momento que comenz\u00f3 a desarrollar una pasi\u00f3n por el ejercicio y los enfoques terap\u00e9uticos para el cuidado de la salud. El Dr. Ceurvels se gradu\u00f3 de la Universidad del Sur de Florida en 2004. Despu\u00e9s de observar varias profesiones del cuidado de la salud, qued\u00f3 impresionado con el enfoque quiropr\u00e1ctico. Estaba intrigado por la gran diferencia positiva que los quiropr\u00e1cticos parec\u00edan hacer en el nivel de dolor de sus pacientes, incluso despu\u00e9s de un tratamiento. Adem\u00e1s de eso, los pacientes parec\u00edan disfrutar de recibir un tratamiento que era raro de ver en las profesiones de atenci\u00f3n m\u00e9dica. Luego tom\u00f3 la f\u00e1cil decisi\u00f3n de convertirse en quiropr\u00e1ctico. El Dr. Ceurvels asisti\u00f3 al Palmer College y se gradu\u00f3 en 2009 como m\u00e9dico quiropr\u00e1ctico. Luego regres\u00f3 al suroeste de Florida para estar cerca de su familia y comenzar su carrera. Durante los primeros cuatro a\u00f1os de su pr\u00e1ctica, trabaj\u00f3 en estrecha colaboraci\u00f3n con la poblaci\u00f3n de la tercera edad y se ocup\u00f3 de muchos de los problemas que puede causar la edad, especialmente la artritis. Hace unos cinco a\u00f1os, el Dr. Ceurvels se cas\u00f3 con su esposa y se convirti\u00f3 en padre de dos maravillosas hijas. Alrededor de este tiempo, el enfoque de su vida pr\u00e1ctica cambi\u00f3. Comenz\u00f3 a interesarse en el cuidado de las v\u00edctimas de accidentes automovil\u00edsticos. Desde entonces, ha tomado varios cursos sobre traumatismos por latigazo cervical y accidentes automovil\u00edsticos para ampliar su comprensi\u00f3n de este tipo de lesiones. El Dr. Ceurvels actualmente hace un buen uso de sus habilidades y capacitaci\u00f3n al ayudar a los pacientes lesionados en la ubicaci\u00f3n de Fort Myers de Specific Care Chiropractic. Es apasionado, cari\u00f1oso y le encanta ayudar a las personas en su camino hacia alcanzar su m\u00e1ximo potencial de salud. Adem\u00e1s, est\u00e1 agradecido de estar rodeado de un personal amable y atento que disfruta haciendo que todos sus pacientes se sientan como en familia.<\/span><\/p>\n<p>&nbsp;<\/p>\n","protected":false},"excerpt":{"rendered":"<p>El Dr. Ceurvels ha sido residente de Florida durante mucho tiempo. Se mud\u00f3 al suroeste de Florida en 1995 desde Ithaca, Nueva York. Asisti\u00f3 a la escuela secundaria Bishop Verot y particip\u00f3 en f\u00fatbol, \u200b\u200batletismo y campo. Fue en ese momento que comenz\u00f3 a desarrollar una pasi\u00f3n por el ejercicio y los enfoques terap\u00e9uticos para [&hellip;]<\/p>\n","protected":false},"author":36,"featured_media":3575,"parent":3724,"menu_order":0,"comment_status":"closed","ping_status":"closed","template":"","meta":{"_acf_changed":false,"footnotes":""},"categories":[],"tags":[],"class_list":["post-3924","page","type-page","status-publish","has-post-thumbnail","hentry"],"acf":[],"_links":{"self":[{"href":"https:\/\/wp-staging-a9mhabeca4.pairsite.com\/es\/wp-json\/wp\/v2\/pages\/3924","targetHints":{"allow":["GET"]}}],"collection":[{"href":"https:\/\/wp-staging-a9mhabeca4.pairsite.com\/es\/wp-json\/wp\/v2\/pages"}],"about":[{"href":"https:\/\/wp-staging-a9mhabeca4.pairsite.com\/es\/wp-json\/wp\/v2\/types\/page"}],"author":[{"embeddable":true,"href":"https:\/\/wp-staging-a9mhabeca4.pairsite.com\/es\/wp-json\/wp\/v2\/users\/36"}],"replies":[{"embeddable":true,"href":"https:\/\/wp-staging-a9mhabeca4.pairsite.com\/es\/wp-json\/wp\/v2\/comments?post=3924"}],"version-history":[{"count":0,"href":"https:\/\/wp-staging-a9mhabeca4.pairsite.com\/es\/wp-json\/wp\/v2\/pages\/3924\/revisions"}],"up":[{"embeddable":true,"href":"https:\/\/wp-staging-a9mhabeca4.pairsite.com\/es\/wp-json\/wp\/v2\/pages\/3724"}],"wp:featuredmedia":[{"embeddable":true,"href":"https:\/\/wp-staging-a9mhabeca4.pairsite.com\/es\/wp-json\/wp\/v2\/media\/3575"}],"wp:attachment":[{"href":"https:\/\/wp-staging-a9mhabeca4.pairsite.com\/es\/wp-json\/wp\/v2\/media?parent=3924"}],"wp:term":[{"taxonomy":"category","embeddable":true,"href":"https:\/\/wp-staging-a9mhabeca4.pairsite.com\/es\/wp-json\/wp\/v2\/categories?post=3924"},{"taxonomy":"post_tag","embeddable":true,"href":"https:\/\/wp-staging-a9mhabeca4.pairsite.com\/es\/wp-json\/wp\/v2\/tags?post=3924"}],"curies":[{"name":"wp","href":"https:\/\/api.w.org\/{rel}","templated":true}]}}