{"id":4044,"date":"2021-10-12T18:19:46","date_gmt":"2021-10-12T18:19:46","guid":{"rendered":"https:\/\/qod-scchiro.local\/cape-coral\/carpal-tunnel-syndrome-treatment\/"},"modified":"2023-11-01T19:58:09","modified_gmt":"2023-11-01T19:58:09","slug":"tratamiento-tunel-carpiano","status":"publish","type":"page","link":"https:\/\/wp-staging-a9mhabeca4.pairsite.com\/es\/cape-coral\/tratamiento-tunel-carpiano\/","title":{"rendered":"Tratamiento del s\u00edndrome del t\u00fanel carpiano de Cape Coral"},"content":{"rendered":"<p><span style=\"font-weight: 400;\">El s\u00edndrome del t\u00fanel carpiano es un tipo de lesi\u00f3n en la mano que implica la compresi\u00f3n del nervio mediano en la mu\u00f1eca. La estructura anat\u00f3mica de una persona puede causar esta lesi\u00f3n o puede ser el resultado de una condici\u00f3n de salud, como la artritis. Las personas que sufren del s\u00edndrome del t\u00fanel carpiano tienden a tener rigidez en las manos, mal agarre y dolor en las manos.<\/span><\/p>\n<p><span style=\"font-weight: 400;\">Si usted o un ser querido ha desarrollado este tipo de lesi\u00f3n, nuestros m\u00e9dicos de Specific Care Chiropractic lo invitan a nuestra oficina para recibir tratamiento para el s\u00edndrome del t\u00fanel carpiano de Cape Coral. Evaluaremos la gravedad de sus s\u00edntomas y comenzaremos a implementar <\/span><a href=\"https:\/\/sc-chiro.com\/es\/cape-coral\/ajustes-quiropracticos\/\"><span style=\"font-weight: 400;\">terapias<\/span><\/a><span style=\"font-weight: 400;\"> para ayudarlo a restaurar la flexibilidad y las funciones motoras en su(s) mano(s).<\/span><span style=\"font-weight: 400;\">\u00a0<\/span><\/p>\n<p><span style=\"font-weight: 400;\">\t\t<div data-elementor-type=\"section\" data-elementor-id=\"3935\" class=\"elementor elementor-3935\" data-elementor-post-type=\"elementor_library\">\n\t\t\t\t\t<section class=\"elementor-section elementor-top-section elementor-element elementor-element-bef2904 elementor-section-boxed elementor-section-height-default elementor-section-height-default\" data-id=\"bef2904\" data-element_type=\"section\">\n\t\t\t\t\t\t<div class=\"elementor-container elementor-column-gap-default\">\n\t\t\t\t\t<div class=\"elementor-column elementor-col-100 elementor-top-column elementor-element elementor-element-57dcad5 section-toc\" data-id=\"57dcad5\" data-element_type=\"column\">\n\t\t\t<div class=\"elementor-widget-wrap elementor-element-populated\">\n\t\t\t\t\t\t<div class=\"elementor-element elementor-element-0c49dfc elementor-toc--minimized-on-tablet elementor-widget elementor-widget-table-of-contents\" data-id=\"0c49dfc\" data-element_type=\"widget\" data-settings=\"{&quot;exclude_headings_by_selector&quot;:&quot;.toc-remove&quot;,&quot;headings_by_tags&quot;:[&quot;h2&quot;,&quot;h3&quot;,&quot;h4&quot;,&quot;h5&quot;,&quot;h6&quot;],&quot;marker_view&quot;:&quot;numbers&quot;,&quot;no_headings_message&quot;:&quot;No se ha encontrado ning\\u00fan encabezado en esta p\\u00e1gina.&quot;,&quot;minimize_box&quot;:&quot;yes&quot;,&quot;minimized_on&quot;:&quot;tablet&quot;,&quot;hierarchical_view&quot;:&quot;yes&quot;,&quot;min_height&quot;:{&quot;unit&quot;:&quot;px&quot;,&quot;size&quot;:&quot;&quot;,&quot;sizes&quot;:[]},&quot;min_height_tablet&quot;:{&quot;unit&quot;:&quot;px&quot;,&quot;size&quot;:&quot;&quot;,&quot;sizes&quot;:[]},&quot;min_height_mobile&quot;:{&quot;unit&quot;:&quot;px&quot;,&quot;size&quot;:&quot;&quot;,&quot;sizes&quot;:[]}}\" data-widget_type=\"table-of-contents.default\">\n\t\t\t\t<div class=\"elementor-widget-container\">\n\t\t\t\t\t<div class=\"elementor-toc__header\">\n\t\t\t<h4 class=\"elementor-toc__header-title\">\n\t\t\t\tTabla de Contenidos\t\t\t<\/h4>\n\t\t\t\t\t\t\t<div class=\"elementor-toc__toggle-button elementor-toc__toggle-button--expand\" role=\"button\" tabindex=\"0\" aria-controls=\"elementor-toc__0c49dfc\" aria-expanded=\"true\" aria-label=\"Abrir la tabla de contenidos\"><i aria-hidden=\"true\" class=\"fas fa-chevron-down\"><\/i><\/div>\n\t\t\t\t<div class=\"elementor-toc__toggle-button elementor-toc__toggle-button--collapse\" role=\"button\" tabindex=\"0\" aria-controls=\"elementor-toc__0c49dfc\" aria-expanded=\"true\" aria-label=\"Cerrar la tabla de contenidos\"><i aria-hidden=\"true\" class=\"fas fa-chevron-up\"><\/i><\/div>\n\t\t\t\t\t<\/div>\n\t\t<div id=\"elementor-toc__0c49dfc\" class=\"elementor-toc__body\">\n\t\t\t<div class=\"elementor-toc__spinner-container\">\n\t\t\t\t<i class=\"elementor-toc__spinner eicon-animation-spin eicon-loading\" aria-hidden=\"true\"><\/i>\t\t\t<\/div>\n\t\t<\/div>\n\t\t\t\t<\/div>\n\t\t\t\t<\/div>\n\t\t\t\t\t<\/div>\n\t\t<\/div>\n\t\t\t\t\t<\/div>\n\t\t<\/section>\n\t\t\t\t<\/div>\n\t\t<\/span><\/p>\n<h2><b>El uso de la computadora no es una causa comprobada del s\u00edndrome del t\u00fanel carpiano<\/b><\/h2>\n<p><span style=\"font-weight: 400;\">El s\u00edndrome del t\u00fanel carpiano tiene la reputaci\u00f3n de ser una lesi\u00f3n en la mano relacionada con el uso intensivo de la computadora, los videojuegos y los movimientos repetitivos de las manos. Sin embargo, seg\u00fan <\/span><a href=\"https:\/\/www.mayoclinic.org\/diseases-conditions\/carpal-tunnel-syndrome\/symptoms-causes\/syc-20355603\"><span style=\"font-weight: 400;\">Mayo Clinic<\/span><\/a><span style=\"font-weight: 400;\"> , no hay pruebas definitivas que relacionen el s\u00edndrome del t\u00fanel carpiano con la actividad de la mano, aunque la mano de una persona puede tener calambres si se mantiene en la misma posici\u00f3n durante per\u00edodos prolongados.<\/span><a href=\"https:\/\/translate.google.com\/translate?hl=es&amp;prev=_t&amp;sl=en&amp;tl=es&amp;u=https:\/\/www.mayoclinic.org\/diseases-conditions\/carpal-tunnel-syndrome\/symptoms-causes\/syc-20355603\"><span style=\"font-weight: 400;\">\u00a0<\/span><\/a><\/p>\n<p><span style=\"font-weight: 400;\">M\u00e1s bien, el s\u00edndrome del t\u00fanel carpiano es m\u00e1s a menudo el resultado de la predisposici\u00f3n gen\u00e9tica de una persona. En algunos casos, puede ser un efecto secundario de una enfermedad cr\u00f3nica o de un medicamento. Algunos factores causales del s\u00edndrome del t\u00fanel carpiano incluyen:<\/span><\/p>\n<ul>\n<li><span style=\"font-weight: 400;\"> \u00a0 \u00a0 <\/span><span style=\"font-weight: 400;\">La anatom\u00eda de la mano de una persona o una predisposici\u00f3n gen\u00e9tica a desarrollar artritis en la mano<\/span><\/li>\n<li><span style=\"font-weight: 400;\"> \u00a0 \u00a0 <\/span><span style=\"font-weight: 400;\">Artritis reumatoide y otras enfermedades que causan inflamaci\u00f3n.<\/span><\/li>\n<li><span style=\"font-weight: 400;\"> \u00a0 \u00a0 <\/span><span style=\"font-weight: 400;\">Cualquier condici\u00f3n que pueda causar da\u00f1o a los nervios, como la diabetes.<\/span><\/li>\n<li><span style=\"font-weight: 400;\"> \u00a0 \u00a0 <\/span><span style=\"font-weight: 400;\">Retenci\u00f3n de l\u00edquidos u otros cambios importantes en los l\u00edquidos corporales, que es com\u00fan entre las mujeres embarazadas o en la menopausia.<\/span><\/li>\n<li><span style=\"font-weight: 400;\"> \u00a0 \u00a0 <\/span><span style=\"font-weight: 400;\">Ciertos problemas m\u00e9dicos, como insuficiencia renal, disfunci\u00f3n tiroidea y linfedema<\/span><\/li>\n<li><span style=\"font-weight: 400;\"> \u00a0 \u00a0 <\/span><span style=\"font-weight: 400;\">Medicamentos para el c\u00e1ncer de mama, como Arimidex<\/span><\/li>\n<li><span style=\"font-weight: 400;\"> \u00a0 \u00a0 <\/span><span style=\"font-weight: 400;\">Obesidad<\/span><\/li>\n<\/ul>\n<p><span style=\"font-weight: 400;\">Las mujeres son m\u00e1s propensas a sufrir el s\u00edndrome del t\u00fanel carpiano que los hombres. La estructura de su mano es m\u00e1s peque\u00f1a en promedio y es probable que experimenten cambios en los fluidos corporales durante el embarazo y la menopausia.<\/span><\/p>\n<p><span data-sheets-value=\"{&quot;1&quot;:2,&quot;2&quot;:&quot;&lt;div class=&quot;buttons&quot;&gt;\n        &lt;a class=&quot;content-number mid-page-call-click-button&quot; href=&quot;tel:2393699109&quot;&gt;Call us Now - 239-369-9109&lt;\/a&gt;\n        &lt;a class=&quot;content-number mid-page-form-click-button&quot; id=&quot;second-button&quot; href=&quot;#elementor-action%3Aaction%3Dpopup%3Aopen%26settings%3DeyJpZCI6MTkxOSwidG9nZ2xlIjpmYWxzZX0%3D&quot;&gt;Contact Us!&lt;\/a&gt;\n    &lt;\/div&gt;&quot;}\" data-sheets-userformat=\"{&quot;2&quot;:513,&quot;3&quot;:{&quot;1&quot;:0},&quot;12&quot;:0}\"><div class=\"buttons\">\n        <a class=\"content-number mid-page-call-click-button\" href=\"tel:2393699109\">Call us Now - 239-369-9109<\/a>\n        <a class=\"content-number mid-page-form-click-button\" id=\"second-button\" href=\"#elementor-action%3Aaction%3Dpopup%3Aopen%26settings%3DeyJpZCI6MTkxOSwidG9nZ2xlIjpmYWxzZX0%3D\">Contact Us!<\/a>\n    <\/div><\/span><\/p>\n<h2><b>Nuestros m\u00e9dicos le preguntar\u00e1n acerca de su condici\u00f3n antes de recetarle un tratamiento<\/b><\/h2>\n<p><span style=\"font-weight: 400;\">Cuando venga a nuestra oficina de Cape Coral, que se encuentra cerca del Cape Coral Hospital en Del Prado Boulevard, y pregunte sobre el tratamiento del s\u00edndrome del t\u00fanel carpiano, le pediremos que complete un cuestionario para brindarnos informaci\u00f3n sobre su historial m\u00e9dico y s\u00edntomas actuales.<\/span><\/p>\n<p><span style=\"font-weight: 400;\">Algunas preguntas que haremos pueden incluir:<\/span><\/p>\n<h3><b>Su historial m\u00e9dico<\/b><\/h3>\n<p><span style=\"font-weight: 400;\">Querremos saber sobre las condiciones actuales que tiene que pueden afectar la forma en que responder\u00e1 al tratamiento, como cualquier condici\u00f3n card\u00edaca, presi\u00f3n arterial alta o diabetes.<\/span><\/p>\n<h3><b>Lesiones previas u otras<\/b><\/h3>\n<p><span style=\"font-weight: 400;\">Si esta no es su primera lesi\u00f3n, debe mencionar cualquier lesi\u00f3n que haya tenido o tenga, junto con su s\u00edndrome del t\u00fanel carpiano. Por ejemplo, si sufri\u00f3 una hernia de disco en el \u00e1rea cervical (regi\u00f3n del cuello), el da\u00f1o a los nervios de la hernia podr\u00eda haberse extendido a sus extremidades, como los hombros o las mu\u00f1ecas.<\/span><\/p>\n<h3><b>S\u00edntomas actuales<\/b><\/h3>\n<p><span style=\"font-weight: 400;\">Tambi\u00e9n querremos medir la gravedad de su s\u00edndrome del t\u00fanel carpiano. Le preguntaremos si ha experimentado ciertos s\u00edntomas, como rigidez o entumecimiento de la mano, dolor o molestias en la mano o la mu\u00f1eca, y debilidad muscular que afecta el agarre o la fuerza de la mano.<\/span><\/p>\n<h3><b>medicamentos<\/b><\/h3>\n<p><span style=\"font-weight: 400;\">Como se mencion\u00f3, ciertos medicamentos pueden causar el s\u00edndrome del t\u00fanel carpiano como efecto secundario. Le preguntaremos qu\u00e9 medicamentos recetados est\u00e1 tomando en caso de que puedan estar causando otras afecciones subyacentes en su cuerpo.<\/span><\/p>\n<p><span style=\"font-weight: 400;\">Despu\u00e9s de una breve consulta con usted, uno de nuestros m\u00e9dicos realizar\u00e1 un examen f\u00edsico y solicitar\u00e1 im\u00e1genes de rayos X u otros resultados de ex\u00e1menes por im\u00e1genes para ver si alguna otra lesi\u00f3n en la mano puede estar caus\u00e1ndole dolor, como una fractura o un esguince que desconoc\u00eda.\u00a0<\/span><\/p>\n<p><span style=\"font-weight: 400;\">Una vez que tengamos los resultados de todas sus pruebas de diagn\u00f3stico, crearemos un plan de tratamiento para usted y le pediremos que venga a una segunda cita para explicarle las terapias que utilizaremos antes de realizar la primera sesi\u00f3n.<\/span><\/p>\n<p><img fetchpriority=\"high\" decoding=\"async\" class=\"alignnone wp-image-3260 size-full\" src=\"https:\/\/sc-chiro.com\/wp-content\/uploads\/2021\/10\/cape-coral-carpal-tunnel-syndrome-treatment.jpg\" alt=\"Woman with wrist pain who needs Cape Coral Carpal Tunnel Syndrome treatment\" width=\"500\" height=\"375\" srcset=\"https:\/\/wp-staging-a9mhabeca4.pairsite.com\/wp-content\/uploads\/2021\/10\/cape-coral-carpal-tunnel-syndrome-treatment.jpg 500w, https:\/\/wp-staging-a9mhabeca4.pairsite.com\/wp-content\/uploads\/2021\/10\/cape-coral-carpal-tunnel-syndrome-treatment-300x225.jpg 300w\" sizes=\"(max-width: 500px) 100vw, 500px\" \/><\/p>\n<h2><b>La atenci\u00f3n quiropr\u00e1ctica puede servir como m\u00e9todo de tratamiento para el s\u00edndrome del t\u00fanel carpiano<\/b><\/h2>\n<p><span style=\"font-weight: 400;\">En Specific Care Chiropractic, practicamos t\u00e9cnicas quiropr\u00e1cticas basadas en evidencia para tratar diversas lesiones musculoesquel\u00e9ticas, incluido el s\u00edndrome del t\u00fanel carpiano. Abogamos por los pacientes y observamos el cuidado quiropr\u00e1ctico de nuestros pacientes para que permanezcan en buenas manos cuando los tratamos.<\/span><\/p>\n<p><span style=\"font-weight: 400;\">En nuestras instalaciones, practicamos varias t\u00e9cnicas de ajuste quiropr\u00e1ctico, incluida la manipulaci\u00f3n manual en las extremidades, que incluye las manos y las mu\u00f1ecas. Sin embargo, si descubrimos que una lesi\u00f3n relacionada con la columna puede estar causando su s\u00edndrome del t\u00fanel carpiano como efecto secundario, podemos realizar otras manipulaciones de la columna para aliviar sus s\u00edntomas.<\/span><\/p>\n<h2><b>Estudios que respaldan la medicina quiropr\u00e1ctica para el tratamiento del s\u00edndrome del t\u00fanel carpiano<\/b><\/h2>\n<p><span style=\"font-weight: 400;\">Los siguientes estudios encontraron resultados prometedores para las personas que usaron la atenci\u00f3n quiropr\u00e1ctica como m\u00e9todo de tratamiento para el s\u00edndrome del t\u00fanel carpiano:<\/span><\/p>\n<h3><b>La t\u00e9cnica de liberaci\u00f3n activa puede ser una estrategia eficaz para el manejo del dolor<\/b><\/h3>\n<p><span style=\"font-weight: 400;\">The Journal of Chiropractic Medicine inform\u00f3 sobre un estudio sobre la eficacia de las manipulaciones musculoesquel\u00e9ticas en personas con s\u00edndrome del t\u00fanel carpiano. El estudio encontr\u00f3 que los pacientes reportaron una mejora significativa y recuperaron propiedades funcionales en sus manos.<\/span><\/p>\n<h3><b>La manipulaci\u00f3n quiropr\u00e1ctica alivia el dolor del s\u00edndrome del t\u00fanel carpiano<\/b><\/h3>\n<p><span style=\"font-weight: 400;\">The Journal of Manipulative and Physiological Therapeutics inform\u00f3 sobre la mejora de la condici\u00f3n de una mujer de 42 a\u00f1os mientras se somet\u00eda a un tratamiento quiropr\u00e1ctico. Los resultados del estudio mostraron que ella &#8220;hizo una diferencia demostrable&#8221; a trav\u00e9s de varias pruebas y aument\u00f3 su fuerza de agarre, as\u00ed como sus funciones motoras y sensoriales. Tambi\u00e9n redujo sus s\u00edntomas de dolor.<\/span><\/p>\n<h3><b>Los pacientes mayores pueden utilizar el tratamiento quiropr\u00e1ctico como tratamiento del dolor<\/b><\/h3>\n<p><span style=\"font-weight: 400;\">Siempre que los quiropr\u00e1cticos tengan en cuenta los antecedentes m\u00e9dicos de los pacientes mayores, los pacientes mayores pueden beneficiarse del tratamiento quiropr\u00e1ctico y controlar sus s\u00edntomas de dolor, seg\u00fan un estudio publicado en el Journal of Chiropractic Medicine. Los pacientes vieron una mejor\u00eda despu\u00e9s de pasar por regimientos de ejercicios de estiramiento pasivo y recibir trabajo de tejidos blandos, entre otras terapias.<\/span><\/p>\n<p><span data-sheets-value=\"{&quot;1&quot;:2,&quot;2&quot;:&quot;&lt;div class=&quot;buttons&quot;&gt;\n        &lt;a class=&quot;content-number mid-page-call-click-button&quot; href=&quot;tel:2393699109&quot;&gt;Call us Now - 239-369-9109&lt;\/a&gt;\n        &lt;a class=&quot;content-number mid-page-form-click-button&quot; id=&quot;second-button&quot; href=&quot;#elementor-action%3Aaction%3Dpopup%3Aopen%26settings%3DeyJpZCI6MTkxOSwidG9nZ2xlIjpmYWxzZX0%3D&quot;&gt;Contact Us!&lt;\/a&gt;\n    &lt;\/div&gt;&quot;}\" data-sheets-userformat=\"{&quot;2&quot;:513,&quot;3&quot;:{&quot;1&quot;:0},&quot;12&quot;:0}\"><div class=\"buttons\">\n        <a class=\"content-number mid-page-call-click-button\" href=\"tel:2393699109\">Call us Now - 239-369-9109<\/a>\n        <a class=\"content-number mid-page-form-click-button\" id=\"second-button\" href=\"#elementor-action%3Aaction%3Dpopup%3Aopen%26settings%3DeyJpZCI6MTkxOSwidG9nZ2xlIjpmYWxzZX0%3D\">Contact Us!<\/a>\n    <\/div><\/span><\/p>\n<h2><b>La fisioterapia puede ayudar a los pacientes a restaurar la flexibilidad y la movilidad en sus manos<\/b><\/h2>\n<p><span style=\"font-weight: 400;\">Nuestro centro tambi\u00e9n ofrece <\/span><a href=\"https:\/\/sc-chiro.com\/es\/cape-coral\/servicios-fisioterapia\/\"><span style=\"font-weight: 400;\">tratamientos de fisioterapia<\/span><\/a><span style=\"font-weight: 400;\"> para complementar nuestras t\u00e9cnicas de ajuste quiropr\u00e1ctico, que incluyen:<\/span><span style=\"font-weight: 400;\">\u00a0<\/span><\/p>\n<ul>\n<li><span style=\"font-weight: 400;\"> \u00a0 \u00a0 <\/span><span style=\"font-weight: 400;\">terapia de rehabilitaci\u00f3n<\/span><\/li>\n<li><span style=\"font-weight: 400;\"> \u00a0 \u00a0 <\/span><span style=\"font-weight: 400;\">cuidado correctivo<\/span><\/li>\n<li><span style=\"font-weight: 400;\"> \u00a0 \u00a0 <\/span><span style=\"font-weight: 400;\">Terapia de Masajes<\/span><\/li>\n<li><span style=\"font-weight: 400;\"> \u00a0 \u00a0 <\/span><span style=\"font-weight: 400;\">Terapia de estiramiento y fortalecimiento<\/span><\/li>\n<li><span style=\"font-weight: 400;\"> \u00a0 \u00a0 <\/span><span style=\"font-weight: 400;\">terapia de ultrasonido<\/span><\/li>\n<li><span style=\"font-weight: 400;\"> \u00a0 \u00a0 <\/span><a href=\"https:\/\/www.verywellhealth.com\/electrical-stimulation-2696122\"><span style=\"font-weight: 400;\">Terapia de electroestimulaci\u00f3n muscular (E-STIM)<\/span><\/a><\/li>\n<\/ul>\n<p><span style=\"font-weight: 400;\">Puede obtener m\u00e1s informaci\u00f3n sobre estas terapias durante su cita.<\/span><\/p>\n<h2><b>Comience su tratamiento del s\u00edndrome del t\u00fanel carpiano de Cape Coral<\/b><\/h2>\n<p><span style=\"font-weight: 400;\">Si bien algunas personas reducen la gravedad del s\u00edndrome del t\u00fanel carpiano a nada m\u00e1s que una lesi\u00f3n en la mano, esta afecci\u00f3n puede provocar dolor cr\u00f3nico en otras partes del cuerpo adem\u00e1s de las manos y las mu\u00f1ecas. Si no se trata, usted o un ser querido pueden enfrentar limitaciones y encontrar que hacer las tareas diarias o laborales es demasiado dif\u00edcil.<\/span><\/p>\n<p><span style=\"font-weight: 400;\">Nuestros m\u00e9dicos ofrecen atenci\u00f3n quiropr\u00e1ctica para ayudar a los pacientes con s\u00edndrome del t\u00fanel carpiano a aliviar el dolor y otras molestias. Para obtener m\u00e1s informaci\u00f3n sobre c\u00f3mo nuestro centro puede ayudarlo con su afecci\u00f3n, llame al <a href=\"tel:239-369-9109\">239-369-9109<\/a> para programar su primera cita en <\/span><a href=\"https:\/\/sc-chiro.com\/es\/\"><span style=\"font-weight: 400;\">Specific Care Chiropractic<\/span><\/a><span style=\"font-weight: 400;\"> en <\/span><span style=\"font-weight: 400;\">Cape Coral<\/span><span style=\"font-weight: 400;\"> .<\/span><\/p>\n","protected":false},"excerpt":{"rendered":"<p>El s\u00edndrome del t\u00fanel carpiano es un tipo de lesi\u00f3n en la mano que implica la compresi\u00f3n del nervio mediano en la mu\u00f1eca. La estructura anat\u00f3mica de una persona puede causar esta lesi\u00f3n o puede ser el resultado de una condici\u00f3n de salud, como la artritis. Las personas que sufren del s\u00edndrome del t\u00fanel carpiano [&hellip;]<\/p>\n","protected":false},"author":36,"featured_media":6381,"parent":4015,"menu_order":0,"comment_status":"closed","ping_status":"closed","template":"","meta":{"_acf_changed":false,"footnotes":""},"categories":[76],"tags":[60],"class_list":["post-4044","page","type-page","status-publish","has-post-thumbnail","hentry","category-cape-coral-ubicacion","tag-sindrome-del-tunel-carpiano"],"acf":[],"_links":{"self":[{"href":"https:\/\/wp-staging-a9mhabeca4.pairsite.com\/es\/wp-json\/wp\/v2\/pages\/4044","targetHints":{"allow":["GET"]}}],"collection":[{"href":"https:\/\/wp-staging-a9mhabeca4.pairsite.com\/es\/wp-json\/wp\/v2\/pages"}],"about":[{"href":"https:\/\/wp-staging-a9mhabeca4.pairsite.com\/es\/wp-json\/wp\/v2\/types\/page"}],"author":[{"embeddable":true,"href":"https:\/\/wp-staging-a9mhabeca4.pairsite.com\/es\/wp-json\/wp\/v2\/users\/36"}],"replies":[{"embeddable":true,"href":"https:\/\/wp-staging-a9mhabeca4.pairsite.com\/es\/wp-json\/wp\/v2\/comments?post=4044"}],"version-history":[{"count":0,"href":"https:\/\/wp-staging-a9mhabeca4.pairsite.com\/es\/wp-json\/wp\/v2\/pages\/4044\/revisions"}],"up":[{"embeddable":true,"href":"https:\/\/wp-staging-a9mhabeca4.pairsite.com\/es\/wp-json\/wp\/v2\/pages\/4015"}],"wp:featuredmedia":[{"embeddable":true,"href":"https:\/\/wp-staging-a9mhabeca4.pairsite.com\/es\/wp-json\/wp\/v2\/media\/6381"}],"wp:attachment":[{"href":"https:\/\/wp-staging-a9mhabeca4.pairsite.com\/es\/wp-json\/wp\/v2\/media?parent=4044"}],"wp:term":[{"taxonomy":"category","embeddable":true,"href":"https:\/\/wp-staging-a9mhabeca4.pairsite.com\/es\/wp-json\/wp\/v2\/categories?post=4044"},{"taxonomy":"post_tag","embeddable":true,"href":"https:\/\/wp-staging-a9mhabeca4.pairsite.com\/es\/wp-json\/wp\/v2\/tags?post=4044"}],"curies":[{"name":"wp","href":"https:\/\/api.w.org\/{rel}","templated":true}]}}