{"id":4048,"date":"2021-10-12T19:14:12","date_gmt":"2021-10-12T19:14:12","guid":{"rendered":"https:\/\/qod-scchiro.local\/cape-coral\/physiotherapy-services\/"},"modified":"2023-07-16T12:54:08","modified_gmt":"2023-07-16T12:54:08","slug":"servicios-fisioterapia","status":"publish","type":"page","link":"https:\/\/wp-staging-a9mhabeca4.pairsite.com\/es\/cape-coral\/servicios-fisioterapia\/","title":{"rendered":"Servicios de fisioterapia de Cape Coral"},"content":{"rendered":"<p><span style=\"font-weight: 400;\">La fisioterapia, a menudo llamada fisioterapia, es un m\u00e9todo comprobado para tratar el dolor cr\u00f3nico, rehabilitar despu\u00e9s de una lesi\u00f3n y prevenir futuras lesiones. Usando t\u00e9cnicas basadas en evidencia, nuestros m\u00e9dicos prescriben los servicios de fisioterapia de Cape Coral para tratar el dolor musculoesquel\u00e9tico.<\/span><\/p>\n<p><span style=\"font-weight: 400;\">En Specific Care Chiropractic, trabajamos para ayudar a nuestros pacientes a aliviar su dolor y recuperar fuerza y \u200b\u200bflexibilidad. Dise\u00f1amos un plan de tratamiento espec\u00edficamente para las necesidades de cada paciente. Programe una cita en nuestra <\/span><a href=\"https:\/\/sc-chiro.com\/es\/cape-coral\/\"><span style=\"font-weight: 400;\">oficina de Cape Coral<\/span><\/a><span style=\"font-weight: 400;\"> hoy en l\u00ednea o llamando al <a href=\"tel:239-369-9109\">239-369-9109<\/a>.<\/span><span style=\"font-weight: 400;\">\u00a0<\/span><\/p>\n<p><span style=\"font-weight: 400;\">\t\t<div data-elementor-type=\"section\" data-elementor-id=\"3935\" class=\"elementor elementor-3935\" data-elementor-post-type=\"elementor_library\">\n\t\t\t\t\t<section class=\"elementor-section elementor-top-section elementor-element elementor-element-bef2904 elementor-section-boxed elementor-section-height-default elementor-section-height-default\" data-id=\"bef2904\" data-element_type=\"section\">\n\t\t\t\t\t\t<div class=\"elementor-container elementor-column-gap-default\">\n\t\t\t\t\t<div class=\"elementor-column elementor-col-100 elementor-top-column elementor-element elementor-element-57dcad5 section-toc\" data-id=\"57dcad5\" data-element_type=\"column\">\n\t\t\t<div class=\"elementor-widget-wrap elementor-element-populated\">\n\t\t\t\t\t\t<div class=\"elementor-element elementor-element-0c49dfc elementor-toc--minimized-on-tablet elementor-widget elementor-widget-table-of-contents\" data-id=\"0c49dfc\" data-element_type=\"widget\" data-settings=\"{&quot;exclude_headings_by_selector&quot;:&quot;.toc-remove&quot;,&quot;headings_by_tags&quot;:[&quot;h2&quot;,&quot;h3&quot;,&quot;h4&quot;,&quot;h5&quot;,&quot;h6&quot;],&quot;marker_view&quot;:&quot;numbers&quot;,&quot;no_headings_message&quot;:&quot;No se ha encontrado ning\\u00fan encabezado en esta p\\u00e1gina.&quot;,&quot;minimize_box&quot;:&quot;yes&quot;,&quot;minimized_on&quot;:&quot;tablet&quot;,&quot;hierarchical_view&quot;:&quot;yes&quot;,&quot;min_height&quot;:{&quot;unit&quot;:&quot;px&quot;,&quot;size&quot;:&quot;&quot;,&quot;sizes&quot;:[]},&quot;min_height_tablet&quot;:{&quot;unit&quot;:&quot;px&quot;,&quot;size&quot;:&quot;&quot;,&quot;sizes&quot;:[]},&quot;min_height_mobile&quot;:{&quot;unit&quot;:&quot;px&quot;,&quot;size&quot;:&quot;&quot;,&quot;sizes&quot;:[]}}\" data-widget_type=\"table-of-contents.default\">\n\t\t\t\t<div class=\"elementor-widget-container\">\n\t\t\t\t\t<div class=\"elementor-toc__header\">\n\t\t\t<h4 class=\"elementor-toc__header-title\">\n\t\t\t\tTabla de Contenidos\t\t\t<\/h4>\n\t\t\t\t\t\t\t<div class=\"elementor-toc__toggle-button elementor-toc__toggle-button--expand\" role=\"button\" tabindex=\"0\" aria-controls=\"elementor-toc__0c49dfc\" aria-expanded=\"true\" aria-label=\"Abrir la tabla de contenidos\"><i aria-hidden=\"true\" class=\"fas fa-chevron-down\"><\/i><\/div>\n\t\t\t\t<div class=\"elementor-toc__toggle-button elementor-toc__toggle-button--collapse\" role=\"button\" tabindex=\"0\" aria-controls=\"elementor-toc__0c49dfc\" aria-expanded=\"true\" aria-label=\"Cerrar la tabla de contenidos\"><i aria-hidden=\"true\" class=\"fas fa-chevron-up\"><\/i><\/div>\n\t\t\t\t\t<\/div>\n\t\t<div id=\"elementor-toc__0c49dfc\" class=\"elementor-toc__body\">\n\t\t\t<div class=\"elementor-toc__spinner-container\">\n\t\t\t\t<i class=\"elementor-toc__spinner eicon-animation-spin eicon-loading\" aria-hidden=\"true\"><\/i>\t\t\t<\/div>\n\t\t<\/div>\n\t\t\t\t<\/div>\n\t\t\t\t<\/div>\n\t\t\t\t\t<\/div>\n\t\t<\/div>\n\t\t\t\t\t<\/div>\n\t\t<\/section>\n\t\t\t\t<\/div>\n\t\t<\/span><\/p>\n<h2><b>Nuestros servicios de fisioterapia de Cape Coral<\/b><\/h2>\n<p><span style=\"font-weight: 400;\">En Specific Care Chiropractic, nuestros m\u00e9dicos prescriben y realizan una amplia gama de terapias que nos permiten satisfacer las necesidades de nuestros pacientes. Tambi\u00e9n los ayudamos a desarrollar un sistema musculoesquel\u00e9tico fuerte para prevenir futuros dolores y lesiones.<\/span><\/p>\n<p><span style=\"font-weight: 400;\">Algunas de las terapias disponibles en nuestra oficina incluyen:<\/span><\/p>\n<h3><b>Atenci\u00f3n correctiva<\/b><\/h3>\n<p><span style=\"font-weight: 400;\">La atenci\u00f3n correctiva es la etapa del tratamiento que sigue a <\/span><a href=\"https:\/\/sc-chiro.com\/es\/cape-coral\/ajustes-quiropracticos\/\"><span style=\"font-weight: 400;\">los ajustes quiropr\u00e1cticos<\/span><\/a><span style=\"font-weight: 400;\"> para tratar el dolor cr\u00f3nico. Esta etapa permite a nuestro equipo monitorear los s\u00edntomas del paciente y manejar su dolor residual.<\/span><span style=\"font-weight: 400;\">\u00a0<\/span><\/p>\n<p><span style=\"font-weight: 400;\">La atenci\u00f3n correctiva tambi\u00e9n aborda cualquier recurrencia del dolor despu\u00e9s del tratamiento. Esto es normal y esperado, pero podemos tomar medidas para ajustar su plan y manejar su dolor cuando sea necesario.<\/span><\/p>\n<h3><b>Masaje<\/b><\/h3>\n<p><span style=\"font-weight: 400;\">Muchas personas rara vez piensan en el masaje como un tipo de terapia, pero trata de manera efectiva varias afecciones y s\u00edntomas m\u00e9dicos, que incluyen:<\/span><\/p>\n<ul>\n<li><span style=\"font-weight: 400;\"> \u00a0 \u00a0 <\/span><span style=\"font-weight: 400;\">Tension muscular<\/span><\/li>\n<li><span style=\"font-weight: 400;\"> \u00a0 \u00a0 <\/span><span style=\"font-weight: 400;\">espasmos<\/span><\/li>\n<li><span style=\"font-weight: 400;\"> \u00a0 \u00a0 <\/span><span style=\"font-weight: 400;\">El dolor relacionado<\/span><\/li>\n<\/ul>\n<p><span style=\"font-weight: 400;\">Nuestros terapeutas de masaje autorizados pueden tratar el dolor y la rigidez relacionados con la disfunci\u00f3n muscular y articular. El masaje tambi\u00e9n puede funcionar para aumentar la circulaci\u00f3n, aliviar los dolores de cabeza y m\u00e1s.<\/span><\/p>\n<p><span style=\"font-weight: 400;\">Nuestros m\u00e9dicos eval\u00faan las necesidades f\u00edsicas de cada paciente. Luego, los masajistas utilizan las t\u00e9cnicas adecuadas para abordarlos. El masaje tambi\u00e9n puede ser beneficioso junto con la rehabilitaci\u00f3n o el estiramiento y fortalecimiento para aumentar la flexibilidad y disminuir el dolor.<\/span><\/p>\n<p><span data-sheets-value=\"{&quot;1&quot;:2,&quot;2&quot;:&quot;&lt;div class=&quot;buttons&quot;&gt;\n        &lt;a class=&quot;content-number mid-page-call-click-button&quot; href=&quot;tel:2393699109&quot;&gt;Call us Now - 239-369-9109&lt;\/a&gt;\n        &lt;a class=&quot;content-number mid-page-form-click-button&quot; id=&quot;second-button&quot; href=&quot;#elementor-action%3Aaction%3Dpopup%3Aopen%26settings%3DeyJpZCI6MTkxOSwidG9nZ2xlIjpmYWxzZX0%3D&quot;&gt;Contact Us!&lt;\/a&gt;\n    &lt;\/div&gt;&quot;}\" data-sheets-userformat=\"{&quot;2&quot;:513,&quot;3&quot;:{&quot;1&quot;:0},&quot;12&quot;:0}\"><div class=\"buttons\">\n        <a class=\"content-number mid-page-call-click-button\" href=\"tel:2393699109\">Call us Now - 239-369-9109<\/a>\n        <a class=\"content-number mid-page-form-click-button\" id=\"second-button\" href=\"#elementor-action%3Aaction%3Dpopup%3Aopen%26settings%3DeyJpZCI6MTkxOSwidG9nZ2xlIjpmYWxzZX0%3D\">Contact Us!<\/a>\n    <\/div><\/span><\/p>\n<h3><b>Rehabilitaci\u00f3n<\/b><\/h3>\n<p><a href=\"https:\/\/medlineplus.gov\/rehabilitation.html\"><span style=\"font-weight: 400;\">La terapia de rehabilitaci\u00f3n<\/span><\/a><span style=\"font-weight: 400;\"> es uno de los tipos de fisioterapia m\u00e1s prescritos. Por lo general, sigue a una lesi\u00f3n que causa discapacidad o p\u00e9rdida del rango de movimiento o fuerza. Nuestra oficina de Cape Coral tiene una sala de rehabilitaci\u00f3n que brinda el equipo necesario para que nuestros terapeutas puedan ayudar a los pacientes a:<\/span><\/p>\n<ul>\n<li><span style=\"font-weight: 400;\"> \u00a0 \u00a0 <\/span><span style=\"font-weight: 400;\">Reconstruir su fuerza muscular<\/span><\/li>\n<li><span style=\"font-weight: 400;\"> \u00a0 \u00a0 <\/span><span style=\"font-weight: 400;\">Recuperar el rango de movimiento<\/span><\/li>\n<li><span style=\"font-weight: 400;\"> \u00a0 \u00a0 <\/span><span style=\"font-weight: 400;\">Mejorar la movilidad<\/span><\/li>\n<li><span style=\"font-weight: 400;\"> \u00a0 \u00a0 <\/span><span style=\"font-weight: 400;\">Volver a aprender habilidades o acciones espec\u00edficas<\/span><\/li>\n<li><span style=\"font-weight: 400;\"> \u00a0 \u00a0 <\/span><span style=\"font-weight: 400;\">Mantener la estabilidad y el equilibrio.<\/span><\/li>\n<\/ul>\n<p><span style=\"font-weight: 400;\">La terapia de rehabilitaci\u00f3n puede ser una parte vital de su plan si sufri\u00f3:<\/span><\/p>\n<ul>\n<li><span style=\"font-weight: 400;\"> \u00a0 \u00a0 <\/span><span style=\"font-weight: 400;\">Una lesi\u00f3n por movimientos repetitivos, como el s\u00edndrome del t\u00fanel carpiano<\/span><\/li>\n<li><span style=\"font-weight: 400;\"> \u00a0 \u00a0 <\/span><span style=\"font-weight: 400;\">Una lesi\u00f3n traum\u00e1tica, como una lesi\u00f3n articular que caus\u00f3 bursitis.<\/span><\/li>\n<li><span style=\"font-weight: 400;\"> \u00a0 \u00a0 <\/span><span style=\"font-weight: 400;\">Una afecci\u00f3n de dolor cr\u00f3nico, incluida la escoliosis.<\/span><\/li>\n<\/ul>\n<h3><b>Estiramiento y entrenamiento de fuerza<\/b><\/h3>\n<p><span style=\"font-weight: 400;\">El estiramiento y el fortalecimiento es a menudo lo primero que la gente imagina cuando piensa en la fisioterapia. Este tipo de capacitaci\u00f3n puede seguir un tratamiento de rehabilitaci\u00f3n, o nuestros m\u00e9dicos pueden prescribirlo en su lugar si no creemos que sus p\u00e9rdidas fueron lo suficientemente graves como para requerir rehabilitaci\u00f3n.<\/span><\/p>\n<p><span style=\"font-weight: 400;\">Como parte de nuestra admisi\u00f3n inicial, usaremos radiograf\u00edas y otras pruebas de detecci\u00f3n para comprender su condici\u00f3n. Luego, nuestro equipo usar\u00e1 esta informaci\u00f3n para determinar los ejercicios apropiados para ayudarlo a recuperar fuerza y \u200b\u200bflexibilidad y construir un cuerpo fuerte para el futuro.<\/span><\/p>\n<p><img fetchpriority=\"high\" decoding=\"async\" class=\"alignnone wp-image-3287 size-full\" src=\"https:\/\/sc-chiro.com\/wp-content\/uploads\/2021\/10\/Cape-Coral-physiotherapy-services.jpg\" alt=\"Man using stretch band for Cape Coral physiotherapy services\" width=\"500\" height=\"342\" srcset=\"https:\/\/wp-staging-a9mhabeca4.pairsite.com\/wp-content\/uploads\/2021\/10\/Cape-Coral-physiotherapy-services.jpg 500w, https:\/\/wp-staging-a9mhabeca4.pairsite.com\/wp-content\/uploads\/2021\/10\/Cape-Coral-physiotherapy-services-300x205.jpg 300w\" sizes=\"(max-width: 500px) 100vw, 500px\" \/><\/p>\n<p><span style=\"font-weight: 400;\">Por ejemplo, si sufre de dolor de cuello cr\u00f3nico, nuestros terapeutas pueden guiarlo a trav\u00e9s de varios estiramientos y ejercicios espec\u00edficos para ayudarlo a fortalecer los m\u00fasculos de su cuello y brindarle un rango completo de movimiento. En algunos casos, su terapeuta puede indicarle que realice actividades espec\u00edficas en casa una o m\u00e1s veces al d\u00eda.<\/span><\/p>\n<h3><b>Estimulaci\u00f3n Muscular El\u00e9ctrica (E-STIM)<\/b><\/h3>\n<p><a href=\"https:\/\/www.verywellhealth.com\/electrical-stimulation-2696122\"><span style=\"font-weight: 400;\">E-STIM<\/span><\/a><span style=\"font-weight: 400;\"> usa un dispositivo para enviar pulsos el\u00e9ctricos peque\u00f1os e inofensivos al cuerpo para estimular m\u00fasculos y grupos musculares espec\u00edficos. Estos pulsos promueven la reparaci\u00f3n y la curaci\u00f3n. Podemos recetar E-STIM para el dolor cr\u00f3nico, los espasmos musculares, la inflamaci\u00f3n y otras afecciones.<\/span><\/p>\n<h3><b>Terapia de ultrasonido<\/b><\/h3>\n<p><a href=\"https:\/\/www.verywellhealth.com\/what-is-ultrasound-therapy-2564506\"><span style=\"font-weight: 400;\">La terapia de ultrasonido<\/span><\/a><span style=\"font-weight: 400;\"> usa una m\u00e1quina para enviar ondas de sonido al tejido muscular, funcionando de manera similar al masaje. Esto puede estimular la circulaci\u00f3n sangu\u00ednea y la curaci\u00f3n del tejido da\u00f1ado. La terapia de ultrasonido se usa m\u00e1s com\u00fanmente en:<\/span><\/p>\n<ul>\n<li><span style=\"font-weight: 400;\"> \u00a0 \u00a0 <\/span><span style=\"font-weight: 400;\">Espalda<\/span><\/li>\n<li><span style=\"font-weight: 400;\"> \u00a0 \u00a0 <\/span><span style=\"font-weight: 400;\">Cuello<\/span><\/li>\n<li><span style=\"font-weight: 400;\"> \u00a0 \u00a0 <\/span><span style=\"font-weight: 400;\">Espalda baja<\/span><\/li>\n<li><span style=\"font-weight: 400;\"> \u00a0 \u00a0 <\/span><span style=\"font-weight: 400;\">amasa<\/span><\/li>\n<li><span style=\"font-weight: 400;\"> \u00a0 \u00a0 <\/span><span style=\"font-weight: 400;\">Muslos<\/span><\/li>\n<\/ul>\n<p><span style=\"font-weight: 400;\">Por ejemplo, a menudo usamos la terapia de ultrasonido en pacientes que sufren de bursitis en el hombro. La inflamaci\u00f3n en la bursa puede ocurrir debido a una lesi\u00f3n en los m\u00fasculos cercanos, que pueden responder a este tipo de terapia.<\/span><\/p>\n<h2><b>\u00bfQu\u00e9 condiciones tratamos con atenci\u00f3n quiropr\u00e1ctica y fisioterapia?<\/b><\/h2>\n<p><span style=\"font-weight: 400;\">Nuestra oficina de Cape Coral ofrece una amplia gama de atenci\u00f3n quiropr\u00e1ctica y fisioterapia. Nos enfocamos en prevenir lesiones y enfermedades, pero tambi\u00e9n ofrecemos tratamientos basados \u200b\u200ben evidencia para m\u00faltiples afecciones, trastornos y lesiones de dolor cr\u00f3nico, que incluyen:<\/span><\/p>\n<ul>\n<li><span style=\"font-weight: 400;\"> \u00a0 \u00a0 <\/span><span style=\"font-weight: 400;\">Dolor de espalda baja<\/span><\/li>\n<li><span style=\"font-weight: 400;\"> \u00a0 \u00a0 <\/span><a href=\"https:\/\/sc-chiro.com\/es\/cape-coral\/tratamiento-lesion-espalda\/\"><span style=\"font-weight: 400;\">Lesiones de espalda<\/span><\/a><span style=\"font-weight: 400;\"> y <a href=\"https:\/\/sc-chiro.com\/es\/cape-coral\/tratamiento-lesiones-columna\/\">lesiones de columna<\/a><\/span><\/li>\n<li><span style=\"font-weight: 400;\"> \u00a0 \u00a0 <\/span><a href=\"https:\/\/sc-chiro.com\/es\/cape-coral\/tratamiento-lesion-cuello\/\"><span style=\"font-weight: 400;\">lesiones en el cuello<\/span><\/a><\/li>\n<li><span style=\"font-weight: 400;\"> \u00a0 \u00a0 <\/span><a href=\"https:\/\/sc-chiro.com\/es\/cape-coral\/tratamiento-latigazo-cervical\/\"><span style=\"font-weight: 400;\">Latigazo<\/span><\/a><\/li>\n<li><span style=\"font-weight: 400;\"> \u00a0 \u00a0 <\/span><a href=\"https:\/\/sc-chiro.com\/es\/cape-coral\/tratamiento-escoliosis\/\"><span style=\"font-weight: 400;\">Escoliosis<\/span><\/a><\/li>\n<li><span style=\"font-weight: 400;\"> \u00a0 \u00a0 <\/span><a href=\"https:\/\/sc-chiro.com\/es\/cape-coral\/tratamiento-hernia-discal\/\"><span style=\"font-weight: 400;\">Discos herniados<\/span><\/a><\/li>\n<li><span style=\"font-weight: 400;\"> \u00a0 \u00a0 <\/span><a href=\"https:\/\/sc-chiro.com\/es\/cape-coral\/tratamiento-ciatica\/\"><span style=\"font-weight: 400;\">Ci\u00e1tica<\/span><\/a><\/li>\n<li><span style=\"font-weight: 400;\"> \u00a0 \u00a0 <\/span><a href=\"https:\/\/sc-chiro.com\/es\/cape-coral\/tratamiento-tunel-carpiano\/\"><span style=\"font-weight: 400;\">S\u00edndrome del t\u00fanel carpiano<\/span><\/a><\/li>\n<li><span style=\"font-weight: 400;\"> \u00a0 \u00a0 <\/span><a href=\"https:\/\/sc-chiro.com\/es\/cape-coral\/tratamiento-bursitis\/\"><span style=\"font-weight: 400;\">Bursitis<\/span><\/a><\/li>\n<li><span style=\"font-weight: 400;\"> \u00a0 \u00a0 <\/span><a href=\"https:\/\/sc-chiro.com\/es\/cape-coral\/tratamientos-distensiones-musculares\/\"><span style=\"font-weight: 400;\">Tensi\u00f3n muscular<\/span><\/a><\/li>\n<li><span style=\"font-weight: 400;\"> \u00a0 \u00a0 <\/span><span style=\"font-weight: 400;\">Condiciones de dolor cr\u00f3nico<\/span><\/li>\n<\/ul>\n<p><span style=\"font-weight: 400;\">En Specific Care Chiropractic, podemos adaptar un plan de tratamiento para satisfacer sus necesidades. Incluso si no est\u00e1 seguro de que un quiropr\u00e1ctico lo ayude con su diagn\u00f3stico, lo alentamos a que considere vernos para una evaluaci\u00f3n inicial. Nuestro equipo puede determinar los servicios que brindamos que podr\u00edan abordar su condici\u00f3n durante esta cita.<\/span><\/p>\n<p><span data-sheets-value=\"{&quot;1&quot;:2,&quot;2&quot;:&quot;&lt;div class=&quot;buttons&quot;&gt;\n        &lt;a class=&quot;content-number mid-page-call-click-button&quot; href=&quot;tel:2393699109&quot;&gt;Call us Now - 239-369-9109&lt;\/a&gt;\n        &lt;a class=&quot;content-number mid-page-form-click-button&quot; id=&quot;second-button&quot; href=&quot;#elementor-action%3Aaction%3Dpopup%3Aopen%26settings%3DeyJpZCI6MTkxOSwidG9nZ2xlIjpmYWxzZX0%3D&quot;&gt;Contact Us!&lt;\/a&gt;\n    &lt;\/div&gt;&quot;}\" data-sheets-userformat=\"{&quot;2&quot;:513,&quot;3&quot;:{&quot;1&quot;:0},&quot;12&quot;:0}\"><div class=\"buttons\">\n        <a class=\"content-number mid-page-call-click-button\" href=\"tel:2393699109\">Call us Now - 239-369-9109<\/a>\n        <a class=\"content-number mid-page-form-click-button\" id=\"second-button\" href=\"#elementor-action%3Aaction%3Dpopup%3Aopen%26settings%3DeyJpZCI6MTkxOSwidG9nZ2xlIjpmYWxzZX0%3D\">Contact Us!<\/a>\n    <\/div><\/span><\/p>\n<h2><b>La quiropr\u00e1ctica de atenci\u00f3n espec\u00edfica quiere ayudarlo a abordar su dolor cr\u00f3nico<\/b><\/h2>\n<p><span style=\"font-weight: 400;\">Nuestro equipo cree en la prevenci\u00f3n de enfermedades en lugar de tratar una afecci\u00f3n solo despu\u00e9s de que desarrolle s\u00edntomas. Con este fin, siempre nos esforzaremos por ayudar a cada cliente a estar saludable y mantenerse lo m\u00e1s saludable y fuerte posible. Este enfoque reduce significativamente el riesgo de lesiones o dolor cr\u00f3nico.<\/span><\/p>\n<p><span style=\"font-weight: 400;\">A\u00fan as\u00ed, la mayor\u00eda de nuestros pacientes ya sienten dolor o tienen alguna inquietud antes de acudir a nosotros para recibir atenci\u00f3n quiropr\u00e1ctica. Nuestras t\u00e9cnicas y planes \u00fanicos pueden abordar sus necesidades, incluido el alivio del dolor y los s\u00edntomas. Usando los servicios de quiropr\u00e1ctica y fisioterapia, ayudamos a nuestros pacientes a recuperarse para que puedan enfocarse en fortalecerse y proteger su salud en el futuro.<\/span><\/p>\n<p><span style=\"font-weight: 400;\">La oficina de Cape Coral de Specific Care Chiropractic est\u00e1 al otro lado de la calle de Caloosa Middle School y al final de la calle de Cape Coral Hospital. Nuestra direcci\u00f3n es:<\/span><\/p>\n<p><a href=\"https:\/\/www.google.com\/maps\/place\/Specific+Care+Chiropractic\/@26.6436233,-81.9428472,17z\/data=!3m1!4b1!4m5!3m4!1s0x0:0x9a593396ad750d66!8m2!3d26.6436047!4d-81.940688?authuser=3\"><span style=\"font-weight: 400;\">461 Del Prado Blvd SC<\/span><\/a><\/p>\n<p><a href=\"https:\/\/www.google.com\/maps\/place\/Specific+Care+Chiropractic\/@26.6436233,-81.9428472,17z\/data=!3m1!4b1!4m5!3m4!1s0x0:0x9a593396ad750d66!8m2!3d26.6436047!4d-81.940688?authuser=3\"><span style=\"font-weight: 400;\">Cabo Coral, FL 33990<\/span><\/a><\/p>\n<h2><b>Haga su cita para una consulta inicial en Cape Coral hoy<\/b><\/h2>\n<p><span style=\"font-weight: 400;\">En <\/span><a href=\"https:\/\/sc-chiro.com\/es\/\"><span style=\"font-weight: 400;\">Specific Care Chiropractic<\/span><\/a><span style=\"font-weight: 400;\"> , nuestros m\u00e9dicos abordan las necesidades e inquietudes \u00fanicas de cada paciente con un plan personalizado, que incorpora atenci\u00f3n quiropr\u00e1ctica y fisioterapia. Durante su visita inicial, evaluaremos su condici\u00f3n y dise\u00f1aremos un programa para reducir su dolor y ayudarlo a recuperarse.<\/span><span style=\"font-weight: 400;\">\u00a0<\/span><\/p>\n<p><span style=\"font-weight: 400;\">Llame al <a href=\"tel:239-369-9109\">239-369-9109<\/a> ahora para programar una cita con nuestro equipo.<\/span><\/p>\n","protected":false},"excerpt":{"rendered":"<p>La fisioterapia, a menudo llamada fisioterapia, es un m\u00e9todo comprobado para tratar el dolor cr\u00f3nico, rehabilitar despu\u00e9s de una lesi\u00f3n y prevenir futuras lesiones. Usando t\u00e9cnicas basadas en evidencia, nuestros m\u00e9dicos prescriben los servicios de fisioterapia de Cape Coral para tratar el dolor musculoesquel\u00e9tico. En Specific Care Chiropractic, trabajamos para ayudar a nuestros pacientes a [&hellip;]<\/p>\n","protected":false},"author":36,"featured_media":3642,"parent":4015,"menu_order":0,"comment_status":"closed","ping_status":"closed","template":"","meta":{"_acf_changed":false,"footnotes":""},"categories":[76],"tags":[68],"class_list":["post-4048","page","type-page","status-publish","has-post-thumbnail","hentry","category-cape-coral-ubicacion","tag-fisioterapia"],"acf":[],"_links":{"self":[{"href":"https:\/\/wp-staging-a9mhabeca4.pairsite.com\/es\/wp-json\/wp\/v2\/pages\/4048","targetHints":{"allow":["GET"]}}],"collection":[{"href":"https:\/\/wp-staging-a9mhabeca4.pairsite.com\/es\/wp-json\/wp\/v2\/pages"}],"about":[{"href":"https:\/\/wp-staging-a9mhabeca4.pairsite.com\/es\/wp-json\/wp\/v2\/types\/page"}],"author":[{"embeddable":true,"href":"https:\/\/wp-staging-a9mhabeca4.pairsite.com\/es\/wp-json\/wp\/v2\/users\/36"}],"replies":[{"embeddable":true,"href":"https:\/\/wp-staging-a9mhabeca4.pairsite.com\/es\/wp-json\/wp\/v2\/comments?post=4048"}],"version-history":[{"count":0,"href":"https:\/\/wp-staging-a9mhabeca4.pairsite.com\/es\/wp-json\/wp\/v2\/pages\/4048\/revisions"}],"up":[{"embeddable":true,"href":"https:\/\/wp-staging-a9mhabeca4.pairsite.com\/es\/wp-json\/wp\/v2\/pages\/4015"}],"wp:featuredmedia":[{"embeddable":true,"href":"https:\/\/wp-staging-a9mhabeca4.pairsite.com\/es\/wp-json\/wp\/v2\/media\/3642"}],"wp:attachment":[{"href":"https:\/\/wp-staging-a9mhabeca4.pairsite.com\/es\/wp-json\/wp\/v2\/media?parent=4048"}],"wp:term":[{"taxonomy":"category","embeddable":true,"href":"https:\/\/wp-staging-a9mhabeca4.pairsite.com\/es\/wp-json\/wp\/v2\/categories?post=4048"},{"taxonomy":"post_tag","embeddable":true,"href":"https:\/\/wp-staging-a9mhabeca4.pairsite.com\/es\/wp-json\/wp\/v2\/tags?post=4048"}],"curies":[{"name":"wp","href":"https:\/\/api.w.org\/{rel}","templated":true}]}}