{"id":4051,"date":"2021-11-15T20:46:36","date_gmt":"2021-11-15T20:46:36","guid":{"rendered":"https:\/\/qod-scchiro.local\/cape-coral\/spine-injury-treatment\/"},"modified":"2024-04-25T04:36:22","modified_gmt":"2024-04-25T04:36:22","slug":"tratamiento-lesiones-columna","status":"publish","type":"page","link":"https:\/\/wp-staging-a9mhabeca4.pairsite.com\/es\/cape-coral\/tratamiento-lesiones-columna\/","title":{"rendered":"Tratamiento de lesiones de la columna vertebral de Cape Coral"},"content":{"rendered":"<p><span style=\"font-weight: 400;\">Seg\u00fan el <\/span><span style=\"font-weight: 400;\">Centro Nacional de Estad\u00edsticas de Lesiones de la M\u00e9dula Espinal <\/span><span style=\"font-weight: 400;\">(NSCISC, por sus siglas en ingl\u00e9s)<\/span><span style=\"font-weight: 400;\"> , alrededor de 17,900 personas sufren una lesi\u00f3n de la m\u00e9dula espinal cada a\u00f1o. Las causas de estas lesiones incluyen:<\/span><span style=\"font-weight: 400;\">\u00a0<\/span><\/p>\n<ul>\n<li><span style=\"font-weight: 400;\"> \u00a0 \u00a0 <\/span><span style=\"font-weight: 400;\">accidentes automovil\u00edsticos<\/span><\/li>\n<li><span style=\"font-weight: 400;\"> \u00a0 \u00a0 <\/span><span style=\"font-weight: 400;\">Accidentes por resbalones y ca\u00eddas<\/span><\/li>\n<li><span style=\"font-weight: 400;\"> \u00a0 \u00a0 <\/span><span style=\"font-weight: 400;\">accidentes de construccion<\/span><\/li>\n<li><span style=\"font-weight: 400;\"> \u00a0 \u00a0 <\/span><span style=\"font-weight: 400;\">Enfermedad, como c\u00e1ncer u osteoporosis.<\/span><\/li>\n<li><span style=\"font-weight: 400;\"> \u00a0 \u00a0 <\/span><span style=\"font-weight: 400;\">Ca\u00f1onazo<\/span><\/li>\n<\/ul>\n<p><span style=\"font-weight: 400;\">Las lesiones de la m\u00e9dula espinal pueden causar par\u00e1lisis, impidiendo que las personas trabajen o desempe\u00f1en un papel activo en el cuidado de s\u00ed mismas y de sus familias. Si usted o un ser querido sufrieron una lesi\u00f3n en la columna, nuestros <\/span><a href=\"https:\/\/sc-chiro.com\/es\/cape-coral\/ajustes-quiropracticos\/\"><span style=\"font-weight: 400;\">quiropr\u00e1cticos<\/span><\/a><span style=\"font-weight: 400;\"> en Specific Care Chiropractic est\u00e1n aqu\u00ed para ayudarlo.<\/span><span style=\"font-weight: 400;\">\u00a0<\/span><\/p>\n<p><span style=\"font-weight: 400;\">Ofrecemos tratamiento de lesiones de la columna vertebral de Cape Coral a los pacientes para restaurar la funcionalidad y\/o reducir el dolor derivado del sitio de la lesi\u00f3n.<\/span><\/p>\n<p><span style=\"font-weight: 400;\">\t\t<div data-elementor-type=\"section\" data-elementor-id=\"3935\" class=\"elementor elementor-3935\" data-elementor-post-type=\"elementor_library\">\n\t\t\t\t\t<section class=\"elementor-section elementor-top-section elementor-element elementor-element-bef2904 elementor-section-boxed elementor-section-height-default elementor-section-height-default\" data-id=\"bef2904\" data-element_type=\"section\">\n\t\t\t\t\t\t<div class=\"elementor-container elementor-column-gap-default\">\n\t\t\t\t\t<div class=\"elementor-column elementor-col-100 elementor-top-column elementor-element elementor-element-57dcad5 section-toc\" data-id=\"57dcad5\" data-element_type=\"column\">\n\t\t\t<div class=\"elementor-widget-wrap elementor-element-populated\">\n\t\t\t\t\t\t<div class=\"elementor-element elementor-element-0c49dfc elementor-toc--minimized-on-tablet elementor-widget elementor-widget-table-of-contents\" data-id=\"0c49dfc\" data-element_type=\"widget\" data-settings=\"{&quot;exclude_headings_by_selector&quot;:&quot;.toc-remove&quot;,&quot;headings_by_tags&quot;:[&quot;h2&quot;,&quot;h3&quot;,&quot;h4&quot;,&quot;h5&quot;,&quot;h6&quot;],&quot;marker_view&quot;:&quot;numbers&quot;,&quot;no_headings_message&quot;:&quot;No se ha encontrado ning\\u00fan encabezado en esta p\\u00e1gina.&quot;,&quot;minimize_box&quot;:&quot;yes&quot;,&quot;minimized_on&quot;:&quot;tablet&quot;,&quot;hierarchical_view&quot;:&quot;yes&quot;,&quot;min_height&quot;:{&quot;unit&quot;:&quot;px&quot;,&quot;size&quot;:&quot;&quot;,&quot;sizes&quot;:[]},&quot;min_height_tablet&quot;:{&quot;unit&quot;:&quot;px&quot;,&quot;size&quot;:&quot;&quot;,&quot;sizes&quot;:[]},&quot;min_height_mobile&quot;:{&quot;unit&quot;:&quot;px&quot;,&quot;size&quot;:&quot;&quot;,&quot;sizes&quot;:[]}}\" data-widget_type=\"table-of-contents.default\">\n\t\t\t\t<div class=\"elementor-widget-container\">\n\t\t\t\t\t<div class=\"elementor-toc__header\">\n\t\t\t<h4 class=\"elementor-toc__header-title\">\n\t\t\t\tTabla de Contenidos\t\t\t<\/h4>\n\t\t\t\t\t\t\t<div class=\"elementor-toc__toggle-button elementor-toc__toggle-button--expand\" role=\"button\" tabindex=\"0\" aria-controls=\"elementor-toc__0c49dfc\" aria-expanded=\"true\" aria-label=\"Abrir la tabla de contenidos\"><i aria-hidden=\"true\" class=\"fas fa-chevron-down\"><\/i><\/div>\n\t\t\t\t<div class=\"elementor-toc__toggle-button elementor-toc__toggle-button--collapse\" role=\"button\" tabindex=\"0\" aria-controls=\"elementor-toc__0c49dfc\" aria-expanded=\"true\" aria-label=\"Cerrar la tabla de contenidos\"><i aria-hidden=\"true\" class=\"fas fa-chevron-up\"><\/i><\/div>\n\t\t\t\t\t<\/div>\n\t\t<div id=\"elementor-toc__0c49dfc\" class=\"elementor-toc__body\">\n\t\t\t<div class=\"elementor-toc__spinner-container\">\n\t\t\t\t<i class=\"elementor-toc__spinner eicon-animation-spin eicon-loading\" aria-hidden=\"true\"><\/i>\t\t\t<\/div>\n\t\t<\/div>\n\t\t\t\t<\/div>\n\t\t\t\t<\/div>\n\t\t\t\t\t<\/div>\n\t\t<\/div>\n\t\t\t\t\t<\/div>\n\t\t<\/section>\n\t\t\t\t<\/div>\n\t\t<\/span><\/p>\n<h2><b>Las lesiones relacionadas con la columna vertebral pueden causar par\u00e1lisis completa o incompleta en el cuerpo<\/b><\/h2>\n<p><span style=\"font-weight: 400;\">Si sufre una lesi\u00f3n en la m\u00e9dula espinal, su lesi\u00f3n se clasifica en una de dos categor\u00edas:<\/span><\/p>\n<h3><b>Lesiones completas de la m\u00e9dula espinal<\/b><\/h3>\n<p><span style=\"font-weight: 400;\">Las lesiones de la m\u00e9dula espinal que resultan en par\u00e1lisis total se etiquetan como \u201ccompletas\u201d. Sin embargo, las v\u00edctimas no tienen que perder la funci\u00f3n de todo su cuerpo para tener una lesi\u00f3n espinal completa. M\u00e1s bien, la par\u00e1lisis total puede implicar:<\/span><\/p>\n<ul>\n<li><span style=\"font-weight: 400;\"> \u00a0 \u00a0 <\/span><b>Cuadriplejia <\/b><span style=\"font-weight: 400;\">: los pacientes que se lesionan a lo largo del \u00e1rea cervical de la columna pueden experimentar una par\u00e1lisis total debajo del cuello, perdiendo la funci\u00f3n en las cuatro extremidades y el torso.<\/span><\/li>\n<li><span style=\"font-weight: 400;\"> \u00a0 \u00a0 <\/span><b>Paraplej\u00eda <\/b><span style=\"font-weight: 400;\">: los pacientes que se lesionan m\u00e1s abajo a lo largo de la m\u00e9dula espinal pueden experimentar una par\u00e1lisis total en la mitad inferior de su cuerpo, pero a\u00fan pueden mover los brazos y la parte superior del torso.<\/span><\/li>\n<\/ul>\n<h3><b>Lesiones incompletas de la m\u00e9dula espinal<\/b><\/h3>\n<p><span style=\"font-weight: 400;\">Las lesiones de la m\u00e9dula espinal etiquetadas como &#8220;incompletas&#8221; sugieren que las v\u00edctimas pueden perder la movilidad y la funci\u00f3n en una parte o un lado del cuerpo, pero a\u00fan conservan la comunicaci\u00f3n neuronal con el resto del cuerpo. Por ejemplo, una persona puede perder la capacidad de mover el brazo y la pierna izquierdos, pero a\u00fan puede escribir y realizar acciones limitadas con el brazo y la pierna derechos.<\/span><\/p>\n<p><span style=\"font-weight: 400;\">Comprender si su lesi\u00f3n en la columna vertebral est\u00e1 completa o incompleta determinar\u00e1 qu\u00e9 objetivos tiene con su plan de tratamiento. Nuestros m\u00e9dicos examinar\u00e1n su condici\u00f3n y luego analizar\u00e1n las expectativas realistas para su tratamiento.<\/span><\/p>\n<p><span style=\"font-weight: 400;\">Esto podr\u00eda implicar restaurar la funcionalidad en una parte de su cuerpo o ejercitar las extremidades para mantener un buen flujo sangu\u00edneo y retenci\u00f3n muscular.<\/span><\/p>\n<p><span data-sheets-value=\"{&quot;1&quot;:2,&quot;2&quot;:&quot;&lt;div class=&quot;buttons&quot;&gt;\n        &lt;a class=&quot;content-number mid-page-call-click-button&quot; href=&quot;tel:2393699109&quot;&gt;Call us Now - 239-369-9109&lt;\/a&gt;\n        &lt;a class=&quot;content-number mid-page-form-click-button&quot; id=&quot;second-button&quot; href=&quot;#elementor-action%3Aaction%3Dpopup%3Aopen%26settings%3DeyJpZCI6MTkxOSwidG9nZ2xlIjpmYWxzZX0%3D&quot;&gt;Contact Us!&lt;\/a&gt;\n    &lt;\/div&gt;&quot;}\" data-sheets-userformat=\"{&quot;2&quot;:513,&quot;3&quot;:{&quot;1&quot;:0},&quot;12&quot;:0}\"><div class=\"buttons\">\n        <a class=\"content-number mid-page-call-click-button\" href=\"tel:2393699109\">Call us Now - 239-369-9109<\/a>\n        <a class=\"content-number mid-page-form-click-button\" id=\"second-button\" href=\"#elementor-action%3Aaction%3Dpopup%3Aopen%26settings%3DeyJpZCI6MTkxOSwidG9nZ2xlIjpmYWxzZX0%3D\">Contact Us!<\/a>\n    <\/div><\/span><\/p>\n<h2><b>Los ajustes quiropr\u00e1cticos pueden permitir a los pacientes realinear su columna vertebral y aliviar el dolor<\/b><\/h2>\n<p><span style=\"font-weight: 400;\">La manipulaci\u00f3n espinal, o ajustes quiropr\u00e1cticos, se usa para ayudar a los pacientes a realinear su m\u00e9dula espinal. Esto puede ser efectivo si parte de la lesi\u00f3n involucra una hernia de disco, da\u00f1o a los nervios o inflamaci\u00f3n entre las v\u00e9rtebras. Nuestros m\u00e9dicos utilizan diferentes estilos de t\u00e9cnicas en su atenci\u00f3n quiropr\u00e1ctica para abordar las necesidades \u00fanicas de cada paciente. El objetivo de nuestro equipo es brindar alivio y curaci\u00f3n.<\/span><\/p>\n<p><span style=\"font-weight: 400;\">Nuestras t\u00e9cnicas de ajustes quiropr\u00e1cticos incluyen:<\/span><\/p>\n<ul>\n<li><span style=\"font-weight: 400;\"> \u00a0 \u00a0 <\/span><span style=\"font-weight: 400;\">Diversificado<\/span><\/li>\n<li><span style=\"font-weight: 400;\"> \u00a0 \u00a0 <\/span><span style=\"font-weight: 400;\">Manipulaci\u00f3n de extremidades<\/span><\/li>\n<li><span style=\"font-weight: 400;\"> \u00a0 \u00a0 <\/span><span style=\"font-weight: 400;\">T\u00e9cnica de mesa abatible de Thompson<\/span><\/li>\n<li><span style=\"font-weight: 400;\"> \u00a0 \u00a0 <\/span><span style=\"font-weight: 400;\">postura lateral<\/span><\/li>\n<li><span style=\"font-weight: 400;\"> \u00a0 \u00a0 <\/span><span style=\"font-weight: 400;\">Sentado diversificado<\/span><\/li>\n<li><span style=\"font-weight: 400;\"> \u00a0 \u00a0 <\/span><span style=\"font-weight: 400;\">Alternar retroceso<\/span><\/li>\n<li><span style=\"font-weight: 400;\"> \u00a0 \u00a0 <\/span><span style=\"font-weight: 400;\">T\u00e9cnica Sacro-Occipital (SOT)<\/span><\/li>\n<li><span style=\"font-weight: 400;\"> \u00a0 \u00a0 <\/span><span style=\"font-weight: 400;\">Activador<\/span><\/li>\n<\/ul>\n<p><span style=\"font-weight: 400;\">Cada estilo de t\u00e9cnica implica empujes estrat\u00e9gicos en \u00e1reas objetivo de la m\u00e9dula espinal para aliviar el dolor y reposicionar las v\u00e9rtebras y las articulaciones en la alineaci\u00f3n adecuada. Nuestros m\u00e9dicos tambi\u00e9n se mantienen transparentes en la atenci\u00f3n que brindan. Por lo tanto, pueden explicar sus t\u00e9cnicas antes o mientras las realizan para que comprenda el prop\u00f3sito de su tratamiento.<\/span><\/p>\n<p><img fetchpriority=\"high\" decoding=\"async\" class=\"alignnone wp-image-3397 size-full\" src=\"https:\/\/sc-chiro.com\/wp-content\/uploads\/2021\/11\/Cape-Coral-spine-injury-treatment.jpg\" alt=\"Young African American man in wheelchair exercising, Cape Coral spine injury treatment\" width=\"500\" height=\"333\" srcset=\"https:\/\/wp-staging-a9mhabeca4.pairsite.com\/wp-content\/uploads\/2021\/11\/Cape-Coral-spine-injury-treatment.jpg 500w, https:\/\/wp-staging-a9mhabeca4.pairsite.com\/wp-content\/uploads\/2021\/11\/Cape-Coral-spine-injury-treatment-300x200.jpg 300w\" sizes=\"(max-width: 500px) 100vw, 500px\" \/><\/p>\n<h2><b>La fisioterapia ayuda a los pacientes a recuperar la fuerza y \u200b\u200bla movilidad durante la rehabilitaci\u00f3n<\/b><\/h2>\n<p><span style=\"font-weight: 400;\">Para las personas con lesiones de la m\u00e9dula espinal, a menudo combinamos la <\/span><a href=\"https:\/\/sc-chiro.com\/es\/cape-coral\/servicios-fisioterapia\/\"><span style=\"font-weight: 400;\">fisioterapia<\/span><\/a><span style=\"font-weight: 400;\"> con la atenci\u00f3n quiropr\u00e1ctica para fomentar una curaci\u00f3n completa. <\/span><a href=\"https:\/\/www.nature.com\/articles\/s41393-019-0242-z\"><i><span style=\"font-weight: 400;\">Spinal Cord<\/span><\/i><\/a><span style=\"font-weight: 400;\"> public\u00f3 un informe sobre c\u00f3mo la fisioterapia en el tratamiento mejor\u00f3 la fuerza muscular de las partes involucradas. Este puede ser un objetivo clave para muchos pacientes que tienen par\u00e1lisis total en ciertas partes del cuerpo.<\/span> <span style=\"font-weight: 400;\">\u00a0<\/span><\/p>\n<p><span style=\"font-weight: 400;\">En Specific Care Chiropractic, nuestras t\u00e9cnicas de fisioterapia incluyen:<\/span><\/p>\n<h3><b>Atenci\u00f3n correctiva<\/b><\/h3>\n<p><span style=\"font-weight: 400;\">Los pacientes que reciben ajustes quiropr\u00e1cticos a menudo requieren varias sesiones para continuar realineando la m\u00e9dula espinal correctamente. Como tal, nuestros m\u00e9dicos aplicar\u00e1n cuidados correctivos en funci\u00f3n de c\u00f3mo su cuerpo recibe cada ajuste.<\/span><\/p>\n<p><span style=\"font-weight: 400;\">Los brotes de dolor son comunes y deben comunicarse con su quiropr\u00e1ctico para que pueda aplicar la atenci\u00f3n correctiva adecuada.<\/span><\/p>\n<h3><b>Terapia de Masajes<\/b><\/h3>\n<p><span style=\"font-weight: 400;\">Su equipo m\u00e9dico puede usar esta terapia al final de su sesi\u00f3n para permitir que sus m\u00fasculos se relajen. Los pacientes pueden recibir un masaje de tejido profundo para fomentar un mejor flujo sangu\u00edneo, reparaci\u00f3n de tejidos y flexibilidad. Los pacientes que sufren dolores de cabeza tambi\u00e9n pueden encontrar alivio.<\/span><\/p>\n<h3><b>Terapia de ultrasonido<\/b><\/h3>\n<p><span style=\"font-weight: 400;\">Esta terapia utiliza tecnolog\u00eda de ultrasonido para disparar ondas de sonido a los m\u00fasculos y restaurar el tejido da\u00f1ado. Si su lesi\u00f3n de la m\u00e9dula espinal result\u00f3 en cicatrices graves, esta terapia tambi\u00e9n podr\u00eda ayudar a descomponer el tejido cicatricial para estimular la curaci\u00f3n.<\/span><\/p>\n<h3><b>Terapia de rehabilitaci\u00f3n<\/b><\/h3>\n<p><span style=\"font-weight: 400;\">La terapia de rehabilitaci\u00f3n consiste en implementar ejercicios seguros para permitir que su cuerpo recupere la estabilidad y el equilibrio. Dependiendo de su rango de funciones, puede realizar diferentes ejercicios en nuestra sala de rehabilitaci\u00f3n y usar diferentes herramientas que ofrecemos, como la plataforma vibratoria.<\/span><\/p>\n<h3><b>Terapia de Estimulaci\u00f3n Muscular El\u00e9ctrica (E-STIM)<\/b><\/h3>\n<p><span style=\"font-weight: 400;\">La terapia E-STIM, como la terapia de ultrasonido, consiste en disparar pulsos el\u00e9ctricos al cuerpo para apuntar al tejido muscular da\u00f1ado. Si sufriste una lesi\u00f3n en la columna a causa de un accidente deportivo y ahora experimentas espasmos musculares, esta terapia podr\u00eda reducir ese efecto.<\/span><\/p>\n<h3><b>Terapia de ejercicios de estiramiento y fortalecimiento<\/b><\/h3>\n<p><span style=\"font-weight: 400;\">Esta terapia consiste en aprender diferentes ejercicios que puedes practicar en nuestras instalaciones y en tu casa. A medida que su cuerpo sane con el tiempo, es posible que aumentemos el nivel de dificultad de estos ejercicios. De esta manera, puede reconstruir los m\u00fasculos o recuperar la flexibilidad en las extremidades y el torso.<\/span><\/p>\n<p><span data-sheets-value=\"{&quot;1&quot;:2,&quot;2&quot;:&quot;&lt;div class=&quot;buttons&quot;&gt;\n        &lt;a class=&quot;content-number mid-page-call-click-button&quot; href=&quot;tel:2393699109&quot;&gt;Call us Now - 239-369-9109&lt;\/a&gt;\n        &lt;a class=&quot;content-number mid-page-form-click-button&quot; id=&quot;second-button&quot; href=&quot;#elementor-action%3Aaction%3Dpopup%3Aopen%26settings%3DeyJpZCI6MTkxOSwidG9nZ2xlIjpmYWxzZX0%3D&quot;&gt;Contact Us!&lt;\/a&gt;\n    &lt;\/div&gt;&quot;}\" data-sheets-userformat=\"{&quot;2&quot;:513,&quot;3&quot;:{&quot;1&quot;:0},&quot;12&quot;:0}\"><div class=\"buttons\">\n        <a class=\"content-number mid-page-call-click-button\" href=\"tel:2393699109\">Call us Now - 239-369-9109<\/a>\n        <a class=\"content-number mid-page-form-click-button\" id=\"second-button\" href=\"#elementor-action%3Aaction%3Dpopup%3Aopen%26settings%3DeyJpZCI6MTkxOSwidG9nZ2xlIjpmYWxzZX0%3D\">Contact Us!<\/a>\n    <\/div><\/span><\/p>\n<h2><b>Lo que consideramos al crear su plan de tratamiento<\/b><\/h2>\n<p><span style=\"font-weight: 400;\">Antes de pasar por cualquiera de estas terapias, nuestros m\u00e9dicos realizar\u00e1n un examen f\u00edsico para medir:<\/span><\/p>\n<ul>\n<li><span style=\"font-weight: 400;\"> \u00a0 \u00a0 <\/span><span style=\"font-weight: 400;\">Su rango de movimiento actual y posible<\/span><\/li>\n<li><span style=\"font-weight: 400;\"> \u00a0 \u00a0 <\/span><span style=\"font-weight: 400;\">La gravedad de su lesi\u00f3n en la columna<\/span><\/li>\n<li><span style=\"font-weight: 400;\"> \u00a0 \u00a0 <\/span><span style=\"font-weight: 400;\">Si la enfermedad u otras comorbilidades afectan el progreso de su lesi\u00f3n<\/span><\/li>\n<li><span style=\"font-weight: 400;\"> \u00a0 \u00a0 <\/span><span style=\"font-weight: 400;\">Si su lesi\u00f3n afecta sus nervios, articulaciones u otras partes de su cuerpo adem\u00e1s de la m\u00e9dula espinal<\/span><\/li>\n<\/ul>\n<p><span style=\"font-weight: 400;\">Su primera cita implicar\u00e1 principalmente:<\/span><\/p>\n<ul>\n<li><span style=\"font-weight: 400;\"> \u00a0 \u00a0 <\/span><span style=\"font-weight: 400;\">Diagn\u00f3stico de la gravedad de su lesi\u00f3n<\/span><\/li>\n<li><span style=\"font-weight: 400;\"> \u00a0 \u00a0 <\/span><span style=\"font-weight: 400;\">Revisando su historial m\u00e9dico<\/span><\/li>\n<li><span style=\"font-weight: 400;\"> \u00a0 \u00a0 <\/span><span style=\"font-weight: 400;\">Obtener un examen de rayos X<\/span><\/li>\n<\/ul>\n<p><span style=\"font-weight: 400;\">Durante su pr\u00f3xima cita, uno de nuestros m\u00e9dicos puede analizar c\u00f3mo planean tratarlo durante las pr\u00f3ximas semanas o meses seg\u00fan su lesi\u00f3n.<\/span><\/p>\n<h2><b>Obtenga tratamiento para lesiones en la columna vertebral de Cape Coral en Specific Care Chiropractic<\/b><\/h2>\n<p><span style=\"font-weight: 400;\">No tiene que seguir viviendo con el dolor de una lesi\u00f3n en la columna, ya que existen tratamientos que pueden dirigirse a las \u00e1reas inflamadas de la columna y aliviarlo. Nuestros quiropr\u00e1cticos en <\/span><a href=\"https:\/\/sc-chiro.com\/es\/\"><span style=\"font-weight: 400;\">Specific Care Chiropractic<\/span><\/a><span style=\"font-weight: 400;\"> tienen licencia para realizar manipulaci\u00f3n de la columna y fisioterapia para lesiones relacionadas con la columna. Podemos ayudarlo si tiene una hernia de disco o una lesi\u00f3n en la espalda baja causada por a\u00f1os de trabajo.<\/span><\/p>\n<p><span style=\"font-weight: 400;\">Visite nuestra <\/span><a href=\"https:\/\/sc-chiro.com\/es\/cape-coral\/\"><span style=\"font-weight: 400;\">ubicaci\u00f3n de Cape Coral<\/span><\/a><span style=\"font-weight: 400;\"> en Del Prado Boulevard para su primera cita, y nuestros m\u00e9dicos pueden comenzar con su plan de tratamiento. Llame al <a href=\"tel:239-369-9109\">239-369-9109<\/a> para programar su cita hoy.<\/span><\/p>\n","protected":false},"excerpt":{"rendered":"<p>Seg\u00fan el Centro Nacional de Estad\u00edsticas de Lesiones de la M\u00e9dula Espinal (NSCISC, por sus siglas en ingl\u00e9s) , alrededor de 17,900 personas sufren una lesi\u00f3n de la m\u00e9dula espinal cada a\u00f1o. Las causas de estas lesiones incluyen:\u00a0 \u00a0 \u00a0 accidentes automovil\u00edsticos \u00a0 \u00a0 Accidentes por resbalones y ca\u00eddas \u00a0 \u00a0 accidentes de construccion \u00a0 [&hellip;]<\/p>\n","protected":false},"author":36,"featured_media":0,"parent":4015,"menu_order":0,"comment_status":"closed","ping_status":"closed","template":"","meta":{"_acf_changed":false,"footnotes":""},"categories":[76],"tags":[72],"class_list":["post-4051","page","type-page","status-publish","hentry","category-cape-coral-ubicacion","tag-lesion-de-columna"],"acf":[],"_links":{"self":[{"href":"https:\/\/wp-staging-a9mhabeca4.pairsite.com\/es\/wp-json\/wp\/v2\/pages\/4051","targetHints":{"allow":["GET"]}}],"collection":[{"href":"https:\/\/wp-staging-a9mhabeca4.pairsite.com\/es\/wp-json\/wp\/v2\/pages"}],"about":[{"href":"https:\/\/wp-staging-a9mhabeca4.pairsite.com\/es\/wp-json\/wp\/v2\/types\/page"}],"author":[{"embeddable":true,"href":"https:\/\/wp-staging-a9mhabeca4.pairsite.com\/es\/wp-json\/wp\/v2\/users\/36"}],"replies":[{"embeddable":true,"href":"https:\/\/wp-staging-a9mhabeca4.pairsite.com\/es\/wp-json\/wp\/v2\/comments?post=4051"}],"version-history":[{"count":0,"href":"https:\/\/wp-staging-a9mhabeca4.pairsite.com\/es\/wp-json\/wp\/v2\/pages\/4051\/revisions"}],"up":[{"embeddable":true,"href":"https:\/\/wp-staging-a9mhabeca4.pairsite.com\/es\/wp-json\/wp\/v2\/pages\/4015"}],"wp:attachment":[{"href":"https:\/\/wp-staging-a9mhabeca4.pairsite.com\/es\/wp-json\/wp\/v2\/media?parent=4051"}],"wp:term":[{"taxonomy":"category","embeddable":true,"href":"https:\/\/wp-staging-a9mhabeca4.pairsite.com\/es\/wp-json\/wp\/v2\/categories?post=4051"},{"taxonomy":"post_tag","embeddable":true,"href":"https:\/\/wp-staging-a9mhabeca4.pairsite.com\/es\/wp-json\/wp\/v2\/tags?post=4051"}],"curies":[{"name":"wp","href":"https:\/\/api.w.org\/{rel}","templated":true}]}}