{"id":4053,"date":"2021-10-12T19:02:18","date_gmt":"2021-10-12T19:02:18","guid":{"rendered":"https:\/\/qod-scchiro.local\/cape-coral\/chiropractic-adjustments\/"},"modified":"2023-07-16T12:52:40","modified_gmt":"2023-07-16T12:52:40","slug":"ajustes-quiropracticos","status":"publish","type":"page","link":"https:\/\/wp-staging-a9mhabeca4.pairsite.com\/es\/cape-coral\/ajustes-quiropracticos\/","title":{"rendered":"Ajustes quiropr\u00e1cticos en Cape Coral"},"content":{"rendered":"<p><span style=\"font-weight: 400;\">Nuestro equipo ofrece planes personalizados para ajustes quiropr\u00e1cticos en <\/span><a href=\"https:\/\/sc-chiro.com\/es\/cape-coral\/\"><span style=\"font-weight: 400;\">Cape Coral<\/span><\/a><span style=\"font-weight: 400;\">. Usamos tratamientos basados \u200b\u200ben evidencia para ayudar a nuestros pacientes a reducir sus s\u00edntomas y promover la salud y el bienestar en el futuro.<\/span><span style=\"font-weight: 400;\">\u00a0<\/span><\/p>\n<p><span style=\"font-weight: 400;\">En Specific Care Chiropractic, nuestros m\u00e9dicos pueden tratar una amplia gama de afecciones, lesiones y trastornos musculoesquel\u00e9ticos mediante la manipulaci\u00f3n espinal y otras t\u00e9cnicas. Evaluaremos sus necesidades y dise\u00f1aremos un programa para usted durante su visita inicial.<\/span><\/p>\n<p><span style=\"font-weight: 400;\">\t\t<div data-elementor-type=\"section\" data-elementor-id=\"3935\" class=\"elementor elementor-3935\" data-elementor-post-type=\"elementor_library\">\n\t\t\t\t\t<section class=\"elementor-section elementor-top-section elementor-element elementor-element-bef2904 elementor-section-boxed elementor-section-height-default elementor-section-height-default\" data-id=\"bef2904\" data-element_type=\"section\">\n\t\t\t\t\t\t<div class=\"elementor-container elementor-column-gap-default\">\n\t\t\t\t\t<div class=\"elementor-column elementor-col-100 elementor-top-column elementor-element elementor-element-57dcad5 section-toc\" data-id=\"57dcad5\" data-element_type=\"column\">\n\t\t\t<div class=\"elementor-widget-wrap elementor-element-populated\">\n\t\t\t\t\t\t<div class=\"elementor-element elementor-element-0c49dfc elementor-toc--minimized-on-tablet elementor-widget elementor-widget-table-of-contents\" data-id=\"0c49dfc\" data-element_type=\"widget\" data-settings=\"{&quot;exclude_headings_by_selector&quot;:&quot;.toc-remove&quot;,&quot;headings_by_tags&quot;:[&quot;h2&quot;,&quot;h3&quot;,&quot;h4&quot;,&quot;h5&quot;,&quot;h6&quot;],&quot;marker_view&quot;:&quot;numbers&quot;,&quot;no_headings_message&quot;:&quot;No se ha encontrado ning\\u00fan encabezado en esta p\\u00e1gina.&quot;,&quot;minimize_box&quot;:&quot;yes&quot;,&quot;minimized_on&quot;:&quot;tablet&quot;,&quot;hierarchical_view&quot;:&quot;yes&quot;,&quot;min_height&quot;:{&quot;unit&quot;:&quot;px&quot;,&quot;size&quot;:&quot;&quot;,&quot;sizes&quot;:[]},&quot;min_height_tablet&quot;:{&quot;unit&quot;:&quot;px&quot;,&quot;size&quot;:&quot;&quot;,&quot;sizes&quot;:[]},&quot;min_height_mobile&quot;:{&quot;unit&quot;:&quot;px&quot;,&quot;size&quot;:&quot;&quot;,&quot;sizes&quot;:[]}}\" data-widget_type=\"table-of-contents.default\">\n\t\t\t\t<div class=\"elementor-widget-container\">\n\t\t\t\t\t<div class=\"elementor-toc__header\">\n\t\t\t<h4 class=\"elementor-toc__header-title\">\n\t\t\t\tTabla de Contenidos\t\t\t<\/h4>\n\t\t\t\t\t\t\t<div class=\"elementor-toc__toggle-button elementor-toc__toggle-button--expand\" role=\"button\" tabindex=\"0\" aria-controls=\"elementor-toc__0c49dfc\" aria-expanded=\"true\" aria-label=\"Abrir la tabla de contenidos\"><i aria-hidden=\"true\" class=\"fas fa-chevron-down\"><\/i><\/div>\n\t\t\t\t<div class=\"elementor-toc__toggle-button elementor-toc__toggle-button--collapse\" role=\"button\" tabindex=\"0\" aria-controls=\"elementor-toc__0c49dfc\" aria-expanded=\"true\" aria-label=\"Cerrar la tabla de contenidos\"><i aria-hidden=\"true\" class=\"fas fa-chevron-up\"><\/i><\/div>\n\t\t\t\t\t<\/div>\n\t\t<div id=\"elementor-toc__0c49dfc\" class=\"elementor-toc__body\">\n\t\t\t<div class=\"elementor-toc__spinner-container\">\n\t\t\t\t<i class=\"elementor-toc__spinner eicon-animation-spin eicon-loading\" aria-hidden=\"true\"><\/i>\t\t\t<\/div>\n\t\t<\/div>\n\t\t\t\t<\/div>\n\t\t\t\t<\/div>\n\t\t\t\t\t<\/div>\n\t\t<\/div>\n\t\t\t\t\t<\/div>\n\t\t<\/section>\n\t\t\t\t<\/div>\n\t\t<\/span><\/p>\n<h2>\u00bfQu\u00e9 tratan los ajustes quiropr\u00e1cticos?<\/h2>\n<p><span style=\"font-weight: 400;\">Hay mucha evidencia que muestra los beneficios de varios ajustes quiropr\u00e1cticos cuando se tratan ciertos trastornos, lesiones y otros problemas m\u00e9dicos. Nuestros m\u00e9dicos en Specific Care Chiropractic pueden recetar manipulaciones y ajustes para abordar muchos diagn\u00f3sticos y dolores relacionados con la columna, que incluyen:<\/span><\/p>\n<ul>\n<li><span style=\"font-weight: 400;\"> \u00a0 \u00a0 <\/span><span style=\"font-weight: 400;\">Dolor de espalda baja<\/span><\/li>\n<li><span style=\"font-weight: 400;\"> \u00a0 \u00a0 <\/span><a href=\"https:\/\/sc-chiro.com\/es\/cape-coral\/tratamiento-lesion-espalda\/\"><span style=\"font-weight: 400;\">Lesiones de espalda<\/span><\/a><\/li>\n<li><span style=\"font-weight: 400;\"> \u00a0 \u00a0 <\/span><a href=\"https:\/\/sc-chiro.com\/es\/cape-coral\/tratamiento-lesion-cuello\/\"><span style=\"font-weight: 400;\">Lesiones en el cuello<\/span><\/a><span style=\"font-weight: 400;\"> , como <\/span><a href=\"https:\/\/sc-chiro.com\/es\/cape-coral\/tratamiento-latigazo-cervical\/\"><span style=\"font-weight: 400;\">latigazo cervical\u00a0<\/span><\/a><\/li>\n<li><span style=\"font-weight: 400;\"> \u00a0 \u00a0 <\/span><a href=\"https:\/\/sc-chiro.com\/es\/cape-coral\/tratamiento-hernia-discal\/\"><span style=\"font-weight: 400;\">Discos herniados<\/span><\/a><\/li>\n<li><span style=\"font-weight: 400;\"> \u00a0 \u00a0 <\/span><a href=\"https:\/\/sc-chiro.com\/es\/cape-coral\/tratamiento-ciatica\/\"><span style=\"font-weight: 400;\">Ci\u00e1tica<\/span><\/a><\/li>\n<li><span style=\"font-weight: 400;\"> \u00a0 \u00a0 <\/span><a href=\"https:\/\/sc-chiro.com\/es\/cape-coral\/tratamiento-escoliosis\/\"><span style=\"font-weight: 400;\">Escoliosis<\/span><\/a><\/li>\n<\/ul>\n<p><span style=\"font-weight: 400;\">Tambi\u00e9n ayudamos a manejar condiciones y reducir el dolor relacionado con lesiones en otras partes del cuerpo, incluyendo:<\/span><\/p>\n<ul>\n<li><span style=\"font-weight: 400;\"> \u00a0 \u00a0 <\/span><a href=\"https:\/\/sc-chiro.com\/es\/cape-coral\/tratamientos-distensiones-musculares\/\"><span style=\"font-weight: 400;\">Esguinces y distensiones musculares<\/span><\/a><\/li>\n<li><span style=\"font-weight: 400;\"> \u00a0 \u00a0 <\/span><span style=\"font-weight: 400;\">Dolor en las articulaciones por <\/span><a href=\"https:\/\/sc-chiro.com\/es\/cape-coral\/tratamiento-bursitis\/\"><span style=\"font-weight: 400;\">bursitis\u00a0<\/span><\/a><\/li>\n<li><span style=\"font-weight: 400;\"> \u00a0 \u00a0 <\/span><a href=\"https:\/\/www.mayoclinic.org\/diseases-conditions\/migraine-headache\/symptoms-causes\/syc-20360201\"><span style=\"font-weight: 400;\">Migra\u00f1as<\/span><\/a><span style=\"font-weight: 400;\"> y dolores de cabeza<\/span><\/li>\n<li><span style=\"font-weight: 400;\"> \u00a0 \u00a0 <\/span><a href=\"https:\/\/sc-chiro.com\/es\/cape-coral\/tratamiento-tunel-carpiano\/\"><span style=\"font-weight: 400;\">S\u00edndrome del t\u00fanel carpiano<\/span><\/a><\/li>\n<\/ul>\n<p><span style=\"font-weight: 400;\">Cada uno de nuestros quiropr\u00e1cticos tiene la capacitaci\u00f3n y la licencia adecuadas para realizar cualquier ajuste que prescriban. Adem\u00e1s, siempre realizamos radiograf\u00edas para asegurarnos de comprender su estado antes de que comience el tratamiento. Nuestro objetivo es asegurarnos de brindarle un tratamiento seguro y efectivo para su dolor y malestar.<\/span><\/p>\n<p><span data-sheets-value=\"{&quot;1&quot;:2,&quot;2&quot;:&quot;&lt;div class=&quot;buttons&quot;&gt;\n        &lt;a class=&quot;content-number mid-page-call-click-button&quot; href=&quot;tel:2393699109&quot;&gt;Call us Now - 239-369-9109&lt;\/a&gt;\n        &lt;a class=&quot;content-number mid-page-form-click-button&quot; id=&quot;second-button&quot; href=&quot;#elementor-action%3Aaction%3Dpopup%3Aopen%26settings%3DeyJpZCI6MTkxOSwidG9nZ2xlIjpmYWxzZX0%3D&quot;&gt;Contact Us!&lt;\/a&gt;\n    &lt;\/div&gt;&quot;}\" data-sheets-userformat=\"{&quot;2&quot;:513,&quot;3&quot;:{&quot;1&quot;:0},&quot;12&quot;:0}\"><div class=\"buttons\">\n        <a class=\"content-number mid-page-call-click-button\" href=\"tel:2393699109\">Call us Now - 239-369-9109<\/a>\n        <a class=\"content-number mid-page-form-click-button\" id=\"second-button\" href=\"#elementor-action%3Aaction%3Dpopup%3Aopen%26settings%3DeyJpZCI6MTkxOSwidG9nZ2xlIjpmYWxzZX0%3D\">Contact Us!<\/a>\n    <\/div><\/span><\/p>\n<h2><b>Ofrecemos varios tipos de ajustes quiropr\u00e1cticos en Cape Coral<\/b><\/h2>\n<p><span style=\"font-weight: 400;\">Algunos de los ajustes quiropr\u00e1cticos que brindamos a nuestros clientes en Cape Coral incluyen:<\/span><\/p>\n<h3><b>Ajustes diversificados<\/b><\/h3>\n<p><span style=\"font-weight: 400;\">Estos ajustes son probablemente los m\u00e1s conocidos de todas las manipulaciones de la columna. Incluyen t\u00e9cnicas que obligan a las v\u00e9rtebras a alinearse, lo que &#8220;hace estallar&#8221; la espalda de manera efectiva, lo que a menudo resulta en un alivio inmediato. Sin embargo, por lo general se requieren varias sesiones para mantener la alineaci\u00f3n adecuada y aliviar por completo cualquier dolor asociado.<\/span><\/p>\n<h3><b>Ajustes diversificados sentados<\/b><\/h3>\n<p><span style=\"font-weight: 400;\">Esta t\u00e9cnica funciona de la misma manera que un ajuste diversificado t\u00edpico, pero requiere que el paciente se siente. A menudo usamos esta t\u00e9cnica para lesiones de cuello y hombros.<\/span><\/p>\n<h3><b>Ajustes de postura lateral lumbar<\/b><\/h3>\n<p><span style=\"font-weight: 400;\">Estos ajustes pueden ayudar a aliviar el dolor de espalda baja. Requieren que el paciente est\u00e9 en una posici\u00f3n espec\u00edfica, de costado con una pierna doblada frente a \u00e9l. Luego, el m\u00e9dico aplica fuerza para realinear la columna seg\u00fan sea necesario.<\/span><\/p>\n<h3><b>T\u00e9cnica de mesa abatible de Thompson<\/b><\/h3>\n<p><span style=\"font-weight: 400;\">La t\u00e9cnica de mesa abatible de Thompson ocurre en una mesa \u00fanica con siete segmentos. La mesa le permite al m\u00e9dico aplicar la cantidad adecuada de fuerza mientras minimiza la fuerza que experimenta el paciente. Esta mesa especial tambi\u00e9n ayuda a mantener al paciente en la posici\u00f3n adecuada para la manipulaci\u00f3n completa de la columna.<\/span><\/p>\n<p><span style=\"font-weight: 400;\">Es posible que escuche esto llamado la &#8220;T\u00e9cnica del punto terminal de Thompson&#8221; por algunos familiarizados con el cuidado quiropr\u00e1ctico.<\/span><\/p>\n<h3><b>Ajustes de rodilla-pecho<\/b><\/h3>\n<p><span style=\"font-weight: 400;\">Los ajustes de la rodilla al pecho son un tipo de manipulaci\u00f3n espinal para la columna cervical. El paciente se arrodilla con el pecho contra la mesa de examen para este ajuste. Esta posici\u00f3n los coloca a la altura adecuada para que el m\u00e9dico manipule el cuello y la parte superior de la espalda.<\/span><\/p>\n<p><img fetchpriority=\"high\" decoding=\"async\" class=\"alignnone wp-image-3289 size-full\" src=\"https:\/\/sc-chiro.com\/wp-content\/uploads\/2021\/10\/Chiropractic-adjustments-in-Cape-Coral.jpg\" alt=\"Woman on table getting chiropractic adjustments in Cape Coral\" width=\"500\" height=\"334\" srcset=\"https:\/\/wp-staging-a9mhabeca4.pairsite.com\/wp-content\/uploads\/2021\/10\/Chiropractic-adjustments-in-Cape-Coral.jpg 500w, https:\/\/wp-staging-a9mhabeca4.pairsite.com\/wp-content\/uploads\/2021\/10\/Chiropractic-adjustments-in-Cape-Coral-300x200.jpg 300w\" sizes=\"(max-width: 500px) 100vw, 500px\" \/><\/p>\n<h3>Manual Extremities Adjustments<\/h3>\n<p>In some cases, the chiropractor will need to adjust a joint in another part of the body. This type of adjustment allows our physicians to treat bursitis, carpal tunnel, and other concerns away from the spine. These adjustments could include almost any joint, such as the:<\/p>\n<ul>\n<li>Hip<\/li>\n<li>Knee<\/li>\n<li>Ankle<\/li>\n<li>Shoulder<\/li>\n<li>Elbow<\/li>\n<li>Wrist<\/li>\n<\/ul>\n<h3>Toggle Recoil<\/h3>\n<p>The toggle recoil is among the most gentle adjustments our physicians make, which is perfect for patients who cannot withstand the more intense manipulations. This technique utilizes smaller, quicker thrusts instead of more forceful adjustments.<\/p>\n<h3>The Activator Method<\/h3>\n<p>Instead of using their hands to make a diversified adjustment, the physician uses a small instrument that provides a high-velocity, low-amplitude (HVLA) force. The activator method allows the chiropractor to make a more controlled and specific adjustment.<\/p>\n<h3>The Sacral-Occipital technique (SOT)<\/h3>\n<p>Since the 1920s, chiropractors have used the sacral-occipital technique (SOT) to target and adjust specific areas of the body. These areas include the:<\/p>\n<ul>\n<li>Head and cervical spine<\/li>\n<li>Pelvis<\/li>\n<li>Extremities<\/li>\n<li>Internal organs<\/li>\n<li>Lower and mid-back<\/li>\n<\/ul>\n<h2>Our Physicians Also Prescribe Physiotherapy for Many Patients<\/h2>\n<p>At Specific Care Chiropractic, we use <a href=\"https:\/\/sc-chiro.com\/es\/cape-coral\/servicios-fisioterapia\/\">physiotherapy<\/a> in conjunction with chiropractic care to help our patients heal, rehabilitate, and stay healthy. By using physical therapy, we can facilitate a patient\u2019s recovery more fully. The physiotherapies we provide in our Cape Coral office include:<\/p>\n<ul>\n<li>Corrective care<\/li>\n<li>Rehabilitation<\/li>\n<li>Massage and <a href=\"https:\/\/www.verywellhealth.com\/what-is-ultrasound-therapy-2564506\" target=\"_blank\" rel=\"noopener\">ultrasound therapy<\/a><\/li>\n<li>Stretching and strengthening, including take-home exercises<\/li>\n<li><a href=\"https:\/\/www.verywellhealth.com\/electrical-stimulation-2696122\" target=\"_blank\" rel=\"noopener\">Electrical muscle stimulation (E-STIM) therapy<\/a><\/li>\n<\/ul>\n<p>Our physicians will prescribe the therapies that best suit each patient\u2019s needs. For example, after manual extremities adjustments for bursitis, you may require corrective care and stretching and strengthening exercises. Corrective care includes ongoing monitoring, and we will adjust your treatment plan if you experience a recurrence or new symptoms.<\/p>\n<p><span data-sheets-value=\"{&quot;1&quot;:2,&quot;2&quot;:&quot;&lt;div class=&quot;buttons&quot;&gt;\n        &lt;a class=&quot;content-number mid-page-call-click-button&quot; href=&quot;tel:2393699109&quot;&gt;Call us Now - 239-369-9109&lt;\/a&gt;\n        &lt;a class=&quot;content-number mid-page-form-click-button&quot; id=&quot;second-button&quot; href=&quot;#elementor-action%3Aaction%3Dpopup%3Aopen%26settings%3DeyJpZCI6MTkxOSwidG9nZ2xlIjpmYWxzZX0%3D&quot;&gt;Contact Us!&lt;\/a&gt;\n    &lt;\/div&gt;&quot;}\" data-sheets-userformat=\"{&quot;2&quot;:513,&quot;3&quot;:{&quot;1&quot;:0},&quot;12&quot;:0}\"><div class=\"buttons\">\n        <a class=\"content-number mid-page-call-click-button\" href=\"tel:2393699109\">Call us Now - 239-369-9109<\/a>\n        <a class=\"content-number mid-page-form-click-button\" id=\"second-button\" href=\"#elementor-action%3Aaction%3Dpopup%3Aopen%26settings%3DeyJpZCI6MTkxOSwidG9nZ2xlIjpmYWxzZX0%3D\">Contact Us!<\/a>\n    <\/div><\/span><\/p>\n<h2>Specific Care Chiropractic\u2019s Physicians Want to Help Reduce Your Pain<\/h2>\n<p>Our team from Specific Care Chiropractic wants to see you living free from pain and discomfort. We will personally create a unique chiropractic, physiotherapy, and wellness plan that addresses your condition and needs.<\/p>\n<p>Our Cape Coral office is located at:<\/p>\n<p><a href=\"https:\/\/www.google.com\/maps?cid=11121977477016391014&amp;authuser=3&amp;_ga=2.27198580.856861553.1633955492-1795965957.1606252710\" target=\"_blank\" rel=\"noopener\">461 Del Prado Blvd S C<\/a><br \/>\n<a href=\"https:\/\/www.google.com\/maps?cid=11121977477016391014&amp;authuser=3&amp;_ga=2.27198580.856861553.1633955492-1795965957.1606252710\" target=\"_blank\" rel=\"noopener\">Cape Coral, FL 33990<\/a><\/p>\n<p>From this office, we can address your pain and reduce your risk of future injury or illness. When a patient comes to us in chronic pain, we can often use unique chiropractic techniques to provide relief for back pain, neck stiffness, and joint injuries.<\/p>\n<p>Once we have a patient\u2019s pain under control, we can move toward a plan that prevents future pain by improving strength and flexibility, as well as overall health. Chiropractic care looks at the body more holistically than most types of conventional medicine. We do not believe in only addressing the symptoms of a condition once it occurs. Instead, we aim to prevent the condition from developing in the first place.<\/p>\n<h2>Make an Appointment for Your Initial Consultation Today<\/h2>\n<p>The physicians from <a href=\"https:\/\/sc-chiro.com\/es\/\">Specific Care Chiropractic<\/a> want to help you get the relief you deserve from chronic pain and discomfort. During your first appointment in our Cape Coral office, we will evaluate your condition and symptoms and tailor a plan to address your needs. We can begin your treatment the same day.<\/p>\n<p>Call <a href=\"tel:239-369-9109\">239-369-9109<\/a> now to schedule your first visit.<\/p>\n","protected":false},"excerpt":{"rendered":"<p>Nuestro equipo ofrece planes personalizados para ajustes quiropr\u00e1cticos en Cape Coral. Usamos tratamientos basados \u200b\u200ben evidencia para ayudar a nuestros pacientes a reducir sus s\u00edntomas y promover la salud y el bienestar en el futuro.\u00a0 En Specific Care Chiropractic, nuestros m\u00e9dicos pueden tratar una amplia gama de afecciones, lesiones y trastornos musculoesquel\u00e9ticos mediante la manipulaci\u00f3n [&hellip;]<\/p>\n","protected":false},"author":36,"featured_media":0,"parent":4015,"menu_order":0,"comment_status":"closed","ping_status":"closed","template":"","meta":{"_acf_changed":false,"footnotes":""},"categories":[76],"tags":[68],"class_list":["post-4053","page","type-page","status-publish","hentry","category-cape-coral-ubicacion","tag-fisioterapia"],"acf":[],"_links":{"self":[{"href":"https:\/\/wp-staging-a9mhabeca4.pairsite.com\/es\/wp-json\/wp\/v2\/pages\/4053","targetHints":{"allow":["GET"]}}],"collection":[{"href":"https:\/\/wp-staging-a9mhabeca4.pairsite.com\/es\/wp-json\/wp\/v2\/pages"}],"about":[{"href":"https:\/\/wp-staging-a9mhabeca4.pairsite.com\/es\/wp-json\/wp\/v2\/types\/page"}],"author":[{"embeddable":true,"href":"https:\/\/wp-staging-a9mhabeca4.pairsite.com\/es\/wp-json\/wp\/v2\/users\/36"}],"replies":[{"embeddable":true,"href":"https:\/\/wp-staging-a9mhabeca4.pairsite.com\/es\/wp-json\/wp\/v2\/comments?post=4053"}],"version-history":[{"count":0,"href":"https:\/\/wp-staging-a9mhabeca4.pairsite.com\/es\/wp-json\/wp\/v2\/pages\/4053\/revisions"}],"up":[{"embeddable":true,"href":"https:\/\/wp-staging-a9mhabeca4.pairsite.com\/es\/wp-json\/wp\/v2\/pages\/4015"}],"wp:attachment":[{"href":"https:\/\/wp-staging-a9mhabeca4.pairsite.com\/es\/wp-json\/wp\/v2\/media?parent=4053"}],"wp:term":[{"taxonomy":"category","embeddable":true,"href":"https:\/\/wp-staging-a9mhabeca4.pairsite.com\/es\/wp-json\/wp\/v2\/categories?post=4053"},{"taxonomy":"post_tag","embeddable":true,"href":"https:\/\/wp-staging-a9mhabeca4.pairsite.com\/es\/wp-json\/wp\/v2\/tags?post=4053"}],"curies":[{"name":"wp","href":"https:\/\/api.w.org\/{rel}","templated":true}]}}