{"id":4069,"date":"2021-10-12T14:03:12","date_gmt":"2021-10-12T14:03:12","guid":{"rendered":"https:\/\/qod-scchiro.local\/fort-myers\/back-injury-treatment\/"},"modified":"2023-11-01T21:50:36","modified_gmt":"2023-11-01T21:50:36","slug":"tratamiento-lesion-espalda","status":"publish","type":"page","link":"https:\/\/wp-staging-a9mhabeca4.pairsite.com\/es\/fort-myers\/tratamiento-lesion-espalda\/","title":{"rendered":"Tratamiento de Lesiones de Espalda en Fort Myers"},"content":{"rendered":"<p><span style=\"font-weight: 400;\">Recuperarse de una lesi\u00f3n en la espalda requiere tiempo y paciencia. A\u00fan as\u00ed, entendemos su deseo de recuperarse lo m\u00e1s completa y r\u00e1pidamente posible. Nuestro equipo trabaja con usted para crear un programa de tratamiento a un ritmo seguro con chequeos regulares y reevaluaciones a lo largo del camino. Usando un conjunto de ex\u00e1menes de im\u00e1genes y un examen f\u00edsico detallado, desarrollamos un curso de tratamiento dise\u00f1ado para satisfacer sus necesidades y objetivos de recuperaci\u00f3n espec\u00edficos.<\/span><\/p>\n<p><span style=\"font-weight: 400;\">Si est\u00e1 buscando un tratamiento innovador y centrado en el paciente para su lesi\u00f3n de espalda, nuestro equipo de quiropr\u00e1ctica de atenci\u00f3n espec\u00edfica est\u00e1 listo para brind\u00e1rselo. Con t\u00e9cnicas de quiropr\u00e1ctica y fisioterapia restaurativas y terap\u00e9uticas, nos esforzamos por ayudar a todos nuestros clientes a recuperar la fuerza y \u200b\u200b\u200b\u200bla movilidad. Nuestro <\/span><a href=\"https:\/\/sc-chiro.com\/es\/fort-myers\/\"><span style=\"font-weight: 400;\">equipo de tratamiento de lesiones de espalda de Fort Myers<\/span><\/a><span style=\"font-weight: 400;\"> trabajar\u00e1 con usted para optimizar su recuperaci\u00f3n y restaurar su capacidad de vivir una vida sin dolor y llena de alegr\u00eda.<\/span><span style=\"font-weight: 400;\">\u00a0<\/span><\/p>\n<p><span style=\"font-weight: 400;\">\t\t<div data-elementor-type=\"section\" data-elementor-id=\"3935\" class=\"elementor elementor-3935\" data-elementor-post-type=\"elementor_library\">\n\t\t\t\t\t<section class=\"elementor-section elementor-top-section elementor-element elementor-element-bef2904 elementor-section-boxed elementor-section-height-default elementor-section-height-default\" data-id=\"bef2904\" data-element_type=\"section\">\n\t\t\t\t\t\t<div class=\"elementor-container elementor-column-gap-default\">\n\t\t\t\t\t<div class=\"elementor-column elementor-col-100 elementor-top-column elementor-element elementor-element-57dcad5 section-toc\" data-id=\"57dcad5\" data-element_type=\"column\">\n\t\t\t<div class=\"elementor-widget-wrap elementor-element-populated\">\n\t\t\t\t\t\t<div class=\"elementor-element elementor-element-0c49dfc elementor-toc--minimized-on-tablet elementor-widget elementor-widget-table-of-contents\" data-id=\"0c49dfc\" data-element_type=\"widget\" data-settings=\"{&quot;exclude_headings_by_selector&quot;:&quot;.toc-remove&quot;,&quot;headings_by_tags&quot;:[&quot;h2&quot;,&quot;h3&quot;,&quot;h4&quot;,&quot;h5&quot;,&quot;h6&quot;],&quot;marker_view&quot;:&quot;numbers&quot;,&quot;no_headings_message&quot;:&quot;No se ha encontrado ning\\u00fan encabezado en esta p\\u00e1gina.&quot;,&quot;minimize_box&quot;:&quot;yes&quot;,&quot;minimized_on&quot;:&quot;tablet&quot;,&quot;hierarchical_view&quot;:&quot;yes&quot;,&quot;min_height&quot;:{&quot;unit&quot;:&quot;px&quot;,&quot;size&quot;:&quot;&quot;,&quot;sizes&quot;:[]},&quot;min_height_tablet&quot;:{&quot;unit&quot;:&quot;px&quot;,&quot;size&quot;:&quot;&quot;,&quot;sizes&quot;:[]},&quot;min_height_mobile&quot;:{&quot;unit&quot;:&quot;px&quot;,&quot;size&quot;:&quot;&quot;,&quot;sizes&quot;:[]}}\" data-widget_type=\"table-of-contents.default\">\n\t\t\t\t<div class=\"elementor-widget-container\">\n\t\t\t\t\t<div class=\"elementor-toc__header\">\n\t\t\t<h4 class=\"elementor-toc__header-title\">\n\t\t\t\tTabla de Contenidos\t\t\t<\/h4>\n\t\t\t\t\t\t\t<div class=\"elementor-toc__toggle-button elementor-toc__toggle-button--expand\" role=\"button\" tabindex=\"0\" aria-controls=\"elementor-toc__0c49dfc\" aria-expanded=\"true\" aria-label=\"Abrir la tabla de contenidos\"><i aria-hidden=\"true\" class=\"fas fa-chevron-down\"><\/i><\/div>\n\t\t\t\t<div class=\"elementor-toc__toggle-button elementor-toc__toggle-button--collapse\" role=\"button\" tabindex=\"0\" aria-controls=\"elementor-toc__0c49dfc\" aria-expanded=\"true\" aria-label=\"Cerrar la tabla de contenidos\"><i aria-hidden=\"true\" class=\"fas fa-chevron-up\"><\/i><\/div>\n\t\t\t\t\t<\/div>\n\t\t<div id=\"elementor-toc__0c49dfc\" class=\"elementor-toc__body\">\n\t\t\t<div class=\"elementor-toc__spinner-container\">\n\t\t\t\t<i class=\"elementor-toc__spinner eicon-animation-spin eicon-loading\" aria-hidden=\"true\"><\/i>\t\t\t<\/div>\n\t\t<\/div>\n\t\t\t\t<\/div>\n\t\t\t\t<\/div>\n\t\t\t\t\t<\/div>\n\t\t<\/div>\n\t\t\t\t\t<\/div>\n\t\t<\/section>\n\t\t\t\t<\/div>\n\t\t<\/span><\/p>\n<h2><b>C\u00f3mo la Medicina Quiropr\u00e1ctica Beneficia a los Pacientes con Lesiones en la Espalda<\/b><\/h2>\n<p><span style=\"font-weight: 400;\">El Journal of Evidence Based Complementary Alternative Medicine cita los beneficios de la manipulaci\u00f3n espinal quiropr\u00e1ctica en el tratamiento del dolor de espalda agudo, subagudo y cr\u00f3nico, particularmente en las \u00e1reas de la espalda baja y media. Tambi\u00e9n se\u00f1ala los beneficios de un programa de ejercicio terap\u00e9utico para prevenir recurrencias dolorosas y agravantes.<\/span><\/p>\n<p><span style=\"font-weight: 400;\">Nuestro enfoque para el dolor de espalda cr\u00f3nico y debilitante incluye cuatro fases de tratamiento: aguda, rehabilitaci\u00f3n, fortalecimiento y recuperaci\u00f3n. A medida que brindamos tratamiento, nuestro equipo se asegura de que comprenda lo que significa cada etapa de la recuperaci\u00f3n y c\u00f3mo determinamos cu\u00e1ndo ha realizado una transici\u00f3n exitosa entre las fases.<\/span><\/p>\n<p><span data-sheets-value=\"{&quot;1&quot;:2,&quot;2&quot;:&quot;&lt;div class=&quot;buttons&quot;&gt;\n        &lt;a class=&quot;content-number mid-page-call-click-button&quot; href=&quot;tel:2393699109&quot;&gt;Call us Now - 239-369-9109&lt;\/a&gt;\n        &lt;a class=&quot;content-number mid-page-form-click-button&quot; id=&quot;second-button&quot; href=&quot;#elementor-action%3Aaction%3Dpopup%3Aopen%26settings%3DeyJpZCI6MTkxOSwidG9nZ2xlIjpmYWxzZX0%3D&quot;&gt;Contact Us!&lt;\/a&gt;\n    &lt;\/div&gt;&quot;}\" data-sheets-userformat=\"{&quot;2&quot;:513,&quot;3&quot;:{&quot;1&quot;:0},&quot;12&quot;:0}\"><div class=\"buttons\">\n        <a class=\"content-number mid-page-call-click-button\" href=\"tel:2393699109\">Call us Now - 239-369-9109<\/a>\n        <a class=\"content-number mid-page-form-click-button\" id=\"second-button\" href=\"#elementor-action%3Aaction%3Dpopup%3Aopen%26settings%3DeyJpZCI6MTkxOSwidG9nZ2xlIjpmYWxzZX0%3D\">Contact Us!<\/a>\n    <\/div><\/span><\/p>\n<h3><b>La Fase Aguda de la Recuperaci\u00f3n<\/b><\/h3>\n<p><span style=\"font-weight: 400;\">Esta fase se enfoca en identificar el punto focal de su lesi\u00f3n en la espalda y los tratamientos que le ofrecen el m\u00e1ximo alivio del dolor. Durante esta fase, normalmente proporcionamos:<\/span><\/p>\n<p><span style=\"font-weight: 400;\">Ajustes quiropr\u00e1cticos para devolver la columna a su posici\u00f3n correcta y aumentar su movilidad<\/span><\/p>\n<p><span style=\"font-weight: 400;\">Estiramientos y ejercicios para aliviar la tensi\u00f3n, aumentar la flexibilidad y mejorar la fuerza muscular<\/span><\/p>\n<p><span style=\"font-weight: 400;\">Tambi\u00e9n podemos prescribir una terapia de masaje que fomente la relajaci\u00f3n de todo el cuerpo. La gravedad de su lesi\u00f3n en la espalda y los niveles de dolor ayudar\u00e1n a nuestro equipo a elegir tratamientos para la fase aguda.<\/span><\/p>\n<h3><b>La Fase de Rehabilitaci\u00f3n de la Recuperaci\u00f3n<\/b><\/h3>\n<p><span style=\"font-weight: 400;\">Durante esta fase de recuperaci\u00f3n, planificamos un curso de ajustes quiropr\u00e1cticos, m\u00e1s estiramientos y ejercicios, y sesiones adicionales de terapia de masaje. Su cuerpo y el progreso que realice dictar\u00e1n cambios continuos en sus tratamientos a lo largo de esta fase.<\/span><\/p>\n<p><span style=\"font-weight: 400;\">Puede experimentar brotes a medida que su cuerpo se adapta. Con el control de rutina de su progreso y avances, hacemos ajustes peri\u00f3dicos a su rutina de atenci\u00f3n de lesiones de espalda.<\/span><\/p>\n<h3><b>La Fase de Fortalecimiento de la Recuperaci\u00f3n<\/b><\/h3>\n<p><span style=\"font-weight: 400;\">En la fase de fortalecimiento de la recuperaci\u00f3n, notar\u00e1 mejoras en sus m\u00fasculos, articulaciones y huesos. Durante esta fase, podemos recomendar:<\/span><\/p>\n<ul>\n<li><span style=\"font-weight: 400;\"> \u00a0 \u00a0 <\/span><span style=\"font-weight: 400;\">Cuidados correctivos finales y alivio del dolor.<\/span><\/li>\n<li><span style=\"font-weight: 400;\"> \u00a0 \u00a0 <\/span><span style=\"font-weight: 400;\">Ejercicio m\u00e1s riguroso, incluido el levantamiento de pesas.<\/span><\/li>\n<li><span style=\"font-weight: 400;\"> \u00a0 \u00a0 <\/span><span style=\"font-weight: 400;\">T\u00e9cnicas de terapia de masaje de tejido profundo<\/span><\/li>\n<\/ul>\n<p><span style=\"font-weight: 400;\">Con t\u00e9cnicas de quiropr\u00e1ctica y fisioterapia cada vez m\u00e1s progresivas, su cuerpo comenzar\u00e1 a desarrollar fuerza muscular y fuerza general a medida que avanza hacia una recuperaci\u00f3n \u00f3ptima.<\/span><\/p>\n<p><img fetchpriority=\"high\" decoding=\"async\" class=\"alignnone wp-image-3215 size-full\" src=\"https:\/\/sc-chiro.com\/wp-content\/uploads\/2021\/10\/Fort-Myers-back-injury-treatment.jpg\" alt=\"Chiropractor performs adjustment for Fort Myers back injury treatment\" width=\"500\" height=\"334\" srcset=\"https:\/\/wp-staging-a9mhabeca4.pairsite.com\/wp-content\/uploads\/2021\/10\/Fort-Myers-back-injury-treatment.jpg 500w, https:\/\/wp-staging-a9mhabeca4.pairsite.com\/wp-content\/uploads\/2021\/10\/Fort-Myers-back-injury-treatment-300x200.jpg 300w\" sizes=\"(max-width: 500px) 100vw, 500px\" \/><\/p>\n<h3><b>La Fase de Recuperaci\u00f3n de M\u00e1xima Mejora M\u00e9dica (MMI)<\/b><\/h3>\n<p><span style=\"font-weight: 400;\">Esta fase marca la culminaci\u00f3n de sus tratamientos y se\u00f1ala su capacidad para volver a su nivel preferido de actividad f\u00edsica. Debe sentirse seguro de su propia capacidad f\u00edsica en este momento y sentirse c\u00f3modo participando en las actividades y eventos que disfrutaba antes de su lesi\u00f3n.<\/span><\/p>\n<p><span style=\"font-weight: 400;\">No hay necesidad de preocuparse, nuestro personal siempre est\u00e1 aqu\u00ed para usted cuando nos necesite. Sin embargo, esperamos esta fase de recuperaci\u00f3n como usted. Cuando llegue all\u00ed, celebraremos con usted y lo ayudaremos a maximizar la curaci\u00f3n de su lesi\u00f3n en la espalda anim\u00e1ndolo a volver a disfrutar de la vida.<\/span><\/p>\n<h2><b>Definici\u00f3n de la Causa y el Alcance de su Lesi\u00f3n en la Espalda<\/b><\/h2>\n<p><span style=\"font-weight: 400;\">El dolor de espalda es una de las quejas m\u00e1s frecuentes de las personas que buscan asistencia m\u00e9dica. Tambi\u00e9n es una de las principales causas de discapacidades f\u00edsicas que impiden que las personas trabajen para mantenerse a s\u00ed mismas y a sus familias: cuando se lesiona la espalda, se dificulta el movimiento y la manipulaci\u00f3n de todo el cuerpo.<\/span><\/p>\n<p><span style=\"font-weight: 400;\">Nuestro equipo quiropr\u00e1ctico est\u00e1 comprometido a ayudarlo a mantener una espalda y un cuerpo sanos. Las pautas de Mayo Clinic recomiendan muchos de los mismos enfoques de atenci\u00f3n m\u00e9dica que recomendamos para pacientes lesionados, que incluyen:<\/span><\/p>\n<ul>\n<li><span style=\"font-weight: 400;\"> \u00a0 \u00a0 <\/span><span style=\"font-weight: 400;\">Manipulaci\u00f3n quiropr\u00e1ctica<\/span><\/li>\n<li><span style=\"font-weight: 400;\"> \u00a0 \u00a0 <\/span><a href=\"https:\/\/www.hopkinsmedicine.org\/health\/wellness-and-prevention\/acupuncture\"><span style=\"font-weight: 400;\">Acupuntura<\/span><\/a><\/li>\n<li><span style=\"font-weight: 400;\"> \u00a0 \u00a0 <\/span><a href=\"https:\/\/www.uofmhealth.org\/health-library\/tn9286\"><span style=\"font-weight: 400;\">Estimulaci\u00f3n nerviosa el\u00e9ctrica<\/span><\/a><\/li>\n<li><span style=\"font-weight: 400;\"> \u00a0 \u00a0 <\/span><span style=\"font-weight: 400;\">Masaje terap\u00e9utico<\/span><\/li>\n<\/ul>\n<p><span style=\"font-weight: 400;\">En Specific Care Chiropractic, ayudamos a los pacientes en Fort Myers a encontrar tratamientos para lesiones de espalda que conduzcan a la reducci\u00f3n y erradicaci\u00f3n del dolor para que puedan recuperar una buena salud general. Debido a que su papel en la restauraci\u00f3n de su salud es fundamental, brindamos actualizaciones peri\u00f3dicas del progreso a medida que su cuerpo trabaja para recuperarse.<\/span><\/p>\n<h2><b>Nuestros Pacientes Recomiendan Nuestra Pr\u00e1ctica de Apoyo<\/b><\/h2>\n<p><span style=\"font-weight: 400;\">Trabajamos arduamente para asegurarnos de que cada paciente que tratamos tenga la mejor experiencia en nuestra oficina, salas de examen y salas de tratamiento. Los pacientes a los que ayudamos con la recuperaci\u00f3n f\u00edsica en el pasado nos remiten a sus amigos, familiares y al mundo a trav\u00e9s de Internet. Cuando hablan de nuestra pr\u00e1ctica, dicen:<\/span><\/p>\n<blockquote><p><span style=\"font-weight: 400;\">\u201cFui a mi primera visita quiropr\u00e1ctica, el personal de la oficina fue maravilloso\u2026 Ellos explican todo, se comunican con usted a menudo, revisan todo el papeleo, son muy pacientes y profesionales\u2026 Los recomendar\u00eda a cualquiera\u201d. \u2014Ashley Peabody<\/span><\/p>\n<p><span style=\"font-weight: 400;\">&#8220;Son sorprendentes. Recomendar\u00eda a todos. [Yo] nunca he estado en un lugar que haga todo lo posible para que se sienta c\u00f3modo y lo ayude a comprender su lesi\u00f3n de la manera en que lo hacen el Dr. Peck y el resto del personal&#8230; gracias por todo Cuidado Quiropr\u00e1ctico Espec\u00edfico.\u201d \u2014Nic Gardiner<\/span><\/p>\n<p><span style=\"font-weight: 400;\">&#8220;\u00a1Amo este lugar! El Dr. Rivera es maravilloso y tambi\u00e9n lo son todos en la oficina. Ten\u00eda mucho dolor en la parte baja de la espalda cuando entr\u00e9. En un per\u00edodo muy corto de tiempo, me sent\u00eda bien y volv\u00ed a la normalidad\u201d. \u2014 B\u00e1rbara Montellanico<\/span><\/p><\/blockquote>\n<p><span style=\"font-weight: 400;\">La salud y el bienestar de nuestros pacientes siguen siendo nuestro enfoque principal. Los objetivos de nuestro tratamiento son simples: ayudarlo a recuperar su salud, vitalidad y la capacidad de moverse sin dolor.<\/span><\/p>\n<p><span data-sheets-value=\"{&quot;1&quot;:2,&quot;2&quot;:&quot;&lt;div class=&quot;buttons&quot;&gt;\n        &lt;a class=&quot;content-number mid-page-call-click-button&quot; href=&quot;tel:2393699109&quot;&gt;Call us Now - 239-369-9109&lt;\/a&gt;\n        &lt;a class=&quot;content-number mid-page-form-click-button&quot; id=&quot;second-button&quot; href=&quot;#elementor-action%3Aaction%3Dpopup%3Aopen%26settings%3DeyJpZCI6MTkxOSwidG9nZ2xlIjpmYWxzZX0%3D&quot;&gt;Contact Us!&lt;\/a&gt;\n    &lt;\/div&gt;&quot;}\" data-sheets-userformat=\"{&quot;2&quot;:513,&quot;3&quot;:{&quot;1&quot;:0},&quot;12&quot;:0}\"><div class=\"buttons\">\n        <a class=\"content-number mid-page-call-click-button\" href=\"tel:2393699109\">Call us Now - 239-369-9109<\/a>\n        <a class=\"content-number mid-page-form-click-button\" id=\"second-button\" href=\"#elementor-action%3Aaction%3Dpopup%3Aopen%26settings%3DeyJpZCI6MTkxOSwidG9nZ2xlIjpmYWxzZX0%3D\">Contact Us!<\/a>\n    <\/div><\/span><\/p>\n<h2><b>Comun\u00edquese con Nuestro Personal para Obtener el Mejor Tratamiento para Lesiones de Espalda en Fort Myers<\/b><\/h2>\n<p><span style=\"font-weight: 400;\">Si una lesi\u00f3n en la espalda le impide participar en sus actividades preferidas, nuestro equipo puede ayudarlo a obtener m\u00e1s informaci\u00f3n sobre los beneficios de la medicina quiropr\u00e1ctica y las t\u00e9cnicas de fisioterapia.<\/span><\/p>\n<p><span style=\"font-weight: 400;\">Comun\u00edquese hoy con uno de los miembros de nuestro equipo <\/span><a href=\"https:\/\/sc-chiro.com\/es\/\"><span style=\"font-weight: 400;\">de quiropr\u00e1ctica de atenci\u00f3n espec\u00edfica<\/span><\/a><span style=\"font-weight: 400;\"> llamando al <a href=\"tel:239-369-9109\">239-369-9109<\/a>.<\/span><\/p>\n","protected":false},"excerpt":{"rendered":"<p>Recuperarse de una lesi\u00f3n en la espalda requiere tiempo y paciencia. A\u00fan as\u00ed, entendemos su deseo de recuperarse lo m\u00e1s completa y r\u00e1pidamente posible. Nuestro equipo trabaja con usted para crear un programa de tratamiento a un ritmo seguro con chequeos regulares y reevaluaciones a lo largo del camino. Usando un conjunto de ex\u00e1menes de [&hellip;]<\/p>\n","protected":false},"author":36,"featured_media":6410,"parent":4013,"menu_order":0,"comment_status":"closed","ping_status":"closed","template":"","meta":{"_acf_changed":false,"footnotes":""},"categories":[78],"tags":[57],"class_list":["post-4069","page","type-page","status-publish","has-post-thumbnail","hentry","category-fort-myers-ubicacion","tag-lesion-de-espanda"],"acf":[],"_links":{"self":[{"href":"https:\/\/wp-staging-a9mhabeca4.pairsite.com\/es\/wp-json\/wp\/v2\/pages\/4069","targetHints":{"allow":["GET"]}}],"collection":[{"href":"https:\/\/wp-staging-a9mhabeca4.pairsite.com\/es\/wp-json\/wp\/v2\/pages"}],"about":[{"href":"https:\/\/wp-staging-a9mhabeca4.pairsite.com\/es\/wp-json\/wp\/v2\/types\/page"}],"author":[{"embeddable":true,"href":"https:\/\/wp-staging-a9mhabeca4.pairsite.com\/es\/wp-json\/wp\/v2\/users\/36"}],"replies":[{"embeddable":true,"href":"https:\/\/wp-staging-a9mhabeca4.pairsite.com\/es\/wp-json\/wp\/v2\/comments?post=4069"}],"version-history":[{"count":0,"href":"https:\/\/wp-staging-a9mhabeca4.pairsite.com\/es\/wp-json\/wp\/v2\/pages\/4069\/revisions"}],"up":[{"embeddable":true,"href":"https:\/\/wp-staging-a9mhabeca4.pairsite.com\/es\/wp-json\/wp\/v2\/pages\/4013"}],"wp:featuredmedia":[{"embeddable":true,"href":"https:\/\/wp-staging-a9mhabeca4.pairsite.com\/es\/wp-json\/wp\/v2\/media\/6410"}],"wp:attachment":[{"href":"https:\/\/wp-staging-a9mhabeca4.pairsite.com\/es\/wp-json\/wp\/v2\/media?parent=4069"}],"wp:term":[{"taxonomy":"category","embeddable":true,"href":"https:\/\/wp-staging-a9mhabeca4.pairsite.com\/es\/wp-json\/wp\/v2\/categories?post=4069"},{"taxonomy":"post_tag","embeddable":true,"href":"https:\/\/wp-staging-a9mhabeca4.pairsite.com\/es\/wp-json\/wp\/v2\/tags?post=4069"}],"curies":[{"name":"wp","href":"https:\/\/api.w.org\/{rel}","templated":true}]}}