{"id":4071,"date":"2021-11-15T20:38:57","date_gmt":"2021-11-15T20:38:57","guid":{"rendered":"https:\/\/qod-scchiro.local\/fort-myers\/bursitis-treatment\/"},"modified":"2023-11-01T21:47:29","modified_gmt":"2023-11-01T21:47:29","slug":"tratamiento-bursitis","status":"publish","type":"page","link":"https:\/\/wp-staging-a9mhabeca4.pairsite.com\/es\/fort-myers\/tratamiento-bursitis\/","title":{"rendered":"Tratamiento de la Bursitis de Fort Myers"},"content":{"rendered":"<p><span style=\"font-weight: 400;\">La bursitis es una afecci\u00f3n inflamatoria que afecta a las articulaciones. En su cuerpo, peque\u00f1os sacos de l\u00edquido llamados bursas protegen sus articulaciones mientras se mueve. Sin embargo, con el tiempo o debido al movimiento articular repetitivo, las bursas pueden inflamarse y causar un dolor intenso. Le doler\u00e1n las articulaciones, m\u00e1s com\u00fanmente las caderas, los hombros y los codos. Si trabaja en un puesto que requiere mucha mano de obra, puede desarrollar bursitis como una lesi\u00f3n relacionada con el trabajo.<\/span><\/p>\n<p><span style=\"font-weight: 400;\">En Specific Care Chiropractic, utilizamos <\/span><a href=\"https:\/\/sc-chiro.com\/es\/fort-myers\/ajustes-quiropracticos\/\"><span style=\"font-weight: 400;\">ajustes quiropr\u00e1cticos<\/span><\/a><span style=\"font-weight: 400;\"> y <\/span><a href=\"https:\/\/sc-chiro.com\/es\/fort-myers\/servicios-fisioterapia\/\"><span style=\"font-weight: 400;\">fisioterapia<\/span><\/a><span style=\"font-weight: 400;\"> para tratar a pacientes en Fort Myers con bursitis. Si usted o alguien a quien ama sufre dolor cr\u00f3nico o inflamaci\u00f3n debido a esta afecci\u00f3n, podemos brindarle un tratamiento para la bursitis de Fort Myers. Nuestro equipo tambi\u00e9n analizar\u00e1 las opciones de rehabilitaci\u00f3n para usted.<\/span><\/p>\n<p><span style=\"font-weight: 400;\">\t\t<div data-elementor-type=\"section\" data-elementor-id=\"3935\" class=\"elementor elementor-3935\" data-elementor-post-type=\"elementor_library\">\n\t\t\t\t\t<section class=\"elementor-section elementor-top-section elementor-element elementor-element-bef2904 elementor-section-boxed elementor-section-height-default elementor-section-height-default\" data-id=\"bef2904\" data-element_type=\"section\">\n\t\t\t\t\t\t<div class=\"elementor-container elementor-column-gap-default\">\n\t\t\t\t\t<div class=\"elementor-column elementor-col-100 elementor-top-column elementor-element elementor-element-57dcad5 section-toc\" data-id=\"57dcad5\" data-element_type=\"column\">\n\t\t\t<div class=\"elementor-widget-wrap elementor-element-populated\">\n\t\t\t\t\t\t<div class=\"elementor-element elementor-element-0c49dfc elementor-toc--minimized-on-tablet elementor-widget elementor-widget-table-of-contents\" data-id=\"0c49dfc\" data-element_type=\"widget\" data-settings=\"{&quot;exclude_headings_by_selector&quot;:&quot;.toc-remove&quot;,&quot;headings_by_tags&quot;:[&quot;h2&quot;,&quot;h3&quot;,&quot;h4&quot;,&quot;h5&quot;,&quot;h6&quot;],&quot;marker_view&quot;:&quot;numbers&quot;,&quot;no_headings_message&quot;:&quot;No se ha encontrado ning\\u00fan encabezado en esta p\\u00e1gina.&quot;,&quot;minimize_box&quot;:&quot;yes&quot;,&quot;minimized_on&quot;:&quot;tablet&quot;,&quot;hierarchical_view&quot;:&quot;yes&quot;,&quot;min_height&quot;:{&quot;unit&quot;:&quot;px&quot;,&quot;size&quot;:&quot;&quot;,&quot;sizes&quot;:[]},&quot;min_height_tablet&quot;:{&quot;unit&quot;:&quot;px&quot;,&quot;size&quot;:&quot;&quot;,&quot;sizes&quot;:[]},&quot;min_height_mobile&quot;:{&quot;unit&quot;:&quot;px&quot;,&quot;size&quot;:&quot;&quot;,&quot;sizes&quot;:[]}}\" data-widget_type=\"table-of-contents.default\">\n\t\t\t\t<div class=\"elementor-widget-container\">\n\t\t\t\t\t<div class=\"elementor-toc__header\">\n\t\t\t<h4 class=\"elementor-toc__header-title\">\n\t\t\t\tTabla de Contenidos\t\t\t<\/h4>\n\t\t\t\t\t\t\t<div class=\"elementor-toc__toggle-button elementor-toc__toggle-button--expand\" role=\"button\" tabindex=\"0\" aria-controls=\"elementor-toc__0c49dfc\" aria-expanded=\"true\" aria-label=\"Abrir la tabla de contenidos\"><i aria-hidden=\"true\" class=\"fas fa-chevron-down\"><\/i><\/div>\n\t\t\t\t<div class=\"elementor-toc__toggle-button elementor-toc__toggle-button--collapse\" role=\"button\" tabindex=\"0\" aria-controls=\"elementor-toc__0c49dfc\" aria-expanded=\"true\" aria-label=\"Cerrar la tabla de contenidos\"><i aria-hidden=\"true\" class=\"fas fa-chevron-up\"><\/i><\/div>\n\t\t\t\t\t<\/div>\n\t\t<div id=\"elementor-toc__0c49dfc\" class=\"elementor-toc__body\">\n\t\t\t<div class=\"elementor-toc__spinner-container\">\n\t\t\t\t<i class=\"elementor-toc__spinner eicon-animation-spin eicon-loading\" aria-hidden=\"true\"><\/i>\t\t\t<\/div>\n\t\t<\/div>\n\t\t\t\t<\/div>\n\t\t\t\t<\/div>\n\t\t\t\t\t<\/div>\n\t\t<\/div>\n\t\t\t\t\t<\/div>\n\t\t<\/section>\n\t\t\t\t<\/div>\n\t\t<\/span><\/p>\n<h2><b>La bursitis puede provenir de los deberes relacionados con el trabajo, la edad y los h\u00e1bitos de ejercicio<\/b><\/h2>\n<p><span style=\"font-weight: 400;\">Las causas comunes de la <\/span><a href=\"https:\/\/sc-chiro.com\/es\/fort-myers\/tratamiento-bursitis\/\"><span style=\"font-weight: 400;\">bursitis<\/span><\/a><span style=\"font-weight: 400;\"> incluyen:<\/span><\/p>\n<ul>\n<li><span style=\"font-weight: 400;\"> \u00a0 \u00a0 <\/span><span style=\"font-weight: 400;\">Tareas laborales repetitivas, como levantar, doblar, torcer y arrodillarse<\/span><\/li>\n<li><span style=\"font-weight: 400;\"> \u00a0 \u00a0 <\/span><span style=\"font-weight: 400;\">Vejez, especialmente para las personas que ya han comenzado a desarrollar artritis.<\/span><\/li>\n<li><span style=\"font-weight: 400;\"> \u00a0 \u00a0 <\/span><span style=\"font-weight: 400;\">Enfermedades que causan inflamaci\u00f3n, como el s\u00edndrome de pinzamiento subacromial (SIS) y la diabetes<\/span><\/li>\n<li><span style=\"font-weight: 400;\"> \u00a0 \u00a0 <\/span><span style=\"font-weight: 400;\">Ciertas actividades deportivas que requieren movimientos repetitivos, como tenis o b\u00e9isbol<\/span><\/li>\n<li><span style=\"font-weight: 400;\"> \u00a0 \u00a0 <\/span><span style=\"font-weight: 400;\">Obesidad<\/span><\/li>\n<\/ul>\n<p><span style=\"font-weight: 400;\">Nuestro equipo puede ayudarlo a controlar los s\u00edntomas de dolor causados \u200b\u200bpor la bursitis para que pueda volver a sus actividades habituales. Podemos diagnosticar la gravedad de su afecci\u00f3n y luego elaborar un plan de tratamiento para usted.<\/span><\/p>\n<p><span data-sheets-value=\"{&quot;1&quot;:2,&quot;2&quot;:&quot;&lt;div class=&quot;buttons&quot;&gt;\n        &lt;a class=&quot;content-number mid-page-call-click-button&quot; href=&quot;tel:2393699109&quot;&gt;Call us Now - 239-369-9109&lt;\/a&gt;\n        &lt;a class=&quot;content-number mid-page-form-click-button&quot; id=&quot;second-button&quot; href=&quot;#elementor-action%3Aaction%3Dpopup%3Aopen%26settings%3DeyJpZCI6MTkxOSwidG9nZ2xlIjpmYWxzZX0%3D&quot;&gt;Contact Us!&lt;\/a&gt;\n    &lt;\/div&gt;&quot;}\" data-sheets-userformat=\"{&quot;2&quot;:513,&quot;3&quot;:{&quot;1&quot;:0},&quot;12&quot;:0}\"><div class=\"buttons\">\n        <a class=\"content-number mid-page-call-click-button\" href=\"tel:2393699109\">Call us Now - 239-369-9109<\/a>\n        <a class=\"content-number mid-page-form-click-button\" id=\"second-button\" href=\"#elementor-action%3Aaction%3Dpopup%3Aopen%26settings%3DeyJpZCI6MTkxOSwidG9nZ2xlIjpmYWxzZX0%3D\">Contact Us!<\/a>\n    <\/div><\/span><\/p>\n<h2><b>Nuestro tratamiento de bursitis de Fort Myers incluye ajustes y fisioterapia<\/b><\/h2>\n<p><span style=\"font-weight: 400;\">En Specific Care Chiropractic, nuestros m\u00e9dicos tienen licencia y est\u00e1n capacitados en diversas terapias f\u00edsicas y t\u00e9cnicas de atenci\u00f3n quiropr\u00e1ctica. A continuaci\u00f3n se encuentran las t\u00e9cnicas que practicamos cuando tratamos afecciones musculoesquel\u00e9ticas como la bursitis.<\/span><\/p>\n<h3><b>Nuestras t\u00e9cnicas de ajuste quiropr\u00e1ctico<\/b><\/h3>\n<p><span style=\"font-weight: 400;\">Nuestros quiropr\u00e1cticos practican las siguientes <\/span><a href=\"https:\/\/sc-chiro.com\/es\/fort-myers\/ajustes-quiropracticos\/\"><span style=\"font-weight: 400;\">t\u00e9cnicas<\/span><\/a><span style=\"font-weight: 400;\">:<\/span><\/p>\n<ul>\n<li><span style=\"font-weight: 400;\"> \u00a0 \u00a0 <\/span><span style=\"font-weight: 400;\">Diversificado<\/span><\/li>\n<li><span style=\"font-weight: 400;\"> \u00a0 \u00a0 <\/span><span style=\"font-weight: 400;\">Manipulaci\u00f3n manual de extremidades<\/span><\/li>\n<li><span style=\"font-weight: 400;\"> \u00a0 \u00a0 <\/span><span style=\"font-weight: 400;\">postura lateral<\/span><\/li>\n<li><span style=\"font-weight: 400;\"> \u00a0 \u00a0 <\/span><span style=\"font-weight: 400;\">Sentado diversificado<\/span><\/li>\n<li><span style=\"font-weight: 400;\"> \u00a0 \u00a0 <\/span><span style=\"font-weight: 400;\">T\u00e9cnica de mesa abatible de Thompson<\/span><\/li>\n<li><span style=\"font-weight: 400;\"> \u00a0 \u00a0 <\/span><span style=\"font-weight: 400;\">T\u00e9cnica sacro-occipital (SOT)<\/span><\/li>\n<li><span style=\"font-weight: 400;\"> \u00a0 \u00a0 <\/span><span style=\"font-weight: 400;\">Alternar retroceso<\/span><\/li>\n<li><span style=\"font-weight: 400;\"> \u00a0 \u00a0 <\/span><span style=\"font-weight: 400;\">rodilla-pecho<\/span><\/li>\n<li><span style=\"font-weight: 400;\"> \u00a0 \u00a0 <\/span><span style=\"font-weight: 400;\">Activador<\/span><\/li>\n<\/ul>\n<p><span style=\"font-weight: 400;\">Seg\u00fan las articulaciones afectadas por la bursitis, nuestros quiropr\u00e1cticos pueden usar una combinaci\u00f3n de t\u00e9cnicas para tratar los s\u00edntomas del dolor. Por ejemplo, si siente mucho dolor en las caderas, uno de nuestros m\u00e9dicos puede usar el m\u00e9todo de postura lateral.<\/span><\/p>\n<p><span style=\"font-weight: 400;\">Esto implica que te acuestes de lado con una pierna doblada hacia adelante. Su quiropr\u00e1ctico aplicar\u00e1 empujes estrat\u00e9gicos para desencadenar la cavitaci\u00f3n articular, lo que implica la liberaci\u00f3n de aire de la articulaci\u00f3n.<\/span><\/p>\n<p><span style=\"font-weight: 400;\">Alternativamente, si experimenta m\u00e1s dolor en el hombro, podemos centrarnos m\u00e1s en la manipulaci\u00f3n de las extremidades o en t\u00e9cnicas que tratan el dolor cervical, como la rodilla en el pecho o t\u00e9cnicas sentadas diversificadas.<\/span><\/p>\n<p><span style=\"font-weight: 400;\">Nuestros quiropr\u00e1cticos pueden repasar qu\u00e9 t\u00e9cnicas aplicar\u00e1n durante su sesi\u00f3n.<\/span><\/p>\n<h3><b>Nuestras opciones de fisioterapia<\/b><\/h3>\n<p><span style=\"font-weight: 400;\">La fisioterapia incluye terapia de ejercicio, terapia de ultrasonido y terapia electromagn\u00e9tica y l\u00e1ser. Este tratamiento es una estrategia de intervenci\u00f3n eficaz comprobada para las personas que sufren de bursitis.<\/span><\/p>\n<p><span style=\"font-weight: 400;\">La implementaci\u00f3n de ejercicio y fisioterapia en su plan de tratamiento puede ayudarlo a evitar el tratamiento quir\u00fargico de su lesi\u00f3n.<\/span><\/p>\n<p><span style=\"font-weight: 400;\">Nuestros m\u00e9dicos practican las siguientes fisioterapias:<\/span><\/p>\n<ul>\n<li><span style=\"font-weight: 400;\"> \u00a0 \u00a0 <\/span><span style=\"font-weight: 400;\">Cuidado correctivo<\/span><\/li>\n<li><span style=\"font-weight: 400;\"> \u00a0 \u00a0 <\/span><span style=\"font-weight: 400;\">Terapia de rehabilitaci\u00f3n<\/span><\/li>\n<li><span style=\"font-weight: 400;\"> \u00a0 \u00a0 <\/span><a href=\"https:\/\/www.verywellhealth.com\/what-is-ultrasound-therapy-2564506\"><span style=\"font-weight: 400;\">Terapia de ultrasonido<\/span><\/a><\/li>\n<li><span style=\"font-weight: 400;\"> \u00a0 \u00a0 <\/span><span style=\"font-weight: 400;\">Terapia de Masajes<\/span><\/li>\n<li><span style=\"font-weight: 400;\"> \u00a0 \u00a0 <\/span><span style=\"font-weight: 400;\">Terapia de ejercicios de estiramiento y fortalecimiento<\/span><\/li>\n<li><span style=\"font-weight: 400;\"> \u00a0 \u00a0 <\/span><span style=\"font-weight: 400;\">Terapia de electroestimulaci\u00f3n muscular (E-STIM)<\/span><\/li>\n<\/ul>\n<h3><b>Algunos tratamientos de fisioterapia son m\u00e1s efectivos para ciertas condiciones<\/b><\/h3>\n<p><span style=\"font-weight: 400;\">Entre estos m\u00e9todos de tratamiento, la terapia de ultrasonido y la terapia de rehabilitaci\u00f3n pueden estimular la curaci\u00f3n alrededor de las articulaciones afectadas. La terapia de ultrasonido consiste en disparar ondas de sonido en el tejido muscular para estimular la regeneraci\u00f3n. Sin embargo, esta terapia tambi\u00e9n puede dirigirse a las articulaciones inflamadas para reducir la irritaci\u00f3n y la compresi\u00f3n.<\/span><\/p>\n<p><span style=\"font-weight: 400;\">La terapia de rehabilitaci\u00f3n implica la terapia de ejercicio. Llevamos a los pacientes a nuestra sala de rehabilitaci\u00f3n para que aprendan diferentes ejercicios que pueden ayudar a desarrollar fuerza y \u200b\u200bflexibilidad en sus articulaciones sin causar m\u00e1s inflamaci\u00f3n.<\/span><\/p>\n<p><span style=\"font-weight: 400;\">Por ejemplo, podemos sugerir movimientos realizados con una pelota de ejercicios, ya que esto puede aliviar la presi\u00f3n sobre las articulaciones y las v\u00e9rtebras de la columna al mismo tiempo que le permite ser flexible con su cuerpo.<\/span><\/p>\n<p><img fetchpriority=\"high\" decoding=\"async\" class=\"alignnone wp-image-3360 size-full\" src=\"https:\/\/sc-chiro.com\/wp-content\/uploads\/2021\/11\/Fort-Myers-bursitis-treatment.jpg\" alt=\"Knee exercises, Fort Myers bursitis treatment\" width=\"500\" height=\"333\" srcset=\"https:\/\/wp-staging-a9mhabeca4.pairsite.com\/wp-content\/uploads\/2021\/11\/Fort-Myers-bursitis-treatment.jpg 500w, https:\/\/wp-staging-a9mhabeca4.pairsite.com\/wp-content\/uploads\/2021\/11\/Fort-Myers-bursitis-treatment-300x200.jpg 300w\" sizes=\"(max-width: 500px) 100vw, 500px\" \/><\/p>\n<h2><b>La atenci\u00f3n quiropr\u00e1ctica y la fisioterapia son efectivas para tratar la bursitis<\/b><\/h2>\n<p><span style=\"font-weight: 400;\">Las revistas de salud han escrito sobre la eficacia de la fisioterapia y la atenci\u00f3n quiropr\u00e1ctica como m\u00e9todos de tratamiento para la bursitis. Algunos hallazgos clave incluyen:<\/span><\/p>\n<h3><b>La fisioterapia es un tratamiento eficaz para el s\u00edndrome de pinzamiento subacromial<\/b><\/h3>\n<p><span style=\"font-weight: 400;\">El s\u00edndrome de pinzamiento subacromial (SIS) es un s\u00edndrome cl\u00ednico que incluye otras patolog\u00edas relacionadas con el dolor de hombro, entre ellas la bursitis. Un estudio de 2014 del British Journal of Sports Medicine sobre fisioterapia mostr\u00f3 una efectividad moderada en el tratamiento de SIS y afecciones relacionadas.<\/span><\/p>\n<p><span style=\"font-weight: 400;\">Los pacientes vieron una reducci\u00f3n del dolor en el hombro, restauraron la funcionalidad y la movilidad en sus hombros y sanaron sus manguitos rotadores.<\/span><\/p>\n<h3><b>Las intervenciones de fisioterapia para el dolor de hombro mostraron resultados positivos<\/b><\/h3>\n<p><span style=\"font-weight: 400;\">En 2003, The Cochrane Database of Systematic Reviews public\u00f3 un informe sobre la eficacia de la intervenci\u00f3n de fisioterapia para los trastornos del hombro, incluida la bursitis. El estudio encontr\u00f3 que algunas terapias mostraron resultados positivos para los pacientes en comparaci\u00f3n con el placebo. \u00c9stas incluyen:<\/span><\/p>\n<ul>\n<li><span style=\"font-weight: 400;\"> \u00a0 \u00a0 <\/span><span style=\"font-weight: 400;\">Terapia de ejercicios<\/span><\/li>\n<li><span style=\"font-weight: 400;\"> \u00a0 \u00a0 <\/span><span style=\"font-weight: 400;\">terapia de ultrasonido<\/span><\/li>\n<li><span style=\"font-weight: 400;\"> \u00a0 \u00a0 <\/span><span style=\"font-weight: 400;\">L\u00e1ser y campo electromagn\u00e9tico<\/span><\/li>\n<\/ul>\n<p><span style=\"font-weight: 400;\">Los pacientes pudieron controlar sus s\u00edntomas de dolor y restaurar la funcionalidad en sus manguitos rotadores.<\/span><\/p>\n<p><span data-sheets-value=\"{&quot;1&quot;:2,&quot;2&quot;:&quot;&lt;div class=&quot;buttons&quot;&gt;\n        &lt;a class=&quot;content-number mid-page-call-click-button&quot; href=&quot;tel:2393699109&quot;&gt;Call us Now - 239-369-9109&lt;\/a&gt;\n        &lt;a class=&quot;content-number mid-page-form-click-button&quot; id=&quot;second-button&quot; href=&quot;#elementor-action%3Aaction%3Dpopup%3Aopen%26settings%3DeyJpZCI6MTkxOSwidG9nZ2xlIjpmYWxzZX0%3D&quot;&gt;Contact Us!&lt;\/a&gt;\n    &lt;\/div&gt;&quot;}\" data-sheets-userformat=\"{&quot;2&quot;:513,&quot;3&quot;:{&quot;1&quot;:0},&quot;12&quot;:0}\"><div class=\"buttons\">\n        <a class=\"content-number mid-page-call-click-button\" href=\"tel:2393699109\">Call us Now - 239-369-9109<\/a>\n        <a class=\"content-number mid-page-form-click-button\" id=\"second-button\" href=\"#elementor-action%3Aaction%3Dpopup%3Aopen%26settings%3DeyJpZCI6MTkxOSwidG9nZ2xlIjpmYWxzZX0%3D\">Contact Us!<\/a>\n    <\/div><\/span><\/p>\n<h2><b>Los trabajadores que desarrollaron bursitis pueden calificar para la compensaci\u00f3n laboral<\/b><\/h2>\n<p><span style=\"font-weight: 400;\">Los trabajadores en ciertos campos, como la construcci\u00f3n o la carpinter\u00eda, pueden ser m\u00e1s propensos a desarrollar bursitis como lesi\u00f3n relacionada con el trabajo. Si desarroll\u00f3 esta condici\u00f3n inflamatoria debido a sus deberes laborales, podr\u00eda solicitar una compensaci\u00f3n para trabajadores. Su papel podr\u00eda haberle causado una lesi\u00f3n por estr\u00e9s repetitivo al doblarse o torcerse, por ejemplo. Los beneficios podr\u00edan cubrir los costos de sus gastos m\u00e9dicos, una parte de sus salarios perdidos y su discapacidad.<\/span><\/p>\n<p><span style=\"font-weight: 400;\">En Specific Care Chiropractic, nos complace ayudarlo a desarrollar su reclamo de compensaci\u00f3n para trabajadores brind\u00e1ndole informaci\u00f3n m\u00e9dica sobre su condici\u00f3n. Para su caso, podemos proporcionarle:<\/span><\/p>\n<ul>\n<li><span style=\"font-weight: 400;\"> \u00a0 \u00a0 <\/span><span style=\"font-weight: 400;\">Registros m\u00e9dicos relacionados con su bursitis y tratamiento<\/span><\/li>\n<li><span style=\"font-weight: 400;\"> \u00a0 \u00a0 <\/span><span style=\"font-weight: 400;\">Facturas que detallan los costos actuales de su tratamiento m\u00e9dico y los costos estimados para tratamientos futuros<\/span><\/li>\n<li><span style=\"font-weight: 400;\"> \u00a0 \u00a0 <\/span><span style=\"font-weight: 400;\">Im\u00e1genes de rayos X de su lesi\u00f3n y cualquier otra condici\u00f3n que pueda tener<\/span><\/li>\n<li><span style=\"font-weight: 400;\"> \u00a0 \u00a0 <\/span><span style=\"font-weight: 400;\">Testimonio m\u00e9dico para verificar y explicar la informaci\u00f3n que brindamos para su caso<\/span><\/li>\n<\/ul>\n<p><span style=\"font-weight: 400;\">Debe firmar un formulario de autorizaci\u00f3n m\u00e9dica si desea que le enviemos informaci\u00f3n a su abogado. Si hay otra informaci\u00f3n que le gustar\u00eda que brindemos para su caso, la acomodaremos lo mejor posible.<\/span><\/p>\n<h2><b>Llame a Specific Care Chiropractic para programar una cita de tratamiento de bursitis<\/b><\/h2>\n<p><span style=\"font-weight: 400;\">Si usted o un ser querido experimentan dolor e inflamaci\u00f3n debido a la bursitis, nuestros m\u00e9dicos en Fort Myers podr\u00edan tratar la afecci\u00f3n y controlar los s\u00edntomas. Podemos dise\u00f1ar un plan de tratamiento que reduzca la irritaci\u00f3n o la compresi\u00f3n de las articulaciones para que pueda regresar al trabajo o a otras actividades diarias.<\/span><\/p>\n<p><span style=\"font-weight: 400;\">Llame al <a href=\"tel:239-369-9109\">239-369-9109<\/a> hoy para programar una cita de tratamiento de bursitis en <\/span><a href=\"https:\/\/sc-chiro.com\/es\/\"><span style=\"font-weight: 400;\">Specific Care Chiropractic<\/span><\/a><span style=\"font-weight: 400;\">. Nuestra <\/span><a href=\"https:\/\/sc-chiro.com\/es\/fort-myers\/\"><span style=\"font-weight: 400;\">oficina de Fort Myers<\/span><\/a><span style=\"font-weight: 400;\"> est\u00e1 ubicada al oeste de Metro Parkway en Evans Avenue.<\/span><\/p>\n","protected":false},"excerpt":{"rendered":"<p>La bursitis es una afecci\u00f3n inflamatoria que afecta a las articulaciones. En su cuerpo, peque\u00f1os sacos de l\u00edquido llamados bursas protegen sus articulaciones mientras se mueve. Sin embargo, con el tiempo o debido al movimiento articular repetitivo, las bursas pueden inflamarse y causar un dolor intenso. Le doler\u00e1n las articulaciones, m\u00e1s com\u00fanmente las caderas, los [&hellip;]<\/p>\n","protected":false},"author":36,"featured_media":6398,"parent":4013,"menu_order":0,"comment_status":"closed","ping_status":"closed","template":"","meta":{"_acf_changed":false,"footnotes":""},"categories":[78],"tags":[58],"class_list":["post-4071","page","type-page","status-publish","has-post-thumbnail","hentry","category-fort-myers-ubicacion","tag-bursitis-es"],"acf":[],"_links":{"self":[{"href":"https:\/\/wp-staging-a9mhabeca4.pairsite.com\/es\/wp-json\/wp\/v2\/pages\/4071","targetHints":{"allow":["GET"]}}],"collection":[{"href":"https:\/\/wp-staging-a9mhabeca4.pairsite.com\/es\/wp-json\/wp\/v2\/pages"}],"about":[{"href":"https:\/\/wp-staging-a9mhabeca4.pairsite.com\/es\/wp-json\/wp\/v2\/types\/page"}],"author":[{"embeddable":true,"href":"https:\/\/wp-staging-a9mhabeca4.pairsite.com\/es\/wp-json\/wp\/v2\/users\/36"}],"replies":[{"embeddable":true,"href":"https:\/\/wp-staging-a9mhabeca4.pairsite.com\/es\/wp-json\/wp\/v2\/comments?post=4071"}],"version-history":[{"count":0,"href":"https:\/\/wp-staging-a9mhabeca4.pairsite.com\/es\/wp-json\/wp\/v2\/pages\/4071\/revisions"}],"up":[{"embeddable":true,"href":"https:\/\/wp-staging-a9mhabeca4.pairsite.com\/es\/wp-json\/wp\/v2\/pages\/4013"}],"wp:featuredmedia":[{"embeddable":true,"href":"https:\/\/wp-staging-a9mhabeca4.pairsite.com\/es\/wp-json\/wp\/v2\/media\/6398"}],"wp:attachment":[{"href":"https:\/\/wp-staging-a9mhabeca4.pairsite.com\/es\/wp-json\/wp\/v2\/media?parent=4071"}],"wp:term":[{"taxonomy":"category","embeddable":true,"href":"https:\/\/wp-staging-a9mhabeca4.pairsite.com\/es\/wp-json\/wp\/v2\/categories?post=4071"},{"taxonomy":"post_tag","embeddable":true,"href":"https:\/\/wp-staging-a9mhabeca4.pairsite.com\/es\/wp-json\/wp\/v2\/tags?post=4071"}],"curies":[{"name":"wp","href":"https:\/\/api.w.org\/{rel}","templated":true}]}}