{"id":4073,"date":"2021-11-15T19:16:16","date_gmt":"2021-11-15T19:16:16","guid":{"rendered":"https:\/\/qod-scchiro.local\/fort-myers\/chiropractic-adjustments\/"},"modified":"2023-06-19T10:56:03","modified_gmt":"2023-06-19T10:56:03","slug":"ajustes-quiropracticos","status":"publish","type":"page","link":"https:\/\/wp-staging-a9mhabeca4.pairsite.com\/es\/fort-myers\/ajustes-quiropracticos\/","title":{"rendered":"Ajustes Quiropr\u00e1cticos de Fort Myers"},"content":{"rendered":"<p><span style=\"font-weight: 400;\">Nuestros quiropr\u00e1cticos en Specific Care Chiropractic tienen licencia y est\u00e1n capacitados para realizar ajustes quiropr\u00e1cticos en pacientes como tratamiento para sus lesiones. Este procedimiento tambi\u00e9n se conoce como &#8220;manipulaci\u00f3n de la columna&#8221; e implica la aplicaci\u00f3n de movimientos de empuje controlados y estrat\u00e9gicos contra las articulaciones de la columna para cambiarlas a la alineaci\u00f3n adecuada. Un quiropr\u00e1ctico puede realizar estos movimientos con las manos o con un dispositivo aplicador.<\/span><\/p>\n<p><span style=\"font-weight: 400;\">Si est\u00e1 interesado en recibir un tratamiento de ajuste quiropr\u00e1ctico, nuestro centro tiene un<\/span><a href=\"https:\/\/sc-chiro.com\/es\/fort-myers\/\"> <span style=\"font-weight: 400;\">ubicaci\u00f3n de la oficina en Fort Myers, Florida<\/span><\/a> <span style=\"font-weight: 400;\">. Podemos programarlo para su cita de ajustes quiropr\u00e1cticos de Fort Myers, donde tendr\u00e1 la oportunidad de hablar con uno de nuestros m\u00e9dicos sobre su lesi\u00f3n y las posibles opciones de tratamiento.<\/span><\/p>\n<p><span style=\"font-weight: 400;\">\t\t<div data-elementor-type=\"section\" data-elementor-id=\"3935\" class=\"elementor elementor-3935\" data-elementor-post-type=\"elementor_library\">\n\t\t\t\t\t<section class=\"elementor-section elementor-top-section elementor-element elementor-element-bef2904 elementor-section-boxed elementor-section-height-default elementor-section-height-default\" data-id=\"bef2904\" data-element_type=\"section\">\n\t\t\t\t\t\t<div class=\"elementor-container elementor-column-gap-default\">\n\t\t\t\t\t<div class=\"elementor-column elementor-col-100 elementor-top-column elementor-element elementor-element-57dcad5 section-toc\" data-id=\"57dcad5\" data-element_type=\"column\">\n\t\t\t<div class=\"elementor-widget-wrap elementor-element-populated\">\n\t\t\t\t\t\t<div class=\"elementor-element elementor-element-0c49dfc elementor-toc--minimized-on-tablet elementor-widget elementor-widget-table-of-contents\" data-id=\"0c49dfc\" data-element_type=\"widget\" data-settings=\"{&quot;exclude_headings_by_selector&quot;:&quot;.toc-remove&quot;,&quot;headings_by_tags&quot;:[&quot;h2&quot;,&quot;h3&quot;,&quot;h4&quot;,&quot;h5&quot;,&quot;h6&quot;],&quot;marker_view&quot;:&quot;numbers&quot;,&quot;no_headings_message&quot;:&quot;No se ha encontrado ning\\u00fan encabezado en esta p\\u00e1gina.&quot;,&quot;minimize_box&quot;:&quot;yes&quot;,&quot;minimized_on&quot;:&quot;tablet&quot;,&quot;hierarchical_view&quot;:&quot;yes&quot;,&quot;min_height&quot;:{&quot;unit&quot;:&quot;px&quot;,&quot;size&quot;:&quot;&quot;,&quot;sizes&quot;:[]},&quot;min_height_tablet&quot;:{&quot;unit&quot;:&quot;px&quot;,&quot;size&quot;:&quot;&quot;,&quot;sizes&quot;:[]},&quot;min_height_mobile&quot;:{&quot;unit&quot;:&quot;px&quot;,&quot;size&quot;:&quot;&quot;,&quot;sizes&quot;:[]}}\" data-widget_type=\"table-of-contents.default\">\n\t\t\t\t<div class=\"elementor-widget-container\">\n\t\t\t\t\t<div class=\"elementor-toc__header\">\n\t\t\t<h4 class=\"elementor-toc__header-title\">\n\t\t\t\tTabla de Contenidos\t\t\t<\/h4>\n\t\t\t\t\t\t\t<div class=\"elementor-toc__toggle-button elementor-toc__toggle-button--expand\" role=\"button\" tabindex=\"0\" aria-controls=\"elementor-toc__0c49dfc\" aria-expanded=\"true\" aria-label=\"Abrir la tabla de contenidos\"><i aria-hidden=\"true\" class=\"fas fa-chevron-down\"><\/i><\/div>\n\t\t\t\t<div class=\"elementor-toc__toggle-button elementor-toc__toggle-button--collapse\" role=\"button\" tabindex=\"0\" aria-controls=\"elementor-toc__0c49dfc\" aria-expanded=\"true\" aria-label=\"Cerrar la tabla de contenidos\"><i aria-hidden=\"true\" class=\"fas fa-chevron-up\"><\/i><\/div>\n\t\t\t\t\t<\/div>\n\t\t<div id=\"elementor-toc__0c49dfc\" class=\"elementor-toc__body\">\n\t\t\t<div class=\"elementor-toc__spinner-container\">\n\t\t\t\t<i class=\"elementor-toc__spinner eicon-animation-spin eicon-loading\" aria-hidden=\"true\"><\/i>\t\t\t<\/div>\n\t\t<\/div>\n\t\t\t\t<\/div>\n\t\t\t\t<\/div>\n\t\t\t\t\t<\/div>\n\t\t<\/div>\n\t\t\t\t\t<\/div>\n\t\t<\/section>\n\t\t\t\t<\/div>\n\t\t<\/span><\/p>\n<h2><b>Nuestros m\u00e9dicos est\u00e1n capacitados en m\u00faltiples t\u00e9cnicas de ajuste quiropr\u00e1ctico<\/b><\/h2>\n<p><span style=\"font-weight: 400;\">Seg\u00fan el tipo de lesi\u00f3n que tenga, uno de nuestros quiropr\u00e1cticos puede usar una o m\u00e1s de las siguientes t\u00e9cnicas de ajuste que practicamos:<\/span><\/p>\n<h3><b>Diversificado<\/b><\/h3>\n<p><span style=\"font-weight: 400;\">Esta es la t\u00e9cnica de ajuste m\u00e1s popular para la manipulaci\u00f3n espinal. El m\u00e9dico se enfoca en aplicar fuerza contra las v\u00e9rtebras de la columna para volver a alinearlas. Los pacientes a menudo sienten un alivio inmediato del dolor.<\/span><\/p>\n<h3><b>Sentado Diversificado<\/b><\/h3>\n<p><span style=\"font-weight: 400;\">Esta es una versi\u00f3n modificada de la t\u00e9cnica diversificada, que permite a los pacientes sentarse erguidos en una silla para realizar ajustes. Esta t\u00e9cnica se usa com\u00fanmente para tratar lesiones de cuello y hombros; sin embargo, los pacientes que sufren dolor lumbar debido a una mala postura tambi\u00e9n pueden beneficiarse de diversos ajustes sentados.<\/span><\/p>\n<h3><b>Rodilla-Pecho<\/b><\/h3>\n<p><span style=\"font-weight: 400;\">Esta t\u00e9cnica requiere que el paciente coloque la cabeza y el pecho sobre la mesa de ajuste. Los quiropr\u00e1cticos realizar\u00e1n manipulaciones para enfocarse en el \u00e1rea cervical de la columna vertebral, que incluye las v\u00e9rtebras superiores de la m\u00e9dula espinal que se encuentra en la base del cr\u00e1neo y en el cuello. Este m\u00e9todo puede ser un tratamiento eficaz para las lesiones por latigazo cervical.<\/span><\/p>\n<h3><b>Postura lateral<\/b><\/h3>\n<p><span style=\"font-weight: 400;\">Esta t\u00e9cnica coloca al paciente de costado con una pierna doblada hacia adelante mientras el quiropr\u00e1ctico ajusta su columna. Este m\u00e9todo se enfoca en las lesiones p\u00e9lvicas y de la espalda baja, incluidas las lesiones de cadera.<\/span><\/p>\n<p><span data-sheets-value=\"{&quot;1&quot;:2,&quot;2&quot;:&quot;&lt;div class=&quot;buttons&quot;&gt;\n        &lt;a class=&quot;content-number mid-page-call-click-button&quot; href=&quot;tel:2393699109&quot;&gt;Call us Now - 239-369-9109&lt;\/a&gt;\n        &lt;a class=&quot;content-number mid-page-form-click-button&quot; id=&quot;second-button&quot; href=&quot;#elementor-action%3Aaction%3Dpopup%3Aopen%26settings%3DeyJpZCI6MTkxOSwidG9nZ2xlIjpmYWxzZX0%3D&quot;&gt;Contact Us!&lt;\/a&gt;\n    &lt;\/div&gt;&quot;}\" data-sheets-userformat=\"{&quot;2&quot;:513,&quot;3&quot;:{&quot;1&quot;:0},&quot;12&quot;:0}\"><div class=\"buttons\">\n        <a class=\"content-number mid-page-call-click-button\" href=\"tel:2393699109\">Call us Now - 239-369-9109<\/a>\n        <a class=\"content-number mid-page-form-click-button\" id=\"second-button\" href=\"#elementor-action%3Aaction%3Dpopup%3Aopen%26settings%3DeyJpZCI6MTkxOSwidG9nZ2xlIjpmYWxzZX0%3D\">Contact Us!<\/a>\n    <\/div><\/span><\/p>\n<h3><b>T\u00e9cnica Sacro-Occipital (SOT)<\/b><\/h3>\n<p><span style=\"font-weight: 400;\">Esta t\u00e9cnica se dirige tanto a la m\u00e9dula espinal como al sistema nervioso central, ya que este m\u00e9todo se basa en el principio de que los pacientes pueden aliviar el dolor y otros s\u00edntomas inc\u00f3modos al nutrir partes clave del cuerpo. Estas \u00e1reas incluyen la cabeza, los \u00f3rganos, el \u00e1rea p\u00e9lvica, la columna vertebral y las extremidades.<\/span><\/p>\n<h3><b>T\u00e9cnica de mesa abatible de Thompson<\/b><\/h3>\n<p><span style=\"font-weight: 400;\">Esta t\u00e9cnica requiere que los pacientes se acuesten boca abajo en una mesa desplegable, que se divide en siete secciones para brindar apoyo al paciente durante la sesi\u00f3n de ajuste. Este m\u00e9todo es un proceso de manipulaci\u00f3n espinal de cuerpo completo desarrollado por el Dr. J. Clay Thompson.<\/span><\/p>\n<h3><b>Manipulaci\u00f3n manual de extremidades<\/b><\/h3>\n<p><span style=\"font-weight: 400;\">Esta t\u00e9cnica se enfoca en manipular \u00e1reas dentro del sistema esquel\u00e9tico ubicadas fuera de la m\u00e9dula espinal. Conocidas como &#8220;extremidades&#8221;, estas \u00e1reas incluyen los hombros, los codos, las mu\u00f1ecas, las caderas, las rodillas y los tobillos. Las lesiones comunes tratadas con esta t\u00e9cnica incluyen el s\u00edndrome del t\u00fanel carpiano, el codo de tenista y la luxaci\u00f3n de rodilla.<\/span><\/p>\n<h3><b>Alternar retroceso<\/b><\/h3>\n<p><span style=\"font-weight: 400;\">Este m\u00e9todo es una versi\u00f3n modificada de los ajustes quiropr\u00e1cticos, que brinda un enfoque m\u00e1s suave para los pacientes que pueden ser sensibles a los empujones fuertes en la atenci\u00f3n quiropr\u00e1ctica est\u00e1ndar. Las personas mayores de 65 a\u00f1os pueden preferir este m\u00e9todo, as\u00ed como las personas que viven con enfermedades cr\u00f3nicas que afectan su fuerza.<\/span><\/p>\n<p><img fetchpriority=\"high\" decoding=\"async\" class=\"alignnone wp-image-3373 size-full\" src=\"https:\/\/sc-chiro.com\/wp-content\/uploads\/2021\/11\/Fort-Myers-chiropractic-adjustments.jpg\" alt=\"Woman having Fort Myers chiropractic adjustments\" width=\"500\" height=\"333\" srcset=\"https:\/\/wp-staging-a9mhabeca4.pairsite.com\/wp-content\/uploads\/2021\/11\/Fort-Myers-chiropractic-adjustments.jpg 500w, https:\/\/wp-staging-a9mhabeca4.pairsite.com\/wp-content\/uploads\/2021\/11\/Fort-Myers-chiropractic-adjustments-300x200.jpg 300w\" sizes=\"(max-width: 500px) 100vw, 500px\" \/><\/p>\n<h3><b>Activador<\/b><\/h3>\n<p><span style=\"font-weight: 400;\">Esta t\u00e9cnica implica el uso de un dispositivo activador manual que simula los ajustes quiropr\u00e1cticos realizados a mano. Este m\u00e9todo permite a los quiropr\u00e1cticos aplicar compresiones de alta velocidad y baja amplitud (HVLA) a un ritmo controlado, lo que reduce el riesgo durante el procedimiento.<\/span><\/p>\n<p><span style=\"font-weight: 400;\">Si tiene preguntas sobre las t\u00e9cnicas de ajuste que su m\u00e9dico realizar\u00e1 para su tratamiento, nuestros m\u00e9dicos pueden explicarle sus m\u00e9todos con m\u00e1s detalle para que se sienta c\u00f3modo durante su sesi\u00f3n quiropr\u00e1ctica.<\/span><\/p>\n<h2><b>Prepar\u00e1ndose para su cita de ajuste quiropr\u00e1ctico<\/b><\/h2>\n<p><span style=\"font-weight: 400;\">Los ajustes quiropr\u00e1cticos no son invasivos, lo que significa que los pacientes no reciben anestesia para este procedimiento, ni tienen que tomar muchas precauciones para prepararse para sus citas. Dicho esto, hay algunos consejos pr\u00e1cticos para que tu sesi\u00f3n sea m\u00e1s c\u00f3moda:<\/span><\/p>\n<ul>\n<li><span style=\"font-weight: 400;\">Use ropa c\u00f3moda y holgada, ya que puede ser manipulado en diferentes posiciones durante el procedimiento de ajuste.<\/span><\/li>\n<li><span style=\"font-weight: 400;\">Sea consciente de sus s\u00edntomas de dolor para poder comunic\u00e1rselos a su m\u00e9dico durante el tratamiento.<\/span><\/li>\n<li><span style=\"font-weight: 400;\">Coma una comida ligera y beba mucha agua para mantenerse hidratado.<\/span><\/li>\n<\/ul>\n<p><span style=\"font-weight: 400;\">Su m\u00e9dico le brindar\u00e1 m\u00e1s instrucciones sobre c\u00f3mo prepararse para su procedimiento de ajuste despu\u00e9s de revisar sus lesiones y realizar ex\u00e1menes de diagn\u00f3stico. Adem\u00e1s, si tu plan de tratamiento tambi\u00e9n incluye fisioterapia, nuestros m\u00e9dicos te orientar\u00e1n sobre c\u00f3mo prepararte para estas sesiones.<\/span><\/p>\n<h2><b>Los ajustes quiropr\u00e1cticos pueden aliviar el dolor derivado de varios tipos de lesiones<\/b><\/h2>\n<p><span style=\"font-weight: 400;\">Los ajustes quiropr\u00e1cticos se pueden utilizar para tratar:<\/span><\/p>\n<ul>\n<li><a href=\"https:\/\/sc-chiro.com\/es\/fort-myers\/tratamiento-lesiones-columna\/\"><span style=\"font-weight: 400;\">la m\u00e9dula espinal<\/span><\/a> <span style=\"font-weight: 400;\">y otras<\/span><a href=\"https:\/\/sc-chiro.com\/es\/fort-myers\/tratamiento-lesion-espalda\/\"> <span style=\"font-weight: 400;\">lesiones de espalda<\/span><\/a><\/li>\n<li><a href=\"https:\/\/sc-chiro.com\/es\/fort-myers\/tratamiento-lesion-cuello\/\"><span style=\"font-weight: 400;\">Lesiones en el cuello<\/span><\/a> <span style=\"font-weight: 400;\">, incluyendo<\/span><a href=\"https:\/\/sc-chiro.com\/es\/fort-myers\/tratamiento-latigazo-cervical\/\"> <span style=\"font-weight: 400;\">latigazo<\/span><\/a><\/li>\n<li><a href=\"https:\/\/sc-chiro.com\/es\/fort-myers\/tratamientos-distensiones-musculares\/\"><span style=\"font-weight: 400;\">Esguinces y distensiones musculares<\/span><\/a><\/li>\n<li><a href=\"https:\/\/sc-chiro.com\/es\/fort-myers\/tratamiento-sindrome-tunel-carpiano\/\"><span style=\"font-weight: 400;\">S\u00edndrome del t\u00fanel carpiano<\/span><\/a><\/li>\n<li><a href=\"https:\/\/sc-chiro.com\/es\/fort-myers\/tratamiento-hernia-discal\/\"><span style=\"font-weight: 400;\">Discos herniados<\/span><\/a><\/li>\n<li><a href=\"https:\/\/sc-chiro.com\/es\/fort-myers\/tratamiento-escoliosis\/\"><span style=\"font-weight: 400;\">Escoliosis<\/span><\/a><\/li>\n<li><a href=\"https:\/\/sc-chiro.com\/es\/fort-myers\/tratamiento-bursitis\/\"><span style=\"font-weight: 400;\">Bursitis<\/span><\/a><\/li>\n<li><span style=\"font-weight: 400;\">Dolores de cabeza y migra\u00f1as<\/span><\/li>\n<\/ul>\n<p><span style=\"font-weight: 400;\">Antes de su sesi\u00f3n de ajuste, uno de nuestros quiropr\u00e1cticos revisar\u00e1 la naturaleza de sus lesiones para determinar si existen otras condiciones subyacentes que puedan afectar su tratamiento.<\/span><\/p>\n<p><span style=\"font-weight: 400;\">Por ejemplo, si se queja de dolor de espalda y descubrimos que podr\u00eda tener un tumor en la columna, podemos derivarlo a un especialista para que aborde esta inquietud. Sin embargo, si descubrimos que tiene una hernia de disco que caus\u00f3 da\u00f1o a los nervios, podemos enfocarnos en usar ajustes SOT para aliviar su dolor.<\/span><\/p>\n<p><span data-sheets-value=\"{&quot;1&quot;:2,&quot;2&quot;:&quot;&lt;div class=&quot;buttons&quot;&gt;\n        &lt;a class=&quot;content-number mid-page-call-click-button&quot; href=&quot;tel:2393699109&quot;&gt;Call us Now - 239-369-9109&lt;\/a&gt;\n        &lt;a class=&quot;content-number mid-page-form-click-button&quot; id=&quot;second-button&quot; href=&quot;#elementor-action%3Aaction%3Dpopup%3Aopen%26settings%3DeyJpZCI6MTkxOSwidG9nZ2xlIjpmYWxzZX0%3D&quot;&gt;Contact Us!&lt;\/a&gt;\n    &lt;\/div&gt;&quot;}\" data-sheets-userformat=\"{&quot;2&quot;:513,&quot;3&quot;:{&quot;1&quot;:0},&quot;12&quot;:0}\"><div class=\"buttons\">\n        <a class=\"content-number mid-page-call-click-button\" href=\"tel:2393699109\">Call us Now - 239-369-9109<\/a>\n        <a class=\"content-number mid-page-form-click-button\" id=\"second-button\" href=\"#elementor-action%3Aaction%3Dpopup%3Aopen%26settings%3DeyJpZCI6MTkxOSwidG9nZ2xlIjpmYWxzZX0%3D\">Contact Us!<\/a>\n    <\/div><\/span><\/p>\n<h2><b>Revistas de salud han informado sobre la eficacia de la atenci\u00f3n quiropr\u00e1ctica para lesiones<\/b><\/h2>\n<p><span style=\"font-weight: 400;\">Algunos hallazgos clave sobre la efectividad de los ajustes quiropr\u00e1cticos para el manejo del dolor y la mejora de la movilidad incluyen:<\/span><\/p>\n<ul>\n<li><a href=\"https:\/\/www.ncbi.nlm.nih.gov\/pmc\/articles\/PMC6502880\/\"><i><span style=\"font-weight: 400;\">Scientific Reports<\/span><\/i><\/a> <span style=\"font-weight: 400;\">public\u00f3 un informe sobre un estudio que encontr\u00f3 que el procesamiento neuronal del dolor y la incomodidad de los pacientes disminuy\u00f3 despu\u00e9s de cada sesi\u00f3n de ajuste en la que participaron.<\/span><\/li>\n<li><span style=\"font-weight: 400;\">Un estudio publicado en el<\/span><a href=\"https:\/\/pubmed.ncbi.nlm.nih.gov\/16690379\/\"> <i><span style=\"font-weight: 400;\">Journal of Manipulative and Physiological Therapeutics<\/span><\/i><\/a> <span style=\"font-weight: 400;\">descubri\u00f3 que los pacientes aumentaron su comportamiento motor y su funcionalidad muscular con el tiempo a medida que recib\u00edan ajustes quiropr\u00e1cticos.<\/span><\/li>\n<li><span style=\"font-weight: 400;\">El<\/span><a href=\"https:\/\/www.ncbi.nlm.nih.gov\/pmc\/articles\/PMC3716373\/\"> <i><span style=\"font-weight: 400;\">Journal of Evidence-Based Complementary Alternative Medicine<\/span><\/i><\/a> <span style=\"font-weight: 400;\">concluy\u00f3 que los ajustes quiropr\u00e1cticos pueden ser un &#8220;tratamiento razonable&#8221; para las lesiones en la espalda, la cabeza y el cuello. La atenci\u00f3n quiropr\u00e1ctica tambi\u00e9n puede ser una opci\u00f3n para tratar dolores de cabeza y migra\u00f1as.<\/span><\/li>\n<\/ul>\n<h2><b>Programe su cita para ajustes quiropr\u00e1cticos en Fort Myers<\/b><\/h2>\n<p><span style=\"font-weight: 400;\">Ya sea que se lesion\u00f3 en un solo incidente, como un accidente automovil\u00edstico, o desarroll\u00f3 una lesi\u00f3n con el tiempo debido a sus h\u00e1bitos de trabajo o estilo de vida, no tiene que continuar soportando dolor e incomodidad. Los ajustes quiropr\u00e1cticos pueden realinear su m\u00e9dula espinal en la alineaci\u00f3n adecuada y disminuir cualquier dolor cr\u00f3nico o inflamaci\u00f3n que sienta. Con cada sesi\u00f3n, puede comenzar a notar que se siente m\u00e1s flexible en sus movimientos y disfruta mejor de la vida.<\/span><\/p>\n<p><span style=\"font-weight: 400;\">Llamar<\/span> <a href=\"https:\/\/sc-chiro.com\/es\/\">Specific Care Chiropractic<\/a> <span style=\"font-weight: 400;\">al <a href=\"tel:239-369-9109\">239-369-9109<\/a> para programar una cita en nuestra oficina de Fort Myers, ubicada al oeste de Metro Parkway en la esquina de Winkler Avenue y Evans Avenue.<\/span><\/p>\n","protected":false},"excerpt":{"rendered":"<p>Nuestros quiropr\u00e1cticos en Specific Care Chiropractic tienen licencia y est\u00e1n capacitados para realizar ajustes quiropr\u00e1cticos en pacientes como tratamiento para sus lesiones. Este procedimiento tambi\u00e9n se conoce como &#8220;manipulaci\u00f3n de la columna&#8221; e implica la aplicaci\u00f3n de movimientos de empuje controlados y estrat\u00e9gicos contra las articulaciones de la columna para cambiarlas a la alineaci\u00f3n adecuada. [&hellip;]<\/p>\n","protected":false},"author":36,"featured_media":6056,"parent":4013,"menu_order":0,"comment_status":"closed","ping_status":"closed","template":"","meta":{"_acf_changed":false,"footnotes":""},"categories":[78],"tags":[61],"class_list":["post-4073","page","type-page","status-publish","has-post-thumbnail","hentry","category-fort-myers-ubicacion","tag-ajustes-quiropracticos"],"acf":[],"_links":{"self":[{"href":"https:\/\/wp-staging-a9mhabeca4.pairsite.com\/es\/wp-json\/wp\/v2\/pages\/4073","targetHints":{"allow":["GET"]}}],"collection":[{"href":"https:\/\/wp-staging-a9mhabeca4.pairsite.com\/es\/wp-json\/wp\/v2\/pages"}],"about":[{"href":"https:\/\/wp-staging-a9mhabeca4.pairsite.com\/es\/wp-json\/wp\/v2\/types\/page"}],"author":[{"embeddable":true,"href":"https:\/\/wp-staging-a9mhabeca4.pairsite.com\/es\/wp-json\/wp\/v2\/users\/36"}],"replies":[{"embeddable":true,"href":"https:\/\/wp-staging-a9mhabeca4.pairsite.com\/es\/wp-json\/wp\/v2\/comments?post=4073"}],"version-history":[{"count":0,"href":"https:\/\/wp-staging-a9mhabeca4.pairsite.com\/es\/wp-json\/wp\/v2\/pages\/4073\/revisions"}],"up":[{"embeddable":true,"href":"https:\/\/wp-staging-a9mhabeca4.pairsite.com\/es\/wp-json\/wp\/v2\/pages\/4013"}],"wp:featuredmedia":[{"embeddable":true,"href":"https:\/\/wp-staging-a9mhabeca4.pairsite.com\/es\/wp-json\/wp\/v2\/media\/6056"}],"wp:attachment":[{"href":"https:\/\/wp-staging-a9mhabeca4.pairsite.com\/es\/wp-json\/wp\/v2\/media?parent=4073"}],"wp:term":[{"taxonomy":"category","embeddable":true,"href":"https:\/\/wp-staging-a9mhabeca4.pairsite.com\/es\/wp-json\/wp\/v2\/categories?post=4073"},{"taxonomy":"post_tag","embeddable":true,"href":"https:\/\/wp-staging-a9mhabeca4.pairsite.com\/es\/wp-json\/wp\/v2\/tags?post=4073"}],"curies":[{"name":"wp","href":"https:\/\/api.w.org\/{rel}","templated":true}]}}