{"id":4078,"date":"2021-10-12T14:43:23","date_gmt":"2021-10-12T14:43:23","guid":{"rendered":"https:\/\/qod-scchiro.local\/fort-myers\/sciatica-treatment\/"},"modified":"2023-06-19T10:53:39","modified_gmt":"2023-06-19T10:53:39","slug":"tratamiento-ciatica","status":"publish","type":"page","link":"https:\/\/wp-staging-a9mhabeca4.pairsite.com\/es\/fort-myers\/tratamiento-ciatica\/","title":{"rendered":"Tratamiento de la Ci\u00e1tica de Fort Myers"},"content":{"rendered":"<p><span style=\"font-weight: 400;\">Vivir con dolor de ci\u00e1tica puede significar limitaciones en su estilo de vida, actividades y niveles de energ\u00eda. Nuestros ajustes quiropr\u00e1cticos y tratamientos de fisioterapia pueden ayudarte a vivir una vida plena y saludable nuevamente. Nuestros planes de tratamiento innovadores identifican d\u00f3nde se produce la presi\u00f3n sobre el nervio ci\u00e1tico y d\u00f3nde se produce el dolor que interrumpe su vida diaria.<\/span><\/p>\n<p><span style=\"font-weight: 400;\">Cuando no se trata, la ci\u00e1tica puede provocar da\u00f1os permanentes en los nervios. En Specific Care Chiropractic, trabajamos arduamente para asegurarnos de que nuestros pacientes comprendan las ventajas de nuestro programa de tratamiento de la ci\u00e1tica de <\/span><a href=\"https:\/\/sc-chiro.com\/es\/fort-myers\/\"><span style=\"font-weight: 400;\">Fort Myers<\/span><\/a><span style=\"font-weight: 400;\">. Puede devolverle su movilidad y permitirle regresar a muchas de las actividades diarias y extracurriculares que alguna vez disfrut\u00f3.<\/span><\/p>\n<p><span style=\"font-weight: 400;\">\t\t<div data-elementor-type=\"section\" data-elementor-id=\"3935\" class=\"elementor elementor-3935\" data-elementor-post-type=\"elementor_library\">\n\t\t\t\t\t<section class=\"elementor-section elementor-top-section elementor-element elementor-element-bef2904 elementor-section-boxed elementor-section-height-default elementor-section-height-default\" data-id=\"bef2904\" data-element_type=\"section\">\n\t\t\t\t\t\t<div class=\"elementor-container elementor-column-gap-default\">\n\t\t\t\t\t<div class=\"elementor-column elementor-col-100 elementor-top-column elementor-element elementor-element-57dcad5 section-toc\" data-id=\"57dcad5\" data-element_type=\"column\">\n\t\t\t<div class=\"elementor-widget-wrap elementor-element-populated\">\n\t\t\t\t\t\t<div class=\"elementor-element elementor-element-0c49dfc elementor-toc--minimized-on-tablet elementor-widget elementor-widget-table-of-contents\" data-id=\"0c49dfc\" data-element_type=\"widget\" data-settings=\"{&quot;exclude_headings_by_selector&quot;:&quot;.toc-remove&quot;,&quot;headings_by_tags&quot;:[&quot;h2&quot;,&quot;h3&quot;,&quot;h4&quot;,&quot;h5&quot;,&quot;h6&quot;],&quot;marker_view&quot;:&quot;numbers&quot;,&quot;no_headings_message&quot;:&quot;No se ha encontrado ning\\u00fan encabezado en esta p\\u00e1gina.&quot;,&quot;minimize_box&quot;:&quot;yes&quot;,&quot;minimized_on&quot;:&quot;tablet&quot;,&quot;hierarchical_view&quot;:&quot;yes&quot;,&quot;min_height&quot;:{&quot;unit&quot;:&quot;px&quot;,&quot;size&quot;:&quot;&quot;,&quot;sizes&quot;:[]},&quot;min_height_tablet&quot;:{&quot;unit&quot;:&quot;px&quot;,&quot;size&quot;:&quot;&quot;,&quot;sizes&quot;:[]},&quot;min_height_mobile&quot;:{&quot;unit&quot;:&quot;px&quot;,&quot;size&quot;:&quot;&quot;,&quot;sizes&quot;:[]}}\" data-widget_type=\"table-of-contents.default\">\n\t\t\t\t<div class=\"elementor-widget-container\">\n\t\t\t\t\t<div class=\"elementor-toc__header\">\n\t\t\t<h4 class=\"elementor-toc__header-title\">\n\t\t\t\tTabla de Contenidos\t\t\t<\/h4>\n\t\t\t\t\t\t\t<div class=\"elementor-toc__toggle-button elementor-toc__toggle-button--expand\" role=\"button\" tabindex=\"0\" aria-controls=\"elementor-toc__0c49dfc\" aria-expanded=\"true\" aria-label=\"Abrir la tabla de contenidos\"><i aria-hidden=\"true\" class=\"fas fa-chevron-down\"><\/i><\/div>\n\t\t\t\t<div class=\"elementor-toc__toggle-button elementor-toc__toggle-button--collapse\" role=\"button\" tabindex=\"0\" aria-controls=\"elementor-toc__0c49dfc\" aria-expanded=\"true\" aria-label=\"Cerrar la tabla de contenidos\"><i aria-hidden=\"true\" class=\"fas fa-chevron-up\"><\/i><\/div>\n\t\t\t\t\t<\/div>\n\t\t<div id=\"elementor-toc__0c49dfc\" class=\"elementor-toc__body\">\n\t\t\t<div class=\"elementor-toc__spinner-container\">\n\t\t\t\t<i class=\"elementor-toc__spinner eicon-animation-spin eicon-loading\" aria-hidden=\"true\"><\/i>\t\t\t<\/div>\n\t\t<\/div>\n\t\t\t\t<\/div>\n\t\t\t\t<\/div>\n\t\t\t\t\t<\/div>\n\t\t<\/div>\n\t\t\t\t\t<\/div>\n\t\t<\/section>\n\t\t\t\t<\/div>\n\t\t<\/span><\/p>\n<h2><b>Discutiendo su Ci\u00e1tica con Nuestro Equipo<\/b><\/h2>\n<p><span style=\"font-weight: 400;\">El nervio ci\u00e1tico es un haz de nervios finos que va desde la base de la columna hasta los dedos de los pies. Las personas que sufren de ci\u00e1tica pueden tener episodios intensos de dolor que van desde espor\u00e1dicos hasta incesantes. Las posibles causas incluyen torceduras repetitivas de la espalda, accidentes automovil\u00edsticos y ca\u00eddas violentas. Las <\/span><a href=\"https:\/\/my.clevelandclinic.org\/health\/diseases\/12792-sciatica\"><span style=\"font-weight: 400;\">causas conocidas de da\u00f1o al nervio ci\u00e1tico<\/span><\/a><span style=\"font-weight: 400;\"> incluyen:<\/span><\/p>\n<ul>\n<li><span style=\"font-weight: 400;\"> \u00a0 \u00a0 <\/span><span style=\"font-weight: 400;\">Una <\/span><a href=\"https:\/\/sc-chiro.com\/es\/fort-myers\/tratamiento-hernia-discal\/\"><span style=\"font-weight: 400;\">hernia de disco<\/span><\/a><span style=\"font-weight: 400;\"> o espol\u00f3n \u00f3seo<\/span><\/li>\n<li><span style=\"font-weight: 400;\"> \u00a0 \u00a0 <\/span><span style=\"font-weight: 400;\">Diabetes y envejecimiento<\/span><\/li>\n<li><span style=\"font-weight: 400;\"> \u00a0 \u00a0 <\/span><span style=\"font-weight: 400;\">Obesidad y estilos de vida inactivos<\/span><\/li>\n<\/ul>\n<p><span style=\"font-weight: 400;\">Muchas condiciones m\u00e9dicas subyacentes tambi\u00e9n pueden causar ci\u00e1tica, incluida una v\u00e9rtebra desplazada, estenosis espinal y enfermedad degenerativa del disco. Un examen completo de nuestro equipo puede conducir a un diagn\u00f3stico definitivo, permiti\u00e9ndonos dise\u00f1ar un plan de tratamiento restaurador.<\/span><\/p>\n<p><span data-sheets-value=\"{&quot;1&quot;:2,&quot;2&quot;:&quot;&lt;div class=&quot;buttons&quot;&gt;\n        &lt;a class=&quot;content-number mid-page-call-click-button&quot; href=&quot;tel:2393699109&quot;&gt;Call us Now - 239-369-9109&lt;\/a&gt;\n        &lt;a class=&quot;content-number mid-page-form-click-button&quot; id=&quot;second-button&quot; href=&quot;#elementor-action%3Aaction%3Dpopup%3Aopen%26settings%3DeyJpZCI6MTkxOSwidG9nZ2xlIjpmYWxzZX0%3D&quot;&gt;Contact Us!&lt;\/a&gt;\n    &lt;\/div&gt;&quot;}\" data-sheets-userformat=\"{&quot;2&quot;:513,&quot;3&quot;:{&quot;1&quot;:0},&quot;12&quot;:0}\"><div class=\"buttons\">\n        <a class=\"content-number mid-page-call-click-button\" href=\"tel:2393699109\">Call us Now - 239-369-9109<\/a>\n        <a class=\"content-number mid-page-form-click-button\" id=\"second-button\" href=\"#elementor-action%3Aaction%3Dpopup%3Aopen%26settings%3DeyJpZCI6MTkxOSwidG9nZ2xlIjpmYWxzZX0%3D\">Contact Us!<\/a>\n    <\/div><\/span><\/p>\n<h2><b>Diagn\u00f3stico de la Ci\u00e1tica<\/b><\/h2>\n<p><span style=\"font-weight: 400;\">Para comprender cu\u00e1les son los tratamientos m\u00e1s adecuados para usted, llevamos a cabo un examen de diagn\u00f3stico exhaustivo y una revisi\u00f3n de su historial m\u00e9dico. Tambi\u00e9n lo escuchamos para que podamos identificar las \u00e1reas m\u00e1s dolorosas y luego evaluar su rango de movimiento y niveles de dolor. Un diagn\u00f3stico completo puede incluir:<\/span><\/p>\n<ul>\n<li><span style=\"font-weight: 400;\"> \u00a0 \u00a0 <\/span><span style=\"font-weight: 400;\">Examinar su modo de andar mientras camina<\/span><\/li>\n<li><span style=\"font-weight: 400;\"> \u00a0 \u00a0 <\/span><span style=\"font-weight: 400;\">Medir hasta d\u00f3nde puede levantar la pierna c\u00f3modamente<\/span><\/li>\n<li><span style=\"font-weight: 400;\"> \u00a0 \u00a0 <\/span><span style=\"font-weight: 400;\">Midiendo tus grados de fuerza y \u200b\u200bflexibilidad<\/span><\/li>\n<\/ul>\n<p><span style=\"font-weight: 400;\">Debido a que juega un papel importante en la restauraci\u00f3n y el mantenimiento de su propia salud, lo involucramos en cada paso de su viaje. Nuestro Doctor en Quiropr\u00e1ctica puede desarrollar un plan que conduzca a una mejor columna vertebral y salud en general.<\/span><\/p>\n<h2><b>Puedes recuperarte del dolor de la ci\u00e1tica<\/b><\/h2>\n<p><span style=\"font-weight: 400;\">Obtener la combinaci\u00f3n correcta de tratamientos para la ci\u00e1tica en Fort Myers puede brindarle el alivio y la recuperaci\u00f3n que ha estado buscando. Las investigaciones de Mayo Clinic recomiendan muchas de las terapias que brindamos como parte de nuestro paquete de tratamiento general. <\/span><a href=\"https:\/\/www.mayoclinic.org\/diseases-conditions\/sciatica\/diagnosis-treatment\/drc-20377441\"><span style=\"font-weight: 400;\">El tratamiento para la ci\u00e1tica<\/span><\/a><span style=\"font-weight: 400;\"> generalmente incluye:<\/span><\/p>\n<ul>\n<li><span style=\"font-weight: 400;\"> \u00a0 \u00a0 <\/span><span style=\"font-weight: 400;\">Ajustes quiropr\u00e1cticos<\/span><\/li>\n<li><span style=\"font-weight: 400;\"> \u00a0 \u00a0 <\/span><span style=\"font-weight: 400;\">Acupuntura<\/span><\/li>\n<li><span style=\"font-weight: 400;\"> \u00a0 \u00a0 <\/span><span style=\"font-weight: 400;\">Terapia f\u00edsica<\/span><\/li>\n<li><span style=\"font-weight: 400;\"> \u00a0 \u00a0 <\/span><span style=\"font-weight: 400;\">Ejercicios de estiramiento<\/span><\/li>\n<li><span style=\"font-weight: 400;\"> \u00a0 \u00a0 <\/span><span style=\"font-weight: 400;\">Medicamentos recetados<\/span><\/li>\n<\/ul>\n<p><span style=\"font-weight: 400;\">La medicina tradicional puede incluso recomendar una intervenci\u00f3n quir\u00fargica. Sin embargo, cualquier cirug\u00eda de columna conlleva riesgos inherentes, que pueden incluir infecci\u00f3n, sangrado y co\u00e1gulos de sangre, da\u00f1o a los nervios y p\u00e9rdida del control de los intestinos o la vejiga.<\/span><\/p>\n<p><span style=\"font-weight: 400;\">En Specific Care Chiropractic, creemos en el tratamiento integral del paciente. Si usted o un miembro de su familia sufre de ci\u00e1tica, puede obtener m\u00e1s informaci\u00f3n sobre nuestros planes de tratamiento durante su cita inicial en nuestra oficina de Fort Myers en Evans Avenue.<\/span><\/p>\n<p><img fetchpriority=\"high\" decoding=\"async\" class=\"alignnone wp-image-3222 size-full\" src=\"https:\/\/sc-chiro.com\/wp-content\/uploads\/2021\/10\/Fort-Myers-sciatica-treatment.jpg\" alt=\"Chiropractor, Fort Myers sciatica treatment\" width=\"500\" height=\"334\" srcset=\"https:\/\/wp-staging-a9mhabeca4.pairsite.com\/wp-content\/uploads\/2021\/10\/Fort-Myers-sciatica-treatment.jpg 500w, https:\/\/wp-staging-a9mhabeca4.pairsite.com\/wp-content\/uploads\/2021\/10\/Fort-Myers-sciatica-treatment-300x200.jpg 300w\" sizes=\"(max-width: 500px) 100vw, 500px\" \/><\/p>\n<h2><b>Creamos un Plan de Tratamiento de Ci\u00e1tica Personalizado para Usted<\/b><\/h2>\n<p><span style=\"font-weight: 400;\">Cada paciente lesionado es \u00fanico para nosotros, por lo que nuestro equipo de atenci\u00f3n m\u00e9dica lo trata como la persona que es cuando dise\u00f1a su plan de recuperaci\u00f3n. En Specific Care Chiropractic, los tratamientos disponibles para la ci\u00e1tica incluyen:<\/span><\/p>\n<ul>\n<li><span style=\"font-weight: 400;\"> \u00a0 \u00a0 <\/span><span style=\"font-weight: 400;\">Ajustes quiropr\u00e1cticos<\/span><\/li>\n<li><span style=\"font-weight: 400;\"> \u00a0 \u00a0 <\/span><span style=\"font-weight: 400;\">Realineaci\u00f3n de discos y v\u00e9rtebras<\/span><\/li>\n<li><span style=\"font-weight: 400;\"> \u00a0 \u00a0 <\/span><span style=\"font-weight: 400;\">Fisioterapia de rehabilitaci\u00f3n<\/span><\/li>\n<li><span style=\"font-weight: 400;\"> \u00a0 \u00a0 <\/span><span style=\"font-weight: 400;\">Ejercicios de fortalecimiento<\/span><\/li>\n<li><span style=\"font-weight: 400;\"> \u00a0 \u00a0 <\/span><span style=\"font-weight: 400;\">Terapia de Masajes<\/span><\/li>\n<li><span style=\"font-weight: 400;\"> \u00a0 \u00a0 <\/span><span style=\"font-weight: 400;\">terapia de ultrasonido<\/span><\/li>\n<li><span style=\"font-weight: 400;\"> \u00a0 \u00a0 <\/span><a href=\"https:\/\/www.uofmhealth.org\/health-library\/tn9286\"><span style=\"font-weight: 400;\">Estimulaci\u00f3n Muscular El\u00e9ctrica (E-SIM)<\/span><\/a><\/li>\n<\/ul>\n<p><span style=\"font-weight: 400;\">Nadie deber\u00eda tener que vivir con dolor cr\u00f3nico e inmovilidad a causa de la ci\u00e1tica. Un cambio tan forzado en el estilo de vida puede hacer que la vida diaria sea infeliz e improductiva. Al crear su plan de tratamiento, nuestro objetivo es asegurarnos de que experimente una recuperaci\u00f3n \u00f3ptima y vuelva a vivir una vida saludable.<\/span><\/p>\n<h2><b>S\u00edntomas de la Ci\u00e1tica<\/b><\/h2>\n<p><span style=\"font-weight: 400;\">Debido a que vivir con un dolor inexplicable y sin tratar puede interrumpir su vida de innumerables maneras, diagnosticar y tratar una condici\u00f3n de salud dolorosa es la mejor manera de encontrar la atenci\u00f3n adecuada. Seg\u00fan la investigaci\u00f3n de la Cl\u00ednica Cleveland, los s\u00edntomas del da\u00f1o del nervio ci\u00e1tico incluyen:<\/span><\/p>\n<ul>\n<li><span style=\"font-weight: 400;\"> \u00a0 \u00a0 <\/span><span style=\"font-weight: 400;\">Dolor que se irradia a trav\u00e9s de la espalda, las piernas y los gl\u00fateos<\/span><\/li>\n<li><span style=\"font-weight: 400;\"> \u00a0 \u00a0 <\/span><span style=\"font-weight: 400;\">Entumecimiento y hormigueo en las piernas<\/span><\/li>\n<li><span style=\"font-weight: 400;\"> \u00a0 \u00a0 <\/span><span style=\"font-weight: 400;\">Debilidad muscular en toda la zona afectada<\/span><\/li>\n<\/ul>\n<p><span style=\"font-weight: 400;\">Tambi\u00e9n puede experimentar un dolor intenso. Es posible que utilicemos un examen f\u00edsico, radiograf\u00edas, otros ex\u00e1menes por im\u00e1genes y una evaluaci\u00f3n de su sistema nervioso para diagnosticar su afecci\u00f3n. Debido a que el nervio ci\u00e1tico es el m\u00e1s largo de su cuerpo, su curaci\u00f3n puede proporcionar un alivio inconmensurable.<\/span><\/p>\n<p><span data-sheets-value=\"{&quot;1&quot;:2,&quot;2&quot;:&quot;&lt;div class=&quot;buttons&quot;&gt;\n        &lt;a class=&quot;content-number mid-page-call-click-button&quot; href=&quot;tel:2393699109&quot;&gt;Call us Now - 239-369-9109&lt;\/a&gt;\n        &lt;a class=&quot;content-number mid-page-form-click-button&quot; id=&quot;second-button&quot; href=&quot;#elementor-action%3Aaction%3Dpopup%3Aopen%26settings%3DeyJpZCI6MTkxOSwidG9nZ2xlIjpmYWxzZX0%3D&quot;&gt;Contact Us!&lt;\/a&gt;\n    &lt;\/div&gt;&quot;}\" data-sheets-userformat=\"{&quot;2&quot;:513,&quot;3&quot;:{&quot;1&quot;:0},&quot;12&quot;:0}\"><div class=\"buttons\">\n        <a class=\"content-number mid-page-call-click-button\" href=\"tel:2393699109\">Call us Now - 239-369-9109<\/a>\n        <a class=\"content-number mid-page-form-click-button\" id=\"second-button\" href=\"#elementor-action%3Aaction%3Dpopup%3Aopen%26settings%3DeyJpZCI6MTkxOSwidG9nZ2xlIjpmYWxzZX0%3D\">Contact Us!<\/a>\n    <\/div><\/span><\/p>\n<h2><b>Lo que Dicen Nuestros Pacientes Sobre Nuestra Pr\u00e1ctica<\/b><\/h2>\n<p><span style=\"font-weight: 400;\">El dolor y las limitaciones f\u00edsicas de la ci\u00e1tica pueden dificultar la vida cotidiana y las tareas rutinarias. Cuando viene a recibir tratamiento, merece sentirse bienvenido y c\u00f3modo desde el principio. Desde hacerlo sentir c\u00f3modo en nuestra sala de espera hasta dise\u00f1ar un plan personalizado para tratar su ci\u00e1tica, lo tratamos como una persona, no como un cuadro.<\/span><\/p>\n<p><span style=\"font-weight: 400;\">Los pacientes a los que hemos ayudado en el pasado dijeron lo siguiente sobre nuestros servicios:<\/span><\/p>\n<blockquote><p><span style=\"font-weight: 400;\">&#8220;\u00a1Amo este lugar! El Dr. Rivera es maravilloso y tambi\u00e9n lo son todos en la oficina. Me dol\u00eda mucho la parte baja de la espalda cuando entr\u00e9. En un per\u00edodo de tiempo muy corto, me sent\u00eda bien y volv\u00ed a la normalidad&#8230; \u00a1Son geniales!\u201d \u2014 B\u00e1rbara Montellanico<\/span><\/p>\n<p><span style=\"font-weight: 400;\">\u201cTodos parecen intentar hacer todo lo posible para que su experiencia sea lo m\u00e1s placentera posible. Tienen una gran comunicaci\u00f3n y explican lo que est\u00e1n haciendo y por qu\u00e9. Todo el mundo&#8230; all\u00ed parece disfrutar sinceramente de su trabajo y de interactuar con sus clientes&#8230; No te equivocar\u00e1s eligiendo ir all\u00ed&#8221;. \u2014Tony Swanson<\/span><\/p>\n<p><span style=\"font-weight: 400;\">&#8220;Dr. Brittany fue muy agradable junto con el personal de la oficina.\u201d \u2014 Sarah pila<\/span><\/p><\/blockquote>\n<p><span style=\"font-weight: 400;\">Nuestro personal lo trata a usted y a todos los pacientes que atendemos con cortes\u00eda y respeto. Cuando est\u00e9 listo para aliviar la ci\u00e1tica, nuestro equipo estar\u00e1 listo para ofrecerle la ayuda y el apoyo quiropr\u00e1ctico que necesita.<\/span><\/p>\n<h2><b>Programe una Cita para Comenzar a Tratar su Ci\u00e1tica Hoy<\/b><\/h2>\n<p><span style=\"font-weight: 400;\">Nuestro equipo quiropr\u00e1ctico en Fort Myers puede ayudarlo a crear un plan de tratamiento de ci\u00e1tica personalizado para aliviar su malestar y movimiento limitado. Obtenga m\u00e1s informaci\u00f3n sobre c\u00f3mo recuperar su estilo de vida y su capacidad f\u00edsica cuando se comunique con uno de los miembros de nuestro equipo. Llame <\/span><a href=\"https:\/\/sc-chiro.com\/es\/\"><span style=\"font-weight: 400;\">a Specific Care Chiropractic<\/span><\/a><span style=\"font-weight: 400;\"> al <a href=\"tel:239-369-9109\">239-369-9109<\/a> hoy.<\/span><\/p>\n","protected":false},"excerpt":{"rendered":"<p>Vivir con dolor de ci\u00e1tica puede significar limitaciones en su estilo de vida, actividades y niveles de energ\u00eda. Nuestros ajustes quiropr\u00e1cticos y tratamientos de fisioterapia pueden ayudarte a vivir una vida plena y saludable nuevamente. Nuestros planes de tratamiento innovadores identifican d\u00f3nde se produce la presi\u00f3n sobre el nervio ci\u00e1tico y d\u00f3nde se produce el [&hellip;]<\/p>\n","protected":false},"author":36,"featured_media":0,"parent":4013,"menu_order":0,"comment_status":"closed","ping_status":"closed","template":"","meta":{"_acf_changed":false,"footnotes":""},"categories":[78],"tags":[69],"class_list":["post-4078","page","type-page","status-publish","hentry","category-fort-myers-ubicacion","tag-ciatica"],"acf":[],"_links":{"self":[{"href":"https:\/\/wp-staging-a9mhabeca4.pairsite.com\/es\/wp-json\/wp\/v2\/pages\/4078","targetHints":{"allow":["GET"]}}],"collection":[{"href":"https:\/\/wp-staging-a9mhabeca4.pairsite.com\/es\/wp-json\/wp\/v2\/pages"}],"about":[{"href":"https:\/\/wp-staging-a9mhabeca4.pairsite.com\/es\/wp-json\/wp\/v2\/types\/page"}],"author":[{"embeddable":true,"href":"https:\/\/wp-staging-a9mhabeca4.pairsite.com\/es\/wp-json\/wp\/v2\/users\/36"}],"replies":[{"embeddable":true,"href":"https:\/\/wp-staging-a9mhabeca4.pairsite.com\/es\/wp-json\/wp\/v2\/comments?post=4078"}],"version-history":[{"count":0,"href":"https:\/\/wp-staging-a9mhabeca4.pairsite.com\/es\/wp-json\/wp\/v2\/pages\/4078\/revisions"}],"up":[{"embeddable":true,"href":"https:\/\/wp-staging-a9mhabeca4.pairsite.com\/es\/wp-json\/wp\/v2\/pages\/4013"}],"wp:attachment":[{"href":"https:\/\/wp-staging-a9mhabeca4.pairsite.com\/es\/wp-json\/wp\/v2\/media?parent=4078"}],"wp:term":[{"taxonomy":"category","embeddable":true,"href":"https:\/\/wp-staging-a9mhabeca4.pairsite.com\/es\/wp-json\/wp\/v2\/categories?post=4078"},{"taxonomy":"post_tag","embeddable":true,"href":"https:\/\/wp-staging-a9mhabeca4.pairsite.com\/es\/wp-json\/wp\/v2\/tags?post=4078"}],"curies":[{"name":"wp","href":"https:\/\/api.w.org\/{rel}","templated":true}]}}