{"id":4079,"date":"2021-11-15T18:24:11","date_gmt":"2021-11-15T18:24:11","guid":{"rendered":"https:\/\/qod-scchiro.local\/fort-myers\/scoliosis-treatment\/"},"modified":"2023-11-01T21:48:55","modified_gmt":"2023-11-01T21:48:55","slug":"tratamiento-escoliosis","status":"publish","type":"page","link":"https:\/\/wp-staging-a9mhabeca4.pairsite.com\/es\/fort-myers\/tratamiento-escoliosis\/","title":{"rendered":"Tratamiento de la Escoliosis de Fort Myers"},"content":{"rendered":"<p><span style=\"font-weight: 400;\">La escoliosis afecta la columna haciendo que se curve hacia un lado. Esta anomal\u00eda puede provocar dolor cr\u00f3nico y otras complicaciones de salud si no se trata. Muchas personas muestran signos de escoliosis en la adolescencia y pueden recibir un diagn\u00f3stico durante este per\u00edodo. Sin embargo, la escoliosis tambi\u00e9n puede desarrollarse m\u00e1s adelante como efecto secundario de otra enfermedad o lesi\u00f3n.<\/span><\/p>\n<p><span style=\"font-weight: 400;\">Si usted o un ser querido desarrollaron escoliosis y ahora sufren dolor de espalda cr\u00f3nico y otros efectos secundarios negativos, puede programar una cita en nuestras instalaciones de Fort Myers. Podr\u00eda hablar con uno de nuestros m\u00e9dicos.<\/span><\/p>\n<p><span style=\"font-weight: 400;\">En Specific Care Chiropractic, ofrecemos tratamiento para la escoliosis de Fort Myers. Esto puede implicar <\/span><a href=\"https:\/\/sc-chiro.com\/es\/fort-myers\/ajustes-quiropracticos\/\"><span style=\"font-weight: 400;\">ajustes quiropr\u00e1cticos<\/span><\/a><span style=\"font-weight: 400;\"> y fisioterapia.<\/span><span style=\"font-weight: 400;\">\u00a0<\/span><\/p>\n<p><span style=\"font-weight: 400;\">\t\t<div data-elementor-type=\"section\" data-elementor-id=\"3935\" class=\"elementor elementor-3935\" data-elementor-post-type=\"elementor_library\">\n\t\t\t\t\t<section class=\"elementor-section elementor-top-section elementor-element elementor-element-bef2904 elementor-section-boxed elementor-section-height-default elementor-section-height-default\" data-id=\"bef2904\" data-element_type=\"section\">\n\t\t\t\t\t\t<div class=\"elementor-container elementor-column-gap-default\">\n\t\t\t\t\t<div class=\"elementor-column elementor-col-100 elementor-top-column elementor-element elementor-element-57dcad5 section-toc\" data-id=\"57dcad5\" data-element_type=\"column\">\n\t\t\t<div class=\"elementor-widget-wrap elementor-element-populated\">\n\t\t\t\t\t\t<div class=\"elementor-element elementor-element-0c49dfc elementor-toc--minimized-on-tablet elementor-widget elementor-widget-table-of-contents\" data-id=\"0c49dfc\" data-element_type=\"widget\" data-settings=\"{&quot;exclude_headings_by_selector&quot;:&quot;.toc-remove&quot;,&quot;headings_by_tags&quot;:[&quot;h2&quot;,&quot;h3&quot;,&quot;h4&quot;,&quot;h5&quot;,&quot;h6&quot;],&quot;marker_view&quot;:&quot;numbers&quot;,&quot;no_headings_message&quot;:&quot;No se ha encontrado ning\\u00fan encabezado en esta p\\u00e1gina.&quot;,&quot;minimize_box&quot;:&quot;yes&quot;,&quot;minimized_on&quot;:&quot;tablet&quot;,&quot;hierarchical_view&quot;:&quot;yes&quot;,&quot;min_height&quot;:{&quot;unit&quot;:&quot;px&quot;,&quot;size&quot;:&quot;&quot;,&quot;sizes&quot;:[]},&quot;min_height_tablet&quot;:{&quot;unit&quot;:&quot;px&quot;,&quot;size&quot;:&quot;&quot;,&quot;sizes&quot;:[]},&quot;min_height_mobile&quot;:{&quot;unit&quot;:&quot;px&quot;,&quot;size&quot;:&quot;&quot;,&quot;sizes&quot;:[]}}\" data-widget_type=\"table-of-contents.default\">\n\t\t\t\t<div class=\"elementor-widget-container\">\n\t\t\t\t\t<div class=\"elementor-toc__header\">\n\t\t\t<h4 class=\"elementor-toc__header-title\">\n\t\t\t\tTabla de Contenidos\t\t\t<\/h4>\n\t\t\t\t\t\t\t<div class=\"elementor-toc__toggle-button elementor-toc__toggle-button--expand\" role=\"button\" tabindex=\"0\" aria-controls=\"elementor-toc__0c49dfc\" aria-expanded=\"true\" aria-label=\"Abrir la tabla de contenidos\"><i aria-hidden=\"true\" class=\"fas fa-chevron-down\"><\/i><\/div>\n\t\t\t\t<div class=\"elementor-toc__toggle-button elementor-toc__toggle-button--collapse\" role=\"button\" tabindex=\"0\" aria-controls=\"elementor-toc__0c49dfc\" aria-expanded=\"true\" aria-label=\"Cerrar la tabla de contenidos\"><i aria-hidden=\"true\" class=\"fas fa-chevron-up\"><\/i><\/div>\n\t\t\t\t\t<\/div>\n\t\t<div id=\"elementor-toc__0c49dfc\" class=\"elementor-toc__body\">\n\t\t\t<div class=\"elementor-toc__spinner-container\">\n\t\t\t\t<i class=\"elementor-toc__spinner eicon-animation-spin eicon-loading\" aria-hidden=\"true\"><\/i>\t\t\t<\/div>\n\t\t<\/div>\n\t\t\t\t<\/div>\n\t\t\t\t<\/div>\n\t\t\t\t\t<\/div>\n\t\t<\/div>\n\t\t\t\t\t<\/div>\n\t\t<\/section>\n\t\t\t\t<\/div>\n\t\t<\/span><\/p>\n<h2><b>Diagnosticamos la gravedad de su escoliosis antes de prescribir el tratamiento<\/b><\/h2>\n<p><span style=\"font-weight: 400;\">Cuando acuda a su primera cita en Specific Care Chiropractic, tomaremos medidas para diagnosticar su escoliosis y evaluar la gravedad de su afecci\u00f3n. Esto puede implicar:<\/span><\/p>\n<h3><b>Llenar un cuestionario de historial m\u00e9dico<\/b><\/h3>\n<p><span style=\"font-weight: 400;\">Queremos saber la siguiente informaci\u00f3n:<\/span><\/p>\n<ul>\n<li><span style=\"font-weight: 400;\"> \u00a0 \u00a0 <\/span><span style=\"font-weight: 400;\">Si ya ha visto a un especialista en ortopedia sobre su escoliosis<\/span><\/li>\n<li><span style=\"font-weight: 400;\"> \u00a0 \u00a0 <\/span><span style=\"font-weight: 400;\">Si su familia tiene antecedentes de escoliosis<\/span><\/li>\n<\/ul>\n<p><span style=\"font-weight: 400;\">Tambi\u00e9n puede enumerar cualquier otra condici\u00f3n de salud que pueda tener, ya que ciertas condiciones pueden causar escoliosis, como infecciones de la columna o distrofia muscular.<\/span><\/p>\n<h3><b>Realizaci\u00f3n de exploraciones de rayos X<\/b><\/h3>\n<p><span style=\"font-weight: 400;\">A menudo solicitamos a nuestros pacientes que se hagan ex\u00e1menes de rayos X para observar su lesi\u00f3n o condici\u00f3n m\u00e1s profundamente. Al revisar estas im\u00e1genes, nuestro personal puede evaluar la gravedad de la curvatura de su columna. Podr\u00eda decirnos si otras condiciones subyacentes pueden haber causado su escoliosis, como una lesi\u00f3n en la m\u00e9dula espinal.<\/span><\/p>\n<h3><b>Hablar contigo en una consulta<\/b><\/h3>\n<p><span style=\"font-weight: 400;\">Finalmente, uno de nuestros m\u00e9dicos hablar\u00e1 con usted en una consulta para evaluar qu\u00e9 tipo de s\u00edntomas ha experimentado, como dolor de espalda cr\u00f3nico, inflamaci\u00f3n o movilidad limitada. Su m\u00e9dico tambi\u00e9n puede preguntarle m\u00e1s sobre el cuestionario que complet\u00f3 para confirmar la informaci\u00f3n antes de diagnosticarlo.<\/span><\/p>\n<p><span data-sheets-value=\"{&quot;1&quot;:2,&quot;2&quot;:&quot;&lt;div class=&quot;buttons&quot;&gt;\n        &lt;a class=&quot;content-number mid-page-call-click-button&quot; href=&quot;tel:2393699109&quot;&gt;Call us Now - 239-369-9109&lt;\/a&gt;\n        &lt;a class=&quot;content-number mid-page-form-click-button&quot; id=&quot;second-button&quot; href=&quot;#elementor-action%3Aaction%3Dpopup%3Aopen%26settings%3DeyJpZCI6MTkxOSwidG9nZ2xlIjpmYWxzZX0%3D&quot;&gt;Contact Us!&lt;\/a&gt;\n    &lt;\/div&gt;&quot;}\" data-sheets-userformat=\"{&quot;2&quot;:513,&quot;3&quot;:{&quot;1&quot;:0},&quot;12&quot;:0}\"><div class=\"buttons\">\n        <a class=\"content-number mid-page-call-click-button\" href=\"tel:2393699109\">Call us Now - 239-369-9109<\/a>\n        <a class=\"content-number mid-page-form-click-button\" id=\"second-button\" href=\"#elementor-action%3Aaction%3Dpopup%3Aopen%26settings%3DeyJpZCI6MTkxOSwidG9nZ2xlIjpmYWxzZX0%3D\">Contact Us!<\/a>\n    <\/div><\/span><\/p>\n<h2><b>\u00bfQu\u00e9 factores considera al evaluar la escoliosis?<\/b><\/h2>\n<p><span style=\"font-weight: 400;\">Nuestros m\u00e9dicos consideran los siguientes factores al evaluar su condici\u00f3n de escoliosis:<\/span><\/p>\n<h3><b>La gravedad de la desalineaci\u00f3n de su columna vertebral<\/b><\/h3>\n<p><span style=\"font-weight: 400;\">Nuestros m\u00e9dicos revisar\u00e1n la curvatura de su columna para determinar si puede haber da\u00f1o en los nervios. Esto puede alterar el tipo de tratamiento que prescribamos al inicio de su rehabilitaci\u00f3n.<\/span><\/p>\n<h3><b>Integraci\u00f3n sensoriomotora (SMI)<\/b><\/h3>\n<p><span style=\"font-weight: 400;\">Algunos pacientes con escoliosis pierden gradualmente la integraci\u00f3n sensoriomotora, que es la comunicaci\u00f3n neuronal entre el cuerpo y el cerebro. Esto podr\u00eda ocurrir si su escoliosis causa compresi\u00f3n nerviosa, lo que resulta en da\u00f1o.<\/span><\/p>\n<p><span style=\"font-weight: 400;\">Para evaluar su SMI, nuestro equipo puede pedirle que realice una serie de pruebas de equilibrio a lo largo de su rehabilitaci\u00f3n. Usaremos sus resultados para dictar qu\u00e9 terapias usar.<\/span><\/p>\n<h3><b>Si su escoliosis es el resultado de una enfermedad o una lesi\u00f3n<\/b><\/h3>\n<p><span style=\"font-weight: 400;\">Si su escoliosis se debe a una lesi\u00f3n, primero podr\u00edamos concentrarnos en curar esa lesi\u00f3n para ver si su escoliosis disminuye. Al hacerlo, es posible que pueda evitar tener que someterse a una cirug\u00eda para curar la lesi\u00f3n y su afecci\u00f3n de la columna.<\/span><\/p>\n<p><img fetchpriority=\"high\" decoding=\"async\" class=\"alignnone wp-image-3356 size-full\" src=\"https:\/\/sc-chiro.com\/wp-content\/uploads\/2021\/11\/Fort-Myers-scoliosis-treatment.jpg\" alt=\"Fort Myers scoliosis treatment, chiropractor treats young woman\" width=\"500\" height=\"333\" srcset=\"https:\/\/wp-staging-a9mhabeca4.pairsite.com\/wp-content\/uploads\/2021\/11\/Fort-Myers-scoliosis-treatment.jpg 500w, https:\/\/wp-staging-a9mhabeca4.pairsite.com\/wp-content\/uploads\/2021\/11\/Fort-Myers-scoliosis-treatment-300x200.jpg 300w\" sizes=\"(max-width: 500px) 100vw, 500px\" \/><\/p>\n<h2><b>Nuestros quiropr\u00e1cticos utilizan t\u00e9cnicas de manipulaci\u00f3n de la columna para tratar pacientes con escoliosis<\/b><\/h2>\n<p><span style=\"font-weight: 400;\">La manipulaci\u00f3n de la columna consiste en aplicar empujes r\u00e1pidos y contundentes contra la m\u00e9dula espinal para ajustar las v\u00e9rtebras individuales y alinearlas. Esta forma de atenci\u00f3n quiropr\u00e1ctica puede ayudar a los pacientes con escoliosis a enderezar la m\u00e9dula espinal. Dicho tratamiento puede aliviar el dolor y la incomodidad de un paciente.<\/span><\/p>\n<p><span style=\"font-weight: 400;\">Nuestros quiropr\u00e1cticos est\u00e1n capacitados en diversas t\u00e9cnicas de ajuste, que incluyen:<\/span><\/p>\n<ul>\n<li><span style=\"font-weight: 400;\"> \u00a0 \u00a0 <\/span><span style=\"font-weight: 400;\">Diversificado<\/span><\/li>\n<li><span style=\"font-weight: 400;\"> \u00a0 \u00a0 <\/span><span style=\"font-weight: 400;\">T\u00e9cnica de mesa abatible de Thompson<\/span><\/li>\n<li><span style=\"font-weight: 400;\"> \u00a0 \u00a0 <\/span><span style=\"font-weight: 400;\">Alternar retroceso<\/span><\/li>\n<li><span style=\"font-weight: 400;\"> \u00a0 \u00a0 <\/span><span style=\"font-weight: 400;\">postura lateral<\/span><\/li>\n<li><span style=\"font-weight: 400;\"> \u00a0 \u00a0 <\/span><span style=\"font-weight: 400;\">rodilla-pecho<\/span><\/li>\n<li><span style=\"font-weight: 400;\"> \u00a0 \u00a0 <\/span><span style=\"font-weight: 400;\">Sentado diversificado<\/span><\/li>\n<li><span style=\"font-weight: 400;\"> \u00a0 \u00a0 <\/span><span style=\"font-weight: 400;\">T\u00e9cnica sacro-occipital (SOT)<\/span><\/li>\n<li><span style=\"font-weight: 400;\"> \u00a0 \u00a0 <\/span><span style=\"font-weight: 400;\">Activador<\/span><\/li>\n<li><span style=\"font-weight: 400;\"> \u00a0 \u00a0 <\/span><span style=\"font-weight: 400;\">Manipulaci\u00f3n manual de extremidades<\/span><\/li>\n<\/ul>\n<p><span style=\"font-weight: 400;\">Cada t\u00e9cnica tiene sus propios beneficios, siendo algunas t\u00e9cnicas m\u00e1s adecuadas para ciertas lesiones o s\u00edntomas de dolor. Por ejemplo, si su escoliosis le provoca un dolor intenso en la parte baja de la espalda, puede beneficiarse de los ajustes de postura lateral o diversificados sentados en la columna.<\/span><\/p>\n<p><span style=\"font-weight: 400;\">Nuestros m\u00e9dicos que tratan a pacientes de Fort Myers pueden explicar sus t\u00e9cnicas de ajuste con m\u00e1s detalle durante sus sesiones. Nuestro equipo deber\u00e1 revisar los resultados de su prueba para examinar la gravedad de su escoliosis. Entonces, la mayor\u00eda de los pacientes comienzan los ajustes quiropr\u00e1cticos en su segunda cita.<\/span><\/p>\n<h2><b>La fisioterapia puede aliviar el dolor entre las sesiones de ajuste<\/b><\/h2>\n<p><span style=\"font-weight: 400;\">Nuestro equipo quiropr\u00e1ctico tambi\u00e9n ofrece fisioterapia para ayudar a nuestros pacientes a fortalecerse mientras reparan el tejido da\u00f1ado a lo largo de la m\u00e9dula espinal. Nuestras terapias incluyen:<\/span><\/p>\n<ul>\n<li><span style=\"font-weight: 400;\"> \u00a0 \u00a0 <\/span><span style=\"font-weight: 400;\">cuidado correctivo<\/span><\/li>\n<li><span style=\"font-weight: 400;\"> \u00a0 \u00a0 <\/span><span style=\"font-weight: 400;\">terapia de rehabilitaci\u00f3n<\/span><\/li>\n<li><span style=\"font-weight: 400;\"> \u00a0 \u00a0 <\/span><span style=\"font-weight: 400;\">Terapia de ejercicios de estiramiento y fortalecimiento<\/span><\/li>\n<li><span style=\"font-weight: 400;\"> \u00a0 \u00a0 <\/span><span style=\"font-weight: 400;\">Terapia de Masajes<\/span><\/li>\n<li><span style=\"font-weight: 400;\"> \u00a0 \u00a0 <\/span><span style=\"font-weight: 400;\">terapia de ultrasonido<\/span><\/li>\n<li><span style=\"font-weight: 400;\"> \u00a0 \u00a0 <\/span><span style=\"font-weight: 400;\">Terapia de electroestimulaci\u00f3n muscular (E-STIM)<\/span><\/li>\n<\/ul>\n<p><span style=\"font-weight: 400;\">Los planes de fisioterapia a menudo cambian para satisfacer las necesidades del paciente. Seguiremos siendo transparentes sobre los objetivos de salud que esperamos lograr, incluida la probabilidad de que alcance una recuperaci\u00f3n total.<\/span><\/p>\n<h2><b>La atenci\u00f3n quiropr\u00e1ctica puede ayudar a los pacientes con escoliosis a evitar tener que someterse a una cirug\u00eda de espalda<\/b><\/h2>\n<p><span style=\"font-weight: 400;\">Muchas personas buscan atenci\u00f3n quiropr\u00e1ctica para evitar tener que someterse a una cirug\u00eda ortop\u00e9dica. La atenci\u00f3n quiropr\u00e1ctica puede ser un m\u00e9todo de tratamiento eficaz para el control del dolor. Sin embargo, todav\u00eda no se considera una cura, como concluy\u00f3 un estudio de 2013 publicado en <\/span><a href=\"https:\/\/www.ncbi.nlm.nih.gov\/pmc\/articles\/PMC3675366\/\"><i><span style=\"font-weight: 400;\">Scoliosis<\/span><\/i><\/a><span style=\"font-weight: 400;\">.<\/span><\/p>\n<p><span style=\"font-weight: 400;\">Sin embargo, hay beneficios al usar la atenci\u00f3n quiropr\u00e1ctica como un m\u00e9todo de tratamiento complementario para su escoliosis:<\/span><\/p>\n<ul>\n<li><span style=\"font-weight: 400;\"> \u00a0 \u00a0 <\/span><span style=\"font-weight: 400;\">La fisioterapia puede ayudar a los pacientes a recuperar la movilidad de la columna y del cuerpo en general, como concluy\u00f3 un estudio de 2011 publicado en el <\/span><a href=\"https:\/\/www.ncbi.nlm.nih.gov\/pmc\/articles\/PMC3259989\/\"><i><span style=\"font-weight: 400;\">Journal of Chiropractic Medicine<\/span><\/i><\/a><span style=\"font-weight: 400;\">.<\/span><\/li>\n<li><span style=\"font-weight: 400;\"> \u00a0 \u00a0 <\/span><span style=\"font-weight: 400;\">Un estudio publicado en el <\/span><a href=\"https:\/\/pubmed.ncbi.nlm.nih.gov\/18673077\/\"><i><span style=\"font-weight: 400;\">Journal of Alternative and Complementary Medicine<\/span><\/i><\/a><span style=\"font-weight: 400;\"> encontr\u00f3 que si interviene en pacientes adolescentes con escoliosis al brindar atenci\u00f3n quiropr\u00e1ctica, podr\u00eda reducir en gran medida su necesidad de someterse a una cirug\u00eda de columna m\u00e1s adelante en la vida.<\/span><\/li>\n<li><span style=\"font-weight: 400;\"> \u00a0 \u00a0 <\/span><span style=\"font-weight: 400;\">La manipulaci\u00f3n de la columna y la fisioterapia pueden ayudar a los pacientes con escoliosis a aumentar su flexibilidad y funcionalidad, permiti\u00e9ndoles volver a sus actividades habituales.<\/span><\/li>\n<\/ul>\n<p><span data-sheets-value=\"{&quot;1&quot;:2,&quot;2&quot;:&quot;&lt;div class=&quot;buttons&quot;&gt;\n        &lt;a class=&quot;content-number mid-page-call-click-button&quot; href=&quot;tel:2393699109&quot;&gt;Call us Now - 239-369-9109&lt;\/a&gt;\n        &lt;a class=&quot;content-number mid-page-form-click-button&quot; id=&quot;second-button&quot; href=&quot;#elementor-action%3Aaction%3Dpopup%3Aopen%26settings%3DeyJpZCI6MTkxOSwidG9nZ2xlIjpmYWxzZX0%3D&quot;&gt;Contact Us!&lt;\/a&gt;\n    &lt;\/div&gt;&quot;}\" data-sheets-userformat=\"{&quot;2&quot;:513,&quot;3&quot;:{&quot;1&quot;:0},&quot;12&quot;:0}\"><div class=\"buttons\">\n        <a class=\"content-number mid-page-call-click-button\" href=\"tel:2393699109\">Call us Now - 239-369-9109<\/a>\n        <a class=\"content-number mid-page-form-click-button\" id=\"second-button\" href=\"#elementor-action%3Aaction%3Dpopup%3Aopen%26settings%3DeyJpZCI6MTkxOSwidG9nZ2xlIjpmYWxzZX0%3D\">Contact Us!<\/a>\n    <\/div><\/span><\/p>\n<h2><b>Obtenga tratamiento para la escoliosis de Fort Myers en Specific Care Chiropractic<\/b><\/h2>\n<p><span style=\"font-weight: 400;\">Si usted o un ser querido tiene escoliosis y experimenta dolor de espalda intenso como efecto secundario, nuestros quiropr\u00e1cticos en <\/span><a href=\"https:\/\/sc-chiro.com\/es\/\"><span style=\"font-weight: 400;\">Specific Care Chiropractic<\/span><\/a><span style=\"font-weight: 400;\"> podr\u00edan tratar su afecci\u00f3n. Nuestro equipo quiere realinear su columna vertebral en su posici\u00f3n correcta.<\/span><span style=\"font-weight: 400;\">\u00a0<\/span><\/p>\n<p><span style=\"font-weight: 400;\">Ya sea que est\u00e9 buscando mejorar su postura o tratar la inflamaci\u00f3n, nuestro centro puede crear un plan de tratamiento que lo ayude a lograr sus objetivos de salud. Llame al <a href=\"tel:239-369-9109\">239-369-9109<\/a> hoy para programar su primera cita de tratamiento de escoliosis en nuestra <\/span><a href=\"https:\/\/sc-chiro.com\/es\/fort-myers\/\"><span style=\"font-weight: 400;\">ubicaci\u00f3n de Fort Myers<\/span><\/a><span style=\"font-weight: 400;\"> cerca de Metro Park.<\/span><\/p>\n","protected":false},"excerpt":{"rendered":"<p>La escoliosis afecta la columna haciendo que se curve hacia un lado. Esta anomal\u00eda puede provocar dolor cr\u00f3nico y otras complicaciones de salud si no se trata. Muchas personas muestran signos de escoliosis en la adolescencia y pueden recibir un diagn\u00f3stico durante este per\u00edodo. Sin embargo, la escoliosis tambi\u00e9n puede desarrollarse m\u00e1s adelante como efecto [&hellip;]<\/p>\n","protected":false},"author":36,"featured_media":6000,"parent":4013,"menu_order":0,"comment_status":"closed","ping_status":"closed","template":"","meta":{"_acf_changed":false,"footnotes":""},"categories":[78],"tags":[70],"class_list":["post-4079","page","type-page","status-publish","has-post-thumbnail","hentry","category-fort-myers-ubicacion","tag-escoliosis"],"acf":[],"_links":{"self":[{"href":"https:\/\/wp-staging-a9mhabeca4.pairsite.com\/es\/wp-json\/wp\/v2\/pages\/4079","targetHints":{"allow":["GET"]}}],"collection":[{"href":"https:\/\/wp-staging-a9mhabeca4.pairsite.com\/es\/wp-json\/wp\/v2\/pages"}],"about":[{"href":"https:\/\/wp-staging-a9mhabeca4.pairsite.com\/es\/wp-json\/wp\/v2\/types\/page"}],"author":[{"embeddable":true,"href":"https:\/\/wp-staging-a9mhabeca4.pairsite.com\/es\/wp-json\/wp\/v2\/users\/36"}],"replies":[{"embeddable":true,"href":"https:\/\/wp-staging-a9mhabeca4.pairsite.com\/es\/wp-json\/wp\/v2\/comments?post=4079"}],"version-history":[{"count":0,"href":"https:\/\/wp-staging-a9mhabeca4.pairsite.com\/es\/wp-json\/wp\/v2\/pages\/4079\/revisions"}],"up":[{"embeddable":true,"href":"https:\/\/wp-staging-a9mhabeca4.pairsite.com\/es\/wp-json\/wp\/v2\/pages\/4013"}],"wp:featuredmedia":[{"embeddable":true,"href":"https:\/\/wp-staging-a9mhabeca4.pairsite.com\/es\/wp-json\/wp\/v2\/media\/6000"}],"wp:attachment":[{"href":"https:\/\/wp-staging-a9mhabeca4.pairsite.com\/es\/wp-json\/wp\/v2\/media?parent=4079"}],"wp:term":[{"taxonomy":"category","embeddable":true,"href":"https:\/\/wp-staging-a9mhabeca4.pairsite.com\/es\/wp-json\/wp\/v2\/categories?post=4079"},{"taxonomy":"post_tag","embeddable":true,"href":"https:\/\/wp-staging-a9mhabeca4.pairsite.com\/es\/wp-json\/wp\/v2\/tags?post=4079"}],"curies":[{"name":"wp","href":"https:\/\/api.w.org\/{rel}","templated":true}]}}