{"id":4081,"date":"2021-10-12T13:36:03","date_gmt":"2021-10-12T13:36:03","guid":{"rendered":"https:\/\/qod-scchiro.local\/fort-myers\/whiplash-treatment\/"},"modified":"2023-11-01T20:02:16","modified_gmt":"2023-11-01T20:02:16","slug":"tratamiento-latigazo-cervical","status":"publish","type":"page","link":"https:\/\/wp-staging-a9mhabeca4.pairsite.com\/es\/fort-myers\/tratamiento-latigazo-cervical\/","title":{"rendered":"Tratamiento de Latigazo Cervical de Fort Myers"},"content":{"rendered":"<p><span style=\"font-weight: 400;\">Si un accidente lo dej\u00f3 con un caso de latigazo cervical que le dificulta la vida diaria, podemos ayudarlo. Nuestro equipo le mostrar\u00e1 c\u00f3mo la atenci\u00f3n quiropr\u00e1ctica combinada con masajes y terapias de rehabilitaci\u00f3n puede aliviar el dolor, la rigidez, el movimiento limitado y otros s\u00edntomas preocupantes que est\u00e1 experimentando.<\/span><\/p>\n<p><span style=\"font-weight: 400;\">No tienes que vivir con el dolor implacable y las limitaciones del latigazo cervical o luchar solo para encontrar una soluci\u00f3n. En Specific Care Chiropractic, nuestro <\/span><a href=\"https:\/\/sc-chiro.com\/es\/fort-myers\/\"><span style=\"font-weight: 400;\">equipo de tratamiento de latigazo cervical de Fort Myers<\/span><\/a><span style=\"font-weight: 400;\"> lo ayudar\u00e1 a explorar nuestra amplia gama de tratamientos y elegir el camino correcto para sus necesidades de atenci\u00f3n m\u00e9dica.<\/span><\/p>\n<p><span style=\"font-weight: 400;\">\t\t<div data-elementor-type=\"section\" data-elementor-id=\"3935\" class=\"elementor elementor-3935\" data-elementor-post-type=\"elementor_library\">\n\t\t\t\t\t<section class=\"elementor-section elementor-top-section elementor-element elementor-element-bef2904 elementor-section-boxed elementor-section-height-default elementor-section-height-default\" data-id=\"bef2904\" data-element_type=\"section\">\n\t\t\t\t\t\t<div class=\"elementor-container elementor-column-gap-default\">\n\t\t\t\t\t<div class=\"elementor-column elementor-col-100 elementor-top-column elementor-element elementor-element-57dcad5 section-toc\" data-id=\"57dcad5\" data-element_type=\"column\">\n\t\t\t<div class=\"elementor-widget-wrap elementor-element-populated\">\n\t\t\t\t\t\t<div class=\"elementor-element elementor-element-0c49dfc elementor-toc--minimized-on-tablet elementor-widget elementor-widget-table-of-contents\" data-id=\"0c49dfc\" data-element_type=\"widget\" data-settings=\"{&quot;exclude_headings_by_selector&quot;:&quot;.toc-remove&quot;,&quot;headings_by_tags&quot;:[&quot;h2&quot;,&quot;h3&quot;,&quot;h4&quot;,&quot;h5&quot;,&quot;h6&quot;],&quot;marker_view&quot;:&quot;numbers&quot;,&quot;no_headings_message&quot;:&quot;No se ha encontrado ning\\u00fan encabezado en esta p\\u00e1gina.&quot;,&quot;minimize_box&quot;:&quot;yes&quot;,&quot;minimized_on&quot;:&quot;tablet&quot;,&quot;hierarchical_view&quot;:&quot;yes&quot;,&quot;min_height&quot;:{&quot;unit&quot;:&quot;px&quot;,&quot;size&quot;:&quot;&quot;,&quot;sizes&quot;:[]},&quot;min_height_tablet&quot;:{&quot;unit&quot;:&quot;px&quot;,&quot;size&quot;:&quot;&quot;,&quot;sizes&quot;:[]},&quot;min_height_mobile&quot;:{&quot;unit&quot;:&quot;px&quot;,&quot;size&quot;:&quot;&quot;,&quot;sizes&quot;:[]}}\" data-widget_type=\"table-of-contents.default\">\n\t\t\t\t<div class=\"elementor-widget-container\">\n\t\t\t\t\t<div class=\"elementor-toc__header\">\n\t\t\t<h4 class=\"elementor-toc__header-title\">\n\t\t\t\tTabla de Contenidos\t\t\t<\/h4>\n\t\t\t\t\t\t\t<div class=\"elementor-toc__toggle-button elementor-toc__toggle-button--expand\" role=\"button\" tabindex=\"0\" aria-controls=\"elementor-toc__0c49dfc\" aria-expanded=\"true\" aria-label=\"Abrir la tabla de contenidos\"><i aria-hidden=\"true\" class=\"fas fa-chevron-down\"><\/i><\/div>\n\t\t\t\t<div class=\"elementor-toc__toggle-button elementor-toc__toggle-button--collapse\" role=\"button\" tabindex=\"0\" aria-controls=\"elementor-toc__0c49dfc\" aria-expanded=\"true\" aria-label=\"Cerrar la tabla de contenidos\"><i aria-hidden=\"true\" class=\"fas fa-chevron-up\"><\/i><\/div>\n\t\t\t\t\t<\/div>\n\t\t<div id=\"elementor-toc__0c49dfc\" class=\"elementor-toc__body\">\n\t\t\t<div class=\"elementor-toc__spinner-container\">\n\t\t\t\t<i class=\"elementor-toc__spinner eicon-animation-spin eicon-loading\" aria-hidden=\"true\"><\/i>\t\t\t<\/div>\n\t\t<\/div>\n\t\t\t\t<\/div>\n\t\t\t\t<\/div>\n\t\t\t\t\t<\/div>\n\t\t<\/div>\n\t\t\t\t\t<\/div>\n\t\t<\/section>\n\t\t\t\t<\/div>\n\t\t<\/span><\/p>\n<h2><b>C\u00f3mo se eval\u00faan y diagnostican las lesiones por latigazo cervical<\/b><\/h2>\n<p><span style=\"font-weight: 400;\">Las lesiones por latigazo cervical no tratadas pueden empeorar con el tiempo, lo que hace que el diagn\u00f3stico r\u00e1pido sea fundamental para minimizar el dolor. No dude en solicitar una evaluaci\u00f3n si estuvo involucrado en una ca\u00edda, accidente automovil\u00edstico o deportivo y tiene uno o m\u00e1s de los <\/span><a href=\"https:\/\/my.clevelandclinic.org\/health\/diseases\/11982-whiplash-neck-strain-neck-sprain\"><span style=\"font-weight: 400;\">siguientes s\u00edntomas<\/span><\/a><span style=\"font-weight: 400;\"> :<\/span><\/p>\n<ul>\n<li><span style=\"font-weight: 400;\"> \u00a0 \u00a0 <\/span><span style=\"font-weight: 400;\">Dolor de cuello y hombro<\/span><\/li>\n<li><span style=\"font-weight: 400;\"> \u00a0 \u00a0 <\/span><span style=\"font-weight: 400;\">Rigidez de cuello y hombros<\/span><\/li>\n<li><span style=\"font-weight: 400;\"> \u00a0 \u00a0 <\/span><span style=\"font-weight: 400;\">Dolores de cabeza inexplicables<\/span><\/li>\n<li><span style=\"font-weight: 400;\"> \u00a0 \u00a0 <\/span><span style=\"font-weight: 400;\">Una incapacidad para rotar el cuello.<\/span><\/li>\n<\/ul>\n<p><span style=\"font-weight: 400;\">Algunos pacientes tambi\u00e9n pueden experimentar mareos, incapacidad para enfocar o concentrarse, o visi\u00f3n borrosa. Hacemos muchas preguntas durante su primera cita con nosotros y escuchamos sus respuestas para llegar a la ra\u00edz de su condici\u00f3n antes de realizar cualquier examen. Despu\u00e9s de evaluar su lesi\u00f3n, podemos recetarle un curso de tratamiento para ayudarlo a recuperar su salud y felicidad.<\/span><\/p>\n<p><span data-sheets-value=\"{&quot;1&quot;:2,&quot;2&quot;:&quot;&lt;div class=&quot;buttons&quot;&gt;\n        &lt;a class=&quot;content-number mid-page-call-click-button&quot; href=&quot;tel:2393699109&quot;&gt;Call us Now - 239-369-9109&lt;\/a&gt;\n        &lt;a class=&quot;content-number mid-page-form-click-button&quot; id=&quot;second-button&quot; href=&quot;#elementor-action%3Aaction%3Dpopup%3Aopen%26settings%3DeyJpZCI6MTkxOSwidG9nZ2xlIjpmYWxzZX0%3D&quot;&gt;Contact Us!&lt;\/a&gt;\n    &lt;\/div&gt;&quot;}\" data-sheets-userformat=\"{&quot;2&quot;:513,&quot;3&quot;:{&quot;1&quot;:0},&quot;12&quot;:0}\"><div class=\"buttons\">\n        <a class=\"content-number mid-page-call-click-button\" href=\"tel:2393699109\">Call us Now - 239-369-9109<\/a>\n        <a class=\"content-number mid-page-form-click-button\" id=\"second-button\" href=\"#elementor-action%3Aaction%3Dpopup%3Aopen%26settings%3DeyJpZCI6MTkxOSwidG9nZ2xlIjpmYWxzZX0%3D\">Contact Us!<\/a>\n    <\/div><\/span><\/p>\n<h2><b>Desarrollo de su Plan de Tratamiento de Latigazo Cervical en Fort Myers<\/b><\/h2>\n<p><span style=\"font-weight: 400;\">Su cita inicial nos ayudar\u00e1 a conocernos y comprendernos mejor. Aprender\u00e1 sobre nuestras instalaciones, personal y opciones de tratamiento mientras nuestro equipo aprende sobre usted, su lesi\u00f3n y su estilo de vida. Durante su primera cita, haremos lo siguiente:<\/span><\/p>\n<ul>\n<li><span style=\"font-weight: 400;\"> \u00a0 \u00a0 <\/span><span style=\"font-weight: 400;\">Re\u00fana un historial m\u00e9dico completo y papeleo adicional<\/span><\/li>\n<li><span style=\"font-weight: 400;\"> \u00a0 \u00a0 <\/span><span style=\"font-weight: 400;\">Pregunte acerca de sus s\u00edntomas, incluida su cronolog\u00eda y gravedad.<\/span><\/li>\n<li><span style=\"font-weight: 400;\"> \u00a0 \u00a0 <\/span><span style=\"font-weight: 400;\">Realizar un examen f\u00edsico con atenci\u00f3n adicional a su lesi\u00f3n.<\/span><\/li>\n<li><span style=\"font-weight: 400;\"> \u00a0 \u00a0 <\/span><span style=\"font-weight: 400;\">Realizar otros ex\u00e1menes de laboratorio, de diagn\u00f3stico y de im\u00e1genes seg\u00fan sea necesario<\/span><\/li>\n<\/ul>\n<p><span style=\"font-weight: 400;\">Despu\u00e9s de su examen, nos tomamos el tiempo para explicar nuestros hallazgos y recomendar los siguientes pasos. Nuestro equipo tambi\u00e9n trabaja dentro de su horario para programar citas posteriores y revisar resultados de pruebas adicionales. Queremos que tenga una comprensi\u00f3n integral de su lesi\u00f3n y nuestro curso de tratamiento recomendado.<\/span><\/p>\n<h2><b>Nuestros Protocolos de Tratamiento para Lesiones por Latigazo Cervical<\/b><\/h2>\n<p><span style=\"font-weight: 400;\">Seg\u00fan la investigaci\u00f3n de Mayo Clinic, el <\/span><a href=\"https:\/\/www.mayoclinic.org\/diseases-conditions\/whiplash\/symptoms-causes\/syc-20378921\"><span style=\"font-weight: 400;\">latigazo cervical<\/span><\/a><span style=\"font-weight: 400;\"> es el resultado de movimientos violentos, en\u00e9rgicos y repetitivos que se asemejan a un l\u00e1tigo restallando en el aire. Los accidentes automovil\u00edsticos, especialmente los accidentes traseros, son a menudo la causa del latigazo cervical. Otras causas pueden incluir:<\/span><a href=\"https:\/\/translate.google.com\/translate?hl=es&amp;prev=_t&amp;sl=en&amp;tl=es&amp;u=https:\/\/www.mayoclinic.org\/diseases-conditions\/whiplash\/symptoms-causes\/syc-20378921\"><span style=\"font-weight: 400;\">\u00a0<\/span><\/a><\/p>\n<ul>\n<li><span style=\"font-weight: 400;\"> \u00a0 \u00a0 <\/span><span style=\"font-weight: 400;\">accidentes deportivos<\/span><\/li>\n<li><span style=\"font-weight: 400;\"> \u00a0 \u00a0 <\/span><span style=\"font-weight: 400;\">Abuso f\u00edsico<\/span><\/li>\n<li><span style=\"font-weight: 400;\"> \u00a0 \u00a0 <\/span><span style=\"font-weight: 400;\">Accidentes por resbalones y ca\u00eddas<\/span><\/li>\n<\/ul>\n<p><span style=\"font-weight: 400;\">Algunas personas que sufren de latigazo cervical se recuperan en semanas o meses, mientras que otras sufren durante a\u00f1os. Independientemente del tiempo que haya enfrentado el dolor y la inmovilidad de una lesi\u00f3n por latigazo cervical, nuestro equipo de quiropr\u00e1ctica de atenci\u00f3n espec\u00edfica puede ayudarlo.<\/span><\/p>\n<p><span style=\"font-weight: 400;\">Despu\u00e9s de un examen, nuestro equipo de atenci\u00f3n quiropr\u00e1ctica en Fort Myers le recomendar\u00e1 un tratamiento de latigazo cervical personalizado. Nuestro objetivo es asegurarnos de que comprenda completamente los servicios que ofrecemos para que pueda tomar una decisi\u00f3n informada sobre su atenci\u00f3n m\u00e9dica.<\/span><\/p>\n<p><img fetchpriority=\"high\" decoding=\"async\" class=\"alignnone wp-image-3239 size-full\" src=\"https:\/\/sc-chiro.com\/wp-content\/uploads\/2021\/10\/Fort-Myers-whiplash-treatment.jpg\" alt=\"Physical therapist massages woman\u2019s neck Fort Myers whiplash treatment\" width=\"500\" height=\"333\" srcset=\"https:\/\/wp-staging-a9mhabeca4.pairsite.com\/wp-content\/uploads\/2021\/10\/Fort-Myers-whiplash-treatment.jpg 500w, https:\/\/wp-staging-a9mhabeca4.pairsite.com\/wp-content\/uploads\/2021\/10\/Fort-Myers-whiplash-treatment-300x200.jpg 300w\" sizes=\"(max-width: 500px) 100vw, 500px\" \/><\/p>\n<h2><b>Beneficios de la terapia de masaje<\/b><\/h2>\n<p><span style=\"font-weight: 400;\">El latigazo cervical puede causar m\u00e1s que dolores y molestias f\u00edsicas, tambi\u00e9n puede aumentar el estr\u00e9s y la frustraci\u00f3n. Hay muchos beneficios para la salud del masaje en el tratamiento de lesiones por latigazo cervical, que incluyen:<\/span><\/p>\n<ul>\n<li><span style=\"font-weight: 400;\"> \u00a0 \u00a0 <\/span><span style=\"font-weight: 400;\">Reducci\u00f3n de estr\u00e9s<\/span><\/li>\n<li><span style=\"font-weight: 400;\"> \u00a0 \u00a0 <\/span><span style=\"font-weight: 400;\">Alivio del dolor<\/span><\/li>\n<li><span style=\"font-weight: 400;\"> \u00a0 \u00a0 <\/span><span style=\"font-weight: 400;\">alivio de tensi\u00f3n<\/span><\/li>\n<li><span style=\"font-weight: 400;\"> \u00a0 \u00a0 <\/span><span style=\"font-weight: 400;\">Relajaci\u00f3n<\/span><\/li>\n<\/ul>\n<p><span style=\"font-weight: 400;\">La terapia de masaje puede ayudar a nuestro equipo a enfocarse en sitios de dolor espec\u00edficos e incluso puede conducir a una funci\u00f3n inmunol\u00f3gica mejorada. Cuando incluyamos esta terapia como parte de su plan de tratamiento, le explicaremos sus beneficios y ventajas adicionales.<\/span><\/p>\n<h2><b>Beneficios de la terapia de rehabilitaci\u00f3n<\/b><\/h2>\n<p><span style=\"font-weight: 400;\">Debido al da\u00f1o que causa el latigazo cervical en los m\u00fasculos de su cuello, podemos sugerirle que tambi\u00e9n trabaje con el equipo de salud y bienestar en nuestra sala de rehabilitaci\u00f3n. Est\u00e1n especialmente capacitados para garantizar que aprenda los principios de la fisioterapia. El tratamiento incluir\u00e1 mostrarle c\u00f3mo realizar una variedad de ejercicios beneficiosos para restaurar el rango de movimiento y la movilidad a un ritmo f\u00e1cil.<\/span><\/p>\n<h2><b>Ajustes quiropr\u00e1cticos y atenci\u00f3n correctiva<\/b><\/h2>\n<p><span style=\"font-weight: 400;\">Cuando el latigazo cervical es el resultado de una columna vertebral desalineada, nuestro equipo recomendar\u00e1 ajustes manuales para ayudar con la realineaci\u00f3n. Si tiene problemas con brotes ocasionales, tambi\u00e9n podemos recomendar ajustes repetidos o atenci\u00f3n correctiva adicional.<\/span><\/p>\n<p><span style=\"font-weight: 400;\">La respuesta de su cuerpo a los tratamientos iniciales nos ayudar\u00e1 a tomar estas determinaciones en el futuro. Como parte de la atenci\u00f3n correctiva y continua, tambi\u00e9n podemos ense\u00f1arle varios estiramientos y ejercicios de fortalecimiento.<\/span><\/p>\n<h2><b>Lea lo que dicen los pacientes sobre nuestros servicios de atenci\u00f3n m\u00e9dica en Fort Myers<\/b><\/h2>\n<p><span style=\"font-weight: 400;\">Nuestro equipo ha ayudado a pacientes lesionados en accidentes automovil\u00edsticos y ca\u00eddas accidentales que provocan lesiones incapacitantes. Cuando hablan de trabajar con nuestra pr\u00e1ctica, los pacientes anteriores dicen:<\/span><\/p>\n<blockquote><p><span style=\"font-weight: 400;\">\u201cMD Rivera es incre\u00edble\u2026 Siento que definitivamente siempre colocan al paciente en primer lugar, un sentimiento muy c\u00e1lido al tener que trabajar con esta pr\u00e1ctica. No es divertido estar herido o tener dolor. Estaba llorando cuando entr\u00e9 y ahora estoy mejor\u2026 y todo es gracias a ellos\u201d. \u2014 Zakiyyah G<\/span><\/p>\n<p><span style=\"font-weight: 400;\">\u201cGran lugar con un personal incre\u00edble! \u00a1Los m\u00e9dicos son amables y s\u00faper amables! Me siento muy bien despu\u00e9s de mi primer ajuste.\u201d \u2014Tommy Amaro<\/span><\/p>\n<p><span style=\"font-weight: 400;\">\u201cGrandes doctores y personal. Escuchan y desarrollan un plan de tratamiento para ayudarlo a sentirse mejor. Tambi\u00e9n fueron geniales con mis hijos.\u201d \u2014 Brandy Reale<\/span><\/p><\/blockquote>\n<p><span style=\"font-weight: 400;\">Nuestro equipo de medicina quiropr\u00e1ctica conoce la conexi\u00f3n mente\/cuerpo que conduce a una buena atenci\u00f3n m\u00e9dica, por lo que lo incluimos en cada decisi\u00f3n que tomamos. Nuestros m\u00e9dicos y personal est\u00e1n comprometidos a brindar una excelente atenci\u00f3n m\u00e9dica en un ambiente c\u00e1lido y de apoyo para cada paciente que atendemos.<\/span><\/p>\n<p><span data-sheets-value=\"{&quot;1&quot;:2,&quot;2&quot;:&quot;&lt;div class=&quot;buttons&quot;&gt;\n        &lt;a class=&quot;content-number mid-page-call-click-button&quot; href=&quot;tel:2393699109&quot;&gt;Call us Now - 239-369-9109&lt;\/a&gt;\n        &lt;a class=&quot;content-number mid-page-form-click-button&quot; id=&quot;second-button&quot; href=&quot;#elementor-action%3Aaction%3Dpopup%3Aopen%26settings%3DeyJpZCI6MTkxOSwidG9nZ2xlIjpmYWxzZX0%3D&quot;&gt;Contact Us!&lt;\/a&gt;\n    &lt;\/div&gt;&quot;}\" data-sheets-userformat=\"{&quot;2&quot;:513,&quot;3&quot;:{&quot;1&quot;:0},&quot;12&quot;:0}\"><div class=\"buttons\">\n        <a class=\"content-number mid-page-call-click-button\" href=\"tel:2393699109\">Call us Now - 239-369-9109<\/a>\n        <a class=\"content-number mid-page-form-click-button\" id=\"second-button\" href=\"#elementor-action%3Aaction%3Dpopup%3Aopen%26settings%3DeyJpZCI6MTkxOSwidG9nZ2xlIjpmYWxzZX0%3D\">Contact Us!<\/a>\n    <\/div><\/span><\/p>\n<h2><b>Obtenga M\u00e1s Informaci\u00f3n Sobre el Tratamiento de su Lesi\u00f3n por Latigazo Cervical en Fort Myers Hoy<\/b><\/h2>\n<p><span style=\"font-weight: 400;\">Si tiene dificultades para sobrellevar una lesi\u00f3n por latigazo cervical, nuestro equipo quiropr\u00e1ctico puede ayudarlo a encontrar el alivio que restablece su salud. Conozca nuestros protocolos de tratamiento de latigazo cervical en Fort Myers comunic\u00e1ndose con uno de los miembros de nuestro equipo <\/span><a href=\"https:\/\/sc-chiro.com\/es\/\"><span style=\"font-weight: 400;\">de quiropr\u00e1ctica de atenci\u00f3n espec\u00edfica<\/span><\/a><span style=\"font-weight: 400;\"> al <a href=\"tel:239-369-9109\">239-369-9109<\/a> hoy.<\/span><\/p>\n","protected":false},"excerpt":{"rendered":"<p>Si un accidente lo dej\u00f3 con un caso de latigazo cervical que le dificulta la vida diaria, podemos ayudarlo. Nuestro equipo le mostrar\u00e1 c\u00f3mo la atenci\u00f3n quiropr\u00e1ctica combinada con masajes y terapias de rehabilitaci\u00f3n puede aliviar el dolor, la rigidez, el movimiento limitado y otros s\u00edntomas preocupantes que est\u00e1 experimentando. No tienes que vivir con [&hellip;]<\/p>\n","protected":false},"author":36,"featured_media":0,"parent":4013,"menu_order":0,"comment_status":"closed","ping_status":"closed","template":"","meta":{"_acf_changed":false,"footnotes":""},"categories":[78],"tags":[83],"class_list":["post-4081","page","type-page","status-publish","hentry","category-fort-myers-ubicacion","tag-whiplash-es"],"acf":[],"_links":{"self":[{"href":"https:\/\/wp-staging-a9mhabeca4.pairsite.com\/es\/wp-json\/wp\/v2\/pages\/4081","targetHints":{"allow":["GET"]}}],"collection":[{"href":"https:\/\/wp-staging-a9mhabeca4.pairsite.com\/es\/wp-json\/wp\/v2\/pages"}],"about":[{"href":"https:\/\/wp-staging-a9mhabeca4.pairsite.com\/es\/wp-json\/wp\/v2\/types\/page"}],"author":[{"embeddable":true,"href":"https:\/\/wp-staging-a9mhabeca4.pairsite.com\/es\/wp-json\/wp\/v2\/users\/36"}],"replies":[{"embeddable":true,"href":"https:\/\/wp-staging-a9mhabeca4.pairsite.com\/es\/wp-json\/wp\/v2\/comments?post=4081"}],"version-history":[{"count":0,"href":"https:\/\/wp-staging-a9mhabeca4.pairsite.com\/es\/wp-json\/wp\/v2\/pages\/4081\/revisions"}],"up":[{"embeddable":true,"href":"https:\/\/wp-staging-a9mhabeca4.pairsite.com\/es\/wp-json\/wp\/v2\/pages\/4013"}],"wp:attachment":[{"href":"https:\/\/wp-staging-a9mhabeca4.pairsite.com\/es\/wp-json\/wp\/v2\/media?parent=4081"}],"wp:term":[{"taxonomy":"category","embeddable":true,"href":"https:\/\/wp-staging-a9mhabeca4.pairsite.com\/es\/wp-json\/wp\/v2\/categories?post=4081"},{"taxonomy":"post_tag","embeddable":true,"href":"https:\/\/wp-staging-a9mhabeca4.pairsite.com\/es\/wp-json\/wp\/v2\/tags?post=4081"}],"curies":[{"name":"wp","href":"https:\/\/api.w.org\/{rel}","templated":true}]}}